{"id":569,"date":"2014-07-10T18:28:45","date_gmt":"2014-07-10T16:28:45","guid":{"rendered":"http:\/\/www.sefal.it\/prodotto\/morsettiera-44x42-89-perni-m4-2\/"},"modified":"2017-03-27T12:22:05","modified_gmt":"2017-03-27T10:22:05","slug":"morsettiera-44x42-89-perni-m4","status":"publish","type":"product","link":"https:\/\/www.sefal.it\/fr\/product\/morsettiera-44x42-89-perni-m4\/","title":{"rendered":"Plaque \u00e0 bornes 44&#215;42 \u00e0 8\/9 p\u00f4les M44"},"content":{"rendered":"<p>P\u00f4le standard en laiton. Sur demande en fer zingu\u00e9.<\/p>\n<p>Utiles pour alimenter les dispositifs auxiliaires (par exemple : le frein \u00e9lectromagn\u00e9tique \u00e0 courant continu, la ventilation assist\u00e9e, les thermoprotecteurs bim\u00e9talliques incorpor\u00e9s dans les enroulements du moteur, les sondes PTC, etc.), pour lesquels les normes interdisent les raccordements provisoires.<br \/>\nLe neuvi\u00e8me p\u00f4le sert pour les doubles tensions.<br \/>\nN.B. Le paraphe est au choix du client.<\/p>\n<table width=\"100%\" border=\"0\" cellspacing=\"0\" cellpadding=\"5\" bgcolor=\"#f5f5f5\">\n<tbody>\n<tr>\n<td><span style=\"font-family: verdana; font-size: xx-small;\"><b>CARACT\u00c9RISTIQUES TECHNIQUES<\/b><\/span><\/td>\n<\/tr>\n<\/tbody>\n<\/table>\n<p><img loading=\"lazy\" decoding=\"async\" alt=\"\" src=\"http:\/\/www.sefal.it\/immagini\/fr\/schede\/schema1\/44x42.gif\" width=\"377\" height=\"305\" border=\"0\" \/><\/p>\n<p>&nbsp;<\/p>\n<table width=\"100%\" border=\"0\" cellspacing=\"0\" cellpadding=\"5\" bgcolor=\"#f5f5f5\">\n<tbody>\n<tr>\n<td><span style=\"font-family: verdana; font-size: xx-small;\"><b>DESSINS TECHNIQUES DES P\u00d4LES ET DE LA MINUTERIE ET, SUR DEMANDE, NORMES DE R\u00c9F\u00c9RENCE<\/b><\/span><\/td>\n<\/tr>\n<\/tbody>\n<\/table>\n<p>&nbsp;<\/p>\n<table width=\"100%\" border=\"0\" cellspacing=\"2\" cellpadding=\"3\">\n<tbody>\n<tr>\n<td bgcolor=\"#f5f5f5\"><span style=\"font-family: verdana; font-size: xx-small;\">P\u00f4le M4<\/span><\/td>\n<td width=\"10\"><\/td>\n<td><span style=\"font-family: verdana; font-size: xx-small;\">Uni 5541-65 \/ 5542-65 \/ 4535-64<\/span><\/td>\n<\/tr>\n<tr>\n<td bgcolor=\"#f5f5f5\"><span style=\"font-family: verdana; font-size: xx-small;\">\u00c9crou M4<\/span><\/td>\n<td width=\"10\"><\/td>\n<td><span style=\"font-family: verdana; font-size: xx-small;\">Din 934 = Uni 5588<\/span><\/td>\n<\/tr>\n<tr>\n<td bgcolor=\"#f5f5f5\"><span style=\"font-family: verdana; font-size: xx-small;\">Rondelles M4<\/span><\/td>\n<td width=\"10\"><\/td>\n<td><span style=\"font-family: verdana; font-size: xx-small;\">Din 125 = Uni 6592<\/span><\/td>\n<\/tr>\n<tr>\n<td bgcolor=\"#f5f5f5\"><span style=\"font-family: verdana; font-size: xx-small;\">Plaques M4 entraxe 15 mm<\/span><\/td>\n<td width=\"10\"><\/td>\n<td><span style=\"font-family: verdana; font-size: xx-small;\">Aucune norme sp\u00e9cifique; pour le minimum ticknesses Din 125 est utilis\u00e9 comme \u00e9talon de r\u00e9f\u00e9rence<\/span><\/td>\n<\/tr>\n<tr>\n<td bgcolor=\"#f5f5f5\"><span style=\"font-family: verdana; font-size: xx-small;\">P\u00f4le charge de torsion<\/span><\/td>\n<td width=\"10\"><\/td>\n<td><span style=\"font-family: verdana; font-size: xx-small;\">2 N.m<\/span><\/td>\n<\/tr>\n<tr>\n<td bgcolor=\"#f5f5f5\"><span style=\"font-family: verdana; font-size: xx-small;\">Certifications UL<\/span><\/td>\n<td width=\"10\"><\/td>\n<td><span style=\"font-family: verdana; font-size: xx-small;\">File n\u00b0 E213748<\/span><\/td>\n<\/tr>\n<\/tbody>\n<\/table>\n<table width=\"100%\" border=\"0\" cellspacing=\"0\" cellpadding=\"5\" bgcolor=\"#f5f5f5\">\n<tbody>\n<tr>\n<td><span style=\"font-family: verdana; font-size: xx-small;\"><b>MINUTERIE M\u00c9TALLIQUE EN ACCESSOIRE<\/b><\/span><\/td>\n<\/tr>\n<\/tbody>\n<\/table>\n<p>La composition de l\u2019accessoire variera en fonction de vos demandes et de vos besoins. Dans tous les cas, l\u2019accessoire peut \u00eatre fourni sous forme d\u2019emballage unique ou dans des sachets s\u00e9par\u00e9s.<\/p>\n<p style=\"text-align: center;\"><a href=\"http:\/\/www.sefal.it\/wp-content\/uploads\/2014\/07\/morsettiere-50x50.jpg\"><img loading=\"lazy\" decoding=\"async\" class=\"alignnone size-full wp-image-375\" alt=\"morsettiere-50x50\" src=\"http:\/\/www.sefal.it\/wp-content\/uploads\/2014\/07\/morsettiere-50x50.jpg\" width=\"377\" height=\"116\" srcset=\"https:\/\/www.sefal.it\/wp-content\/uploads\/2014\/07\/morsettiere-50x50.jpg 377w, https:\/\/www.sefal.it\/wp-content\/uploads\/2014\/07\/morsettiere-50x50-375x116.jpg 375w, https:\/\/www.sefal.it\/wp-content\/uploads\/2014\/07\/morsettiere-50x50-300x92.jpg 300w, https:\/\/www.sefal.it\/wp-content\/uploads\/2014\/07\/morsettiere-50x50-120x36.jpg 120w\" sizes=\"auto, (max-width: 377px) 100vw, 377px\" \/><\/a><a href=\"http:\/\/www.sefal.it\/wp-content\/uploads\/2014\/07\/morsettiera-dati-tecnici-2-44x42.gif\"><img loading=\"lazy\" decoding=\"async\" class=\"alignnone size-full wp-image-442\" alt=\"morsettiera-dati-tecnici-2-44x42\" src=\"http:\/\/www.sefal.it\/wp-content\/uploads\/2014\/07\/morsettiera-dati-tecnici-2-44x42.gif\" width=\"513\" height=\"359\" \/><\/a><\/p>\n<p><a href=\"http:\/\/www.sefal.it\/wp-content\/uploads\/2014\/07\/morsettiera-pdf-44x42.pdf\" target=\"_blank\"><img decoding=\"async\" class=\"alignnone size-full wp-image-571\" alt=\"pdf download\" src=\"http:\/\/www.sefal.it\/wp-content\/uploads\/2014\/07\/pdf-download.jpg\" \/><\/a><\/p>\n","protected":false},"excerpt":{"rendered":"<p>P\u00f4le standard en laiton. Sur demande en fer zingu\u00e9. Utiles pour alimenter les dispositifs auxiliaires (par exemple : le frein \u00e9lectromagn\u00e9tique \u00e0 courant continu, la ventilation assist\u00e9e, les thermoprotecteurs bim\u00e9talliques&#8230;<\/p>\n","protected":false},"featured_media":812,"comment_status":"closed","ping_status":"closed","template":"","meta":[],"product_brand":[],"product_cat":[53],"product_tag":[],"class_list":{"0":"post-569","1":"product","2":"type-product","3":"status-publish","4":"has-post-thumbnail","6":"product_cat-plaques-a-bornes-a-89-poles","8":"first","9":"instock","10":"shipping-taxable","11":"product-type-simple"},"yoast_head":"<!-- This site is optimized with the Yoast SEO plugin v27.1.1 - https:\/\/yoast.com\/product\/yoast-seo-wordpress\/ -->\n<title>Plaque \u00e0 bornes 44x42 \u00e0 8\/9 p\u00f4les M44 - Sefal Production S.r.l. - Produzione Morsettiere<\/title>\n<meta name=\"description\" content=\"Terminal Blocks production Italy, Asynchronous electric motor, Top Plug for electric motor P\u00f4le standard en laiton. Sur demande en fer zingu\u00e9. Utiles pour alimenter les dispositifs auxiliaires (par exemple : le frein \u00e9lectromagn\u00e9tique \u00e0 courant\" \/>\n<meta name=\"robots\" content=\"index, follow, max-snippet:-1, max-image-preview:large, max-video-preview:-1\" \/>\n<link rel=\"canonical\" href=\"https:\/\/www.sefal.it\/product\/morsettiera-44x42-89-perni-m4\/\" \/>\n<meta property=\"og:locale\" content=\"fr_FR\" \/>\n<meta property=\"og:type\" content=\"article\" \/>\n<meta property=\"og:title\" content=\"Plaque \u00e0 bornes 44x42 \u00e0 8\/9 p\u00f4les M44 - Sefal Production S.r.l. - Produzione Morsettiere\" \/>\n<meta property=\"og:description\" content=\"Terminal Blocks production Italy, Asynchronous electric motor, Top Plug for electric motor P\u00f4le standard en laiton. Sur demande en fer zingu\u00e9. Utiles pour alimenter les dispositifs auxiliaires (par exemple : le frein \u00e9lectromagn\u00e9tique \u00e0 courant\" \/>\n<meta property=\"og:url\" content=\"https:\/\/www.sefal.it\/product\/morsettiera-44x42-89-perni-m4\/\" \/>\n<meta property=\"og:site_name\" content=\"Sefal Production S.r.l. - Produzione Morsettiere\" \/>\n<meta property=\"article:modified_time\" content=\"2017-03-27T10:22:05+00:00\" \/>\n<meta property=\"og:image\" content=\"https:\/\/www.sefal.it\/wp-content\/uploads\/2014\/07\/44x42-M4-9perni.jpg\" \/>\n\t<meta property=\"og:image:width\" content=\"500\" \/>\n\t<meta property=\"og:image:height\" content=\"500\" \/>\n\t<meta property=\"og:image:type\" content=\"image\/jpeg\" \/>\n<meta name=\"twitter:label1\" content=\"Dur\u00e9e de lecture estim\u00e9e\" \/>\n\t<meta name=\"twitter:data1\" content=\"1 minute\" \/>\n<script type=\"application\/ld+json\" class=\"yoast-schema-graph\">{\"@context\":\"https:\/\/schema.org\",\"@graph\":[{\"@type\":\"WebPage\",\"@id\":\"https:\/\/www.sefal.it\/product\/morsettiera-44x42-89-perni-m4\/\",\"url\":\"https:\/\/www.sefal.it\/product\/morsettiera-44x42-89-perni-m4\/\",\"name\":\"Plaque \u00e0 bornes 44x42 \u00e0 8\/9 p\u00f4les M44 - Sefal Production S.r.l. - Produzione Morsettiere\",\"isPartOf\":{\"@id\":\"https:\/\/www.sefal.it\/#website\"},\"primaryImageOfPage\":{\"@id\":\"https:\/\/www.sefal.it\/product\/morsettiera-44x42-89-perni-m4\/#primaryimage\"},\"image\":{\"@id\":\"https:\/\/www.sefal.it\/product\/morsettiera-44x42-89-perni-m4\/#primaryimage\"},\"thumbnailUrl\":\"https:\/\/www.sefal.it\/wp-content\/uploads\/2014\/07\/44x42-M4-9perni.jpg\",\"datePublished\":\"2014-07-10T16:28:45+00:00\",\"dateModified\":\"2017-03-27T10:22:05+00:00\",\"description\":\"Terminal Blocks production Italy, Asynchronous electric motor, Top Plug for electric motor P\u00f4le standard en laiton. Sur demande en fer zingu\u00e9. Utiles pour alimenter les dispositifs auxiliaires (par exemple : le frein \u00e9lectromagn\u00e9tique \u00e0 courant\",\"breadcrumb\":{\"@id\":\"https:\/\/www.sefal.it\/product\/morsettiera-44x42-89-perni-m4\/#breadcrumb\"},\"inLanguage\":\"fr-FR\",\"potentialAction\":[{\"@type\":\"ReadAction\",\"target\":[\"https:\/\/www.sefal.it\/product\/morsettiera-44x42-89-perni-m4\/\"]}]},{\"@type\":\"ImageObject\",\"inLanguage\":\"fr-FR\",\"@id\":\"https:\/\/www.sefal.it\/product\/morsettiera-44x42-89-perni-m4\/#primaryimage\",\"url\":\"https:\/\/www.sefal.it\/wp-content\/uploads\/2014\/07\/44x42-M4-9perni.jpg\",\"contentUrl\":\"https:\/\/www.sefal.it\/wp-content\/uploads\/2014\/07\/44x42-M4-9perni.jpg\",\"width\":500,\"height\":500},{\"@type\":\"BreadcrumbList\",\"@id\":\"https:\/\/www.sefal.it\/product\/morsettiera-44x42-89-perni-m4\/#breadcrumb\",\"itemListElement\":[{\"@type\":\"ListItem\",\"position\":1,\"name\":\"Accueil\",\"item\":\"https:\/\/www.sefal.it\/\"},{\"@type\":\"ListItem\",\"position\":2,\"name\":\"Prodotti\",\"item\":\"https:\/\/www.sefal.it\/prodotti-2\/\"},{\"@type\":\"ListItem\",\"position\":3,\"name\":\"Plaque \u00e0 bornes 44&#215;42 \u00e0 8\/9 p\u00f4les M44\"}]},{\"@type\":\"WebSite\",\"@id\":\"https:\/\/www.sefal.it\/#website\",\"url\":\"https:\/\/www.sefal.it\/\",\"name\":\"Sefal Production S.r.l. - Produzione Morsettiere\",\"description\":\"Terminal Blocks production Italy, Asynchronous electric motor, Top Plug for electric motor\",\"potentialAction\":[{\"@type\":\"SearchAction\",\"target\":{\"@type\":\"EntryPoint\",\"urlTemplate\":\"https:\/\/www.sefal.it\/?s={search_term_string}\"},\"query-input\":{\"@type\":\"PropertyValueSpecification\",\"valueRequired\":true,\"valueName\":\"search_term_string\"}}],\"inLanguage\":\"fr-FR\"}]}<\/script>\n<!-- \/ Yoast SEO plugin. -->","yoast_head_json":{"title":"Plaque \u00e0 bornes 44x42 \u00e0 8\/9 p\u00f4les M44 - Sefal Production S.r.l. - Produzione Morsettiere","description":"Terminal Blocks production Italy, Asynchronous electric motor, Top Plug for electric motor P\u00f4le standard en laiton. Sur demande en fer zingu\u00e9. Utiles pour alimenter les dispositifs auxiliaires (par exemple : le frein \u00e9lectromagn\u00e9tique \u00e0 courant","robots":{"index":"index","follow":"follow","max-snippet":"max-snippet:-1","max-image-preview":"max-image-preview:large","max-video-preview":"max-video-preview:-1"},"canonical":"https:\/\/www.sefal.it\/product\/morsettiera-44x42-89-perni-m4\/","og_locale":"fr_FR","og_type":"article","og_title":"Plaque \u00e0 bornes 44x42 \u00e0 8\/9 p\u00f4les M44 - Sefal Production S.r.l. - Produzione Morsettiere","og_description":"Terminal Blocks production Italy, Asynchronous electric motor, Top Plug for electric motor P\u00f4le standard en laiton. Sur demande en fer zingu\u00e9. Utiles pour alimenter les dispositifs auxiliaires (par exemple : le frein \u00e9lectromagn\u00e9tique \u00e0 courant","og_url":"https:\/\/www.sefal.it\/product\/morsettiera-44x42-89-perni-m4\/","og_site_name":"Sefal Production S.r.l. - Produzione Morsettiere","article_modified_time":"2017-03-27T10:22:05+00:00","og_image":[{"width":500,"height":500,"url":"https:\/\/www.sefal.it\/wp-content\/uploads\/2014\/07\/44x42-M4-9perni.jpg","type":"image\/jpeg"}],"twitter_misc":{"Dur\u00e9e de lecture estim\u00e9e":"1 minute"},"schema":{"@context":"https:\/\/schema.org","@graph":[{"@type":"WebPage","@id":"https:\/\/www.sefal.it\/product\/morsettiera-44x42-89-perni-m4\/","url":"https:\/\/www.sefal.it\/product\/morsettiera-44x42-89-perni-m4\/","name":"Plaque \u00e0 bornes 44x42 \u00e0 8\/9 p\u00f4les M44 - Sefal Production S.r.l. - Produzione Morsettiere","isPartOf":{"@id":"https:\/\/www.sefal.it\/#website"},"primaryImageOfPage":{"@id":"https:\/\/www.sefal.it\/product\/morsettiera-44x42-89-perni-m4\/#primaryimage"},"image":{"@id":"https:\/\/www.sefal.it\/product\/morsettiera-44x42-89-perni-m4\/#primaryimage"},"thumbnailUrl":"https:\/\/www.sefal.it\/wp-content\/uploads\/2014\/07\/44x42-M4-9perni.jpg","datePublished":"2014-07-10T16:28:45+00:00","dateModified":"2017-03-27T10:22:05+00:00","description":"Terminal Blocks production Italy, Asynchronous electric motor, Top Plug for electric motor P\u00f4le standard en laiton. Sur demande en fer zingu\u00e9. Utiles pour alimenter les dispositifs auxiliaires (par exemple : le frein \u00e9lectromagn\u00e9tique \u00e0 courant","breadcrumb":{"@id":"https:\/\/www.sefal.it\/product\/morsettiera-44x42-89-perni-m4\/#breadcrumb"},"inLanguage":"fr-FR","potentialAction":[{"@type":"ReadAction","target":["https:\/\/www.sefal.it\/product\/morsettiera-44x42-89-perni-m4\/"]}]},{"@type":"ImageObject","inLanguage":"fr-FR","@id":"https:\/\/www.sefal.it\/product\/morsettiera-44x42-89-perni-m4\/#primaryimage","url":"https:\/\/www.sefal.it\/wp-content\/uploads\/2014\/07\/44x42-M4-9perni.jpg","contentUrl":"https:\/\/www.sefal.it\/wp-content\/uploads\/2014\/07\/44x42-M4-9perni.jpg","width":500,"height":500},{"@type":"BreadcrumbList","@id":"https:\/\/www.sefal.it\/product\/morsettiera-44x42-89-perni-m4\/#breadcrumb","itemListElement":[{"@type":"ListItem","position":1,"name":"Accueil","item":"https:\/\/www.sefal.it\/"},{"@type":"ListItem","position":2,"name":"Prodotti","item":"https:\/\/www.sefal.it\/prodotti-2\/"},{"@type":"ListItem","position":3,"name":"Plaque \u00e0 bornes 44&#215;42 \u00e0 8\/9 p\u00f4les M44"}]},{"@type":"WebSite","@id":"https:\/\/www.sefal.it\/#website","url":"https:\/\/www.sefal.it\/","name":"Sefal Production S.r.l. - Produzione Morsettiere","description":"Terminal Blocks production Italy, Asynchronous electric motor, Top Plug for electric motor","potentialAction":[{"@type":"SearchAction","target":{"@type":"EntryPoint","urlTemplate":"https:\/\/www.sefal.it\/?s={search_term_string}"},"query-input":{"@type":"PropertyValueSpecification","valueRequired":true,"valueName":"search_term_string"}}],"inLanguage":"fr-FR"}]}},"_links":{"self":[{"href":"https:\/\/www.sefal.it\/fr\/wp-json\/wp\/v2\/product\/569","targetHints":{"allow":["GET"]}}],"collection":[{"href":"https:\/\/www.sefal.it\/fr\/wp-json\/wp\/v2\/product"}],"about":[{"href":"https:\/\/www.sefal.it\/fr\/wp-json\/wp\/v2\/types\/product"}],"replies":[{"embeddable":true,"href":"https:\/\/www.sefal.it\/fr\/wp-json\/wp\/v2\/comments?post=569"}],"wp:featuredmedia":[{"embeddable":true,"href":"https:\/\/www.sefal.it\/fr\/wp-json\/wp\/v2\/media\/812"}],"wp:attachment":[{"href":"https:\/\/www.sefal.it\/fr\/wp-json\/wp\/v2\/media?parent=569"}],"wp:term":[{"taxonomy":"product_brand","embeddable":true,"href":"https:\/\/www.sefal.it\/fr\/wp-json\/wp\/v2\/product_brand?post=569"},{"taxonomy":"product_cat","embeddable":true,"href":"https:\/\/www.sefal.it\/fr\/wp-json\/wp\/v2\/product_cat?post=569"},{"taxonomy":"product_tag","embeddable":true,"href":"https:\/\/www.sefal.it\/fr\/wp-json\/wp\/v2\/product_tag?post=569"}],"curies":[{"name":"wp","href":"https:\/\/api.w.org\/{rel}","templated":true}]}}