{"id":470,"date":"2014-07-11T10:48:44","date_gmt":"2014-07-11T08:48:44","guid":{"rendered":"http:\/\/www.sefal.it\/prodotto\/connettore-rapido-per-morsetterie-2\/"},"modified":"2024-02-29T09:31:05","modified_gmt":"2024-02-29T08:31:05","slug":"connettore-rapido-per-morsetterie","status":"publish","type":"product","link":"https:\/\/www.sefal.it\/fr\/product\/connettore-rapido-per-morsetterie\/","title":{"rendered":"Connecteur rapide pour borniers"},"content":{"rendered":"<p>Connecteur rapide pour borniers de moteurs \u00e9lectriques asynchrones triphas\u00e9s et monophas\u00e9s pour applications de classe F ou H (selon IEC34-1) en basse tension (\u2264600V).<\/p>\n<p><a href=\"http:\/\/www.sefal.it\/wp-content\/uploads\/2014\/07\/topplug3.jpg\"><img loading=\"lazy\" decoding=\"async\" class=\"alignnone size-full wp-image-459\" src=\"http:\/\/www.sefal.it\/wp-content\/uploads\/2014\/07\/topplug3.jpg\" alt=\"topplug3\" width=\"210\" height=\"244\" srcset=\"https:\/\/www.sefal.it\/wp-content\/uploads\/2014\/07\/topplug3.jpg 210w, https:\/\/www.sefal.it\/wp-content\/uploads\/2014\/07\/topplug3-120x139.jpg 120w\" sizes=\"auto, (max-width: 210px) 100vw, 210px\" \/><\/a><a href=\"http:\/\/www.sefal.it\/wp-content\/uploads\/2014\/07\/topplug2.jpg\"><img loading=\"lazy\" decoding=\"async\" class=\"alignnone size-full wp-image-460\" src=\"http:\/\/www.sefal.it\/wp-content\/uploads\/2014\/07\/topplug2.jpg\" alt=\"topplug2\" width=\"210\" height=\"320\" srcset=\"https:\/\/www.sefal.it\/wp-content\/uploads\/2014\/07\/topplug2.jpg 210w, https:\/\/www.sefal.it\/wp-content\/uploads\/2014\/07\/topplug2-196x300.jpg 196w, https:\/\/www.sefal.it\/wp-content\/uploads\/2014\/07\/topplug2-120x182.jpg 120w\" sizes=\"auto, (max-width: 210px) 100vw, 210px\" \/><\/a><\/p>\n<p>Toute demande relative \u00e0 des types particuliers de connecteurs sera soumise et examin\u00e9e par notre Bureau d&rsquo;Etudes.<\/p>\n<p>TOP PLUG est un accessoire essentiel pour rendre le flux de travail au banc d&rsquo;essai s\u00fbr et extr\u00eamement rapide.<br \/>\nTOP PLUG se connecte en quelques secondes et gr\u00e2ce au levier de verrouillage il permet le mouvement ult\u00e9rieur du moteur sur l&rsquo;\u00e9tabli en toute s\u00e9curit\u00e9. Les parties \u00e9lectriques connect\u00e9es sont inaccessibles et ne peuvent donc cr\u00e9er aucun probl\u00e8me pour l&rsquo;op\u00e9rateur.<br \/>\nTOP PLUG est un choix s\u00fbr, il est enti\u00e8rement conforme aux normes de s\u00e9curit\u00e9 europ\u00e9ennes. Un petit accessoire dont vous ne pourrez plus vous passer.<\/p>\n","protected":false},"excerpt":{"rendered":"<p>Connecteur rapide pour borniers de moteurs \u00e9lectriques asynchrones triphas\u00e9s et monophas\u00e9s pour applications de classe F ou H (selon IEC34-1) en basse tension (\u2264600V). Toute demande relative \u00e0 des types&#8230;<\/p>\n","protected":false},"featured_media":1894,"comment_status":"closed","ping_status":"closed","template":"","meta":[],"product_brand":[],"product_cat":[43],"product_tag":[],"class_list":{"0":"post-470","1":"product","2":"type-product","3":"status-publish","4":"has-post-thumbnail","6":"product_cat-top-plug-fr","8":"first","9":"instock","10":"shipping-taxable","11":"product-type-simple"},"yoast_head":"<!-- This site is optimized with the Yoast SEO plugin v27.1.1 - https:\/\/yoast.com\/product\/yoast-seo-wordpress\/ -->\n<title>Connecteur rapide pour borniers - Sefal Production S.r.l. - Produzione Morsettiere<\/title>\n<meta name=\"description\" content=\"Terminal Blocks production Italy, Asynchronous electric motor, Top Plug for electric motor Connecteur rapide pour borniers de moteurs \u00e9lectriques asynchrones triphas\u00e9s et monophas\u00e9s pour applications de classe F ou H (selon IEC34-1) en basse\" \/>\n<meta name=\"robots\" content=\"index, follow, max-snippet:-1, max-image-preview:large, max-video-preview:-1\" \/>\n<link rel=\"canonical\" href=\"https:\/\/www.sefal.it\/product\/connettore-rapido-per-morsetterie\/\" \/>\n<meta property=\"og:locale\" content=\"fr_FR\" \/>\n<meta property=\"og:type\" content=\"article\" \/>\n<meta property=\"og:title\" content=\"Connecteur rapide pour borniers - Sefal Production S.r.l. - Produzione Morsettiere\" \/>\n<meta property=\"og:description\" content=\"Terminal Blocks production Italy, Asynchronous electric motor, Top Plug for electric motor Connecteur rapide pour borniers de moteurs \u00e9lectriques asynchrones triphas\u00e9s et monophas\u00e9s pour applications de classe F ou H (selon IEC34-1) en basse\" \/>\n<meta property=\"og:url\" content=\"https:\/\/www.sefal.it\/product\/connettore-rapido-per-morsetterie\/\" \/>\n<meta property=\"og:site_name\" content=\"Sefal Production S.r.l. - Produzione Morsettiere\" \/>\n<meta property=\"article:modified_time\" content=\"2024-02-29T08:31:05+00:00\" \/>\n<meta property=\"og:image\" content=\"https:\/\/www.sefal.it\/wp-content\/uploads\/2014\/07\/topplug-sefal-production.jpg\" \/>\n\t<meta property=\"og:image:width\" content=\"500\" \/>\n\t<meta property=\"og:image:height\" content=\"500\" \/>\n\t<meta property=\"og:image:type\" content=\"image\/jpeg\" \/>\n<meta name=\"twitter:label1\" content=\"Dur\u00e9e de lecture estim\u00e9e\" \/>\n\t<meta name=\"twitter:data1\" content=\"1 minute\" \/>\n<script type=\"application\/ld+json\" class=\"yoast-schema-graph\">{\"@context\":\"https:\/\/schema.org\",\"@graph\":[{\"@type\":\"WebPage\",\"@id\":\"https:\/\/www.sefal.it\/product\/connettore-rapido-per-morsetterie\/\",\"url\":\"https:\/\/www.sefal.it\/product\/connettore-rapido-per-morsetterie\/\",\"name\":\"Connecteur rapide pour borniers - Sefal Production S.r.l. - Produzione Morsettiere\",\"isPartOf\":{\"@id\":\"https:\/\/www.sefal.it\/#website\"},\"primaryImageOfPage\":{\"@id\":\"https:\/\/www.sefal.it\/product\/connettore-rapido-per-morsetterie\/#primaryimage\"},\"image\":{\"@id\":\"https:\/\/www.sefal.it\/product\/connettore-rapido-per-morsetterie\/#primaryimage\"},\"thumbnailUrl\":\"https:\/\/www.sefal.it\/wp-content\/uploads\/2014\/07\/topplug-sefal-production.jpg\",\"datePublished\":\"2014-07-11T08:48:44+00:00\",\"dateModified\":\"2024-02-29T08:31:05+00:00\",\"description\":\"Terminal Blocks production Italy, Asynchronous electric motor, Top Plug for electric motor Connecteur rapide pour borniers de moteurs \u00e9lectriques asynchrones triphas\u00e9s et monophas\u00e9s pour applications de classe F ou H (selon IEC34-1) en basse\",\"breadcrumb\":{\"@id\":\"https:\/\/www.sefal.it\/product\/connettore-rapido-per-morsetterie\/#breadcrumb\"},\"inLanguage\":\"fr-FR\",\"potentialAction\":[{\"@type\":\"ReadAction\",\"target\":[\"https:\/\/www.sefal.it\/product\/connettore-rapido-per-morsetterie\/\"]}]},{\"@type\":\"ImageObject\",\"inLanguage\":\"fr-FR\",\"@id\":\"https:\/\/www.sefal.it\/product\/connettore-rapido-per-morsetterie\/#primaryimage\",\"url\":\"https:\/\/www.sefal.it\/wp-content\/uploads\/2014\/07\/topplug-sefal-production.jpg\",\"contentUrl\":\"https:\/\/www.sefal.it\/wp-content\/uploads\/2014\/07\/topplug-sefal-production.jpg\",\"width\":500,\"height\":500},{\"@type\":\"BreadcrumbList\",\"@id\":\"https:\/\/www.sefal.it\/product\/connettore-rapido-per-morsetterie\/#breadcrumb\",\"itemListElement\":[{\"@type\":\"ListItem\",\"position\":1,\"name\":\"Accueil\",\"item\":\"https:\/\/www.sefal.it\/\"},{\"@type\":\"ListItem\",\"position\":2,\"name\":\"Prodotti\",\"item\":\"https:\/\/www.sefal.it\/prodotti-2\/\"},{\"@type\":\"ListItem\",\"position\":3,\"name\":\"Connecteur rapide pour borniers\"}]},{\"@type\":\"WebSite\",\"@id\":\"https:\/\/www.sefal.it\/#website\",\"url\":\"https:\/\/www.sefal.it\/\",\"name\":\"Sefal Production S.r.l. - Produzione Morsettiere\",\"description\":\"Terminal Blocks production Italy, Asynchronous electric motor, Top Plug for electric motor\",\"potentialAction\":[{\"@type\":\"SearchAction\",\"target\":{\"@type\":\"EntryPoint\",\"urlTemplate\":\"https:\/\/www.sefal.it\/?s={search_term_string}\"},\"query-input\":{\"@type\":\"PropertyValueSpecification\",\"valueRequired\":true,\"valueName\":\"search_term_string\"}}],\"inLanguage\":\"fr-FR\"}]}<\/script>\n<!-- \/ Yoast SEO plugin. -->","yoast_head_json":{"title":"Connecteur rapide pour borniers - Sefal Production S.r.l. - Produzione Morsettiere","description":"Terminal Blocks production Italy, Asynchronous electric motor, Top Plug for electric motor Connecteur rapide pour borniers de moteurs \u00e9lectriques asynchrones triphas\u00e9s et monophas\u00e9s pour applications de classe F ou H (selon IEC34-1) en basse","robots":{"index":"index","follow":"follow","max-snippet":"max-snippet:-1","max-image-preview":"max-image-preview:large","max-video-preview":"max-video-preview:-1"},"canonical":"https:\/\/www.sefal.it\/product\/connettore-rapido-per-morsetterie\/","og_locale":"fr_FR","og_type":"article","og_title":"Connecteur rapide pour borniers - Sefal Production S.r.l. - Produzione Morsettiere","og_description":"Terminal Blocks production Italy, Asynchronous electric motor, Top Plug for electric motor Connecteur rapide pour borniers de moteurs \u00e9lectriques asynchrones triphas\u00e9s et monophas\u00e9s pour applications de classe F ou H (selon IEC34-1) en basse","og_url":"https:\/\/www.sefal.it\/product\/connettore-rapido-per-morsetterie\/","og_site_name":"Sefal Production S.r.l. - Produzione Morsettiere","article_modified_time":"2024-02-29T08:31:05+00:00","og_image":[{"width":500,"height":500,"url":"https:\/\/www.sefal.it\/wp-content\/uploads\/2014\/07\/topplug-sefal-production.jpg","type":"image\/jpeg"}],"twitter_misc":{"Dur\u00e9e de lecture estim\u00e9e":"1 minute"},"schema":{"@context":"https:\/\/schema.org","@graph":[{"@type":"WebPage","@id":"https:\/\/www.sefal.it\/product\/connettore-rapido-per-morsetterie\/","url":"https:\/\/www.sefal.it\/product\/connettore-rapido-per-morsetterie\/","name":"Connecteur rapide pour borniers - Sefal Production S.r.l. - Produzione Morsettiere","isPartOf":{"@id":"https:\/\/www.sefal.it\/#website"},"primaryImageOfPage":{"@id":"https:\/\/www.sefal.it\/product\/connettore-rapido-per-morsetterie\/#primaryimage"},"image":{"@id":"https:\/\/www.sefal.it\/product\/connettore-rapido-per-morsetterie\/#primaryimage"},"thumbnailUrl":"https:\/\/www.sefal.it\/wp-content\/uploads\/2014\/07\/topplug-sefal-production.jpg","datePublished":"2014-07-11T08:48:44+00:00","dateModified":"2024-02-29T08:31:05+00:00","description":"Terminal Blocks production Italy, Asynchronous electric motor, Top Plug for electric motor Connecteur rapide pour borniers de moteurs \u00e9lectriques asynchrones triphas\u00e9s et monophas\u00e9s pour applications de classe F ou H (selon IEC34-1) en basse","breadcrumb":{"@id":"https:\/\/www.sefal.it\/product\/connettore-rapido-per-morsetterie\/#breadcrumb"},"inLanguage":"fr-FR","potentialAction":[{"@type":"ReadAction","target":["https:\/\/www.sefal.it\/product\/connettore-rapido-per-morsetterie\/"]}]},{"@type":"ImageObject","inLanguage":"fr-FR","@id":"https:\/\/www.sefal.it\/product\/connettore-rapido-per-morsetterie\/#primaryimage","url":"https:\/\/www.sefal.it\/wp-content\/uploads\/2014\/07\/topplug-sefal-production.jpg","contentUrl":"https:\/\/www.sefal.it\/wp-content\/uploads\/2014\/07\/topplug-sefal-production.jpg","width":500,"height":500},{"@type":"BreadcrumbList","@id":"https:\/\/www.sefal.it\/product\/connettore-rapido-per-morsetterie\/#breadcrumb","itemListElement":[{"@type":"ListItem","position":1,"name":"Accueil","item":"https:\/\/www.sefal.it\/"},{"@type":"ListItem","position":2,"name":"Prodotti","item":"https:\/\/www.sefal.it\/prodotti-2\/"},{"@type":"ListItem","position":3,"name":"Connecteur rapide pour borniers"}]},{"@type":"WebSite","@id":"https:\/\/www.sefal.it\/#website","url":"https:\/\/www.sefal.it\/","name":"Sefal Production S.r.l. - Produzione Morsettiere","description":"Terminal Blocks production Italy, Asynchronous electric motor, Top Plug for electric motor","potentialAction":[{"@type":"SearchAction","target":{"@type":"EntryPoint","urlTemplate":"https:\/\/www.sefal.it\/?s={search_term_string}"},"query-input":{"@type":"PropertyValueSpecification","valueRequired":true,"valueName":"search_term_string"}}],"inLanguage":"fr-FR"}]}},"_links":{"self":[{"href":"https:\/\/www.sefal.it\/fr\/wp-json\/wp\/v2\/product\/470","targetHints":{"allow":["GET"]}}],"collection":[{"href":"https:\/\/www.sefal.it\/fr\/wp-json\/wp\/v2\/product"}],"about":[{"href":"https:\/\/www.sefal.it\/fr\/wp-json\/wp\/v2\/types\/product"}],"replies":[{"embeddable":true,"href":"https:\/\/www.sefal.it\/fr\/wp-json\/wp\/v2\/comments?post=470"}],"wp:featuredmedia":[{"embeddable":true,"href":"https:\/\/www.sefal.it\/fr\/wp-json\/wp\/v2\/media\/1894"}],"wp:attachment":[{"href":"https:\/\/www.sefal.it\/fr\/wp-json\/wp\/v2\/media?parent=470"}],"wp:term":[{"taxonomy":"product_brand","embeddable":true,"href":"https:\/\/www.sefal.it\/fr\/wp-json\/wp\/v2\/product_brand?post=470"},{"taxonomy":"product_cat","embeddable":true,"href":"https:\/\/www.sefal.it\/fr\/wp-json\/wp\/v2\/product_cat?post=470"},{"taxonomy":"product_tag","embeddable":true,"href":"https:\/\/www.sefal.it\/fr\/wp-json\/wp\/v2\/product_tag?post=470"}],"curies":[{"name":"wp","href":"https:\/\/api.w.org\/{rel}","templated":true}]}}