{"id":135,"date":"2014-07-04T18:02:39","date_gmt":"2014-07-04T16:02:39","guid":{"rendered":"http:\/\/www.sefal.it\/certificazioni-2\/"},"modified":"2017-03-27T12:20:52","modified_gmt":"2017-03-27T10:20:52","slug":"certificazioni","status":"publish","type":"page","link":"https:\/\/www.sefal.it\/fr\/certificazioni\/","title":{"rendered":"Certifications"},"content":{"rendered":"<p><a href=\"http:\/\/www.sefal.it\/wp-content\/uploads\/2014\/07\/cruus.gif\"><img loading=\"lazy\" decoding=\"async\" class=\"alignnone size-full wp-image-344\" alt=\"cruus\" src=\"http:\/\/www.sefal.it\/wp-content\/uploads\/2014\/07\/cruus.gif\" width=\"220\" height=\"96\" \/><\/a><\/p>\n<p><a href=\"http:\/\/www.sefal.it\/wp-content\/uploads\/2014\/07\/Certificazioni-sefal-morsettiere.jpg\"><img loading=\"lazy\" decoding=\"async\" class=\"alignnone size-medium wp-image-90\" alt=\"Certificazioni sefal morsettiere\" src=\"http:\/\/www.sefal.it\/wp-content\/uploads\/2014\/07\/Certificazioni-sefal-morsettiere-300x28.jpg\" width=\"300\" height=\"28\" srcset=\"https:\/\/www.sefal.it\/wp-content\/uploads\/2014\/07\/Certificazioni-sefal-morsettiere-300x28.jpg 300w, https:\/\/www.sefal.it\/wp-content\/uploads\/2014\/07\/Certificazioni-sefal-morsettiere-460x45.jpg 460w, https:\/\/www.sefal.it\/wp-content\/uploads\/2014\/07\/Certificazioni-sefal-morsettiere.jpg 476w\" sizes=\"auto, (max-width: 300px) 100vw, 300px\" \/><\/a><\/p>\n<p>Nos plaques \u00e0 bornes sont con\u00e7ues et r\u00e9alis\u00e9es dans le respect des normes et des exigences des principales normes nationales et internationales.<\/p>\n[fusion_builder_container hundred_percent=\u00a0\u00bbyes\u00a0\u00bb overflow=\u00a0\u00bbvisible\u00a0\u00bb][fusion_builder_row][fusion_builder_column type=\u00a0\u00bb1_1&Prime; background_position=\u00a0\u00bbleft top\u00a0\u00bb background_color=\u00a0\u00bb\u00a0\u00bb border_size=\u00a0\u00bb\u00a0\u00bb border_color=\u00a0\u00bb\u00a0\u00bb border_style=\u00a0\u00bbsolid\u00a0\u00bb spacing=\u00a0\u00bbyes\u00a0\u00bb background_image=\u00a0\u00bb\u00a0\u00bb background_repeat=\u00a0\u00bbno-repeat\u00a0\u00bb padding=\u00a0\u00bb\u00a0\u00bb margin_top=\u00a0\u00bb0px\u00a0\u00bb margin_bottom=\u00a0\u00bb0px\u00a0\u00bb class=\u00a0\u00bb\u00a0\u00bb id=\u00a0\u00bb\u00a0\u00bb animation_type=\u00a0\u00bb\u00a0\u00bb animation_speed=\u00a0\u00bb0.3&Prime; animation_direction=\u00a0\u00bbleft\u00a0\u00bb hide_on_mobile=\u00a0\u00bbno\u00a0\u00bb center_content=\u00a0\u00bbno\u00a0\u00bb min_height=\u00a0\u00bbnone\u00a0\u00bb][fusion_images picture_size=\u00a0\u00bbfixed\u00a0\u00bb lightbox=\u00a0\u00bbyes\u00a0\u00bb class=\u00a0\u00bb\u00a0\u00bb id=\u00a0\u00bb\u00a0\u00bb]\n[fusion_image link=\u00a0\u00bb\u00a0\u00bb linktarget=\u00a0\u00bb_self\u00a0\u00bb image=\u00a0\u00bbhttp:\/\/www.sefal.it\/wp-content\/uploads\/2014\/07\/44&#215;27-M4.jpg\u00a0\u00bb alt=\u00a0\u00bb\u00a0\u00bb\/]\n[fusion_image link=\u00a0\u00bb\u00a0\u00bb linktarget=\u00a0\u00bb_self\u00a0\u00bb image=\u00a0\u00bbhttp:\/\/www.sefal.it\/wp-content\/uploads\/2014\/07\/40&#215;25-M4.jpg\u00a0\u00bb alt=\u00a0\u00bb\u00a0\u00bb\/]\n[fusion_image link=\u00a0\u00bb\u00a0\u00bb linktarget=\u00a0\u00bb_self\u00a0\u00bb image=\u00a0\u00bbhttp:\/\/www.sefal.it\/wp-content\/uploads\/2014\/07\/44&#215;42-M4-9perni.jpg\u00a0\u00bb alt=\u00a0\u00bb\u00a0\u00bb\/]\n[fusion_image link=\u00a0\u00bb\u00a0\u00bb linktarget=\u00a0\u00bb_self\u00a0\u00bb image=\u00a0\u00bbhttp:\/\/www.sefal.it\/wp-content\/uploads\/2014\/07\/50&#215;50-M4.jpg\u00a0\u00bb alt=\u00a0\u00bb\u00a0\u00bb\/]\n[fusion_image link=\u00a0\u00bb\u00a0\u00bb linktarget=\u00a0\u00bb_self\u00a0\u00bb image=\u00a0\u00bbhttp:\/\/www.sefal.it\/wp-content\/uploads\/2014\/07\/50&#215;43-M4.jpg\u00a0\u00bb alt=\u00a0\u00bb\u00a0\u00bb\/]\n[fusion_image link=\u00a0\u00bb\u00a0\u00bb linktarget=\u00a0\u00bb_self\u00a0\u00bb image=\u00a0\u00bbhttp:\/\/www.sefal.it\/wp-content\/uploads\/2014\/07\/50&#215;40-M4.jpg\u00a0\u00bb alt=\u00a0\u00bb\u00a0\u00bb\/]\n[\/fusion_images][\/fusion_builder_column][\/fusion_builder_row][\/fusion_builder_container]\n","protected":false},"excerpt":{"rendered":"<p>Nos plaques \u00e0 bornes sont con\u00e7ues et r\u00e9alis\u00e9es dans le respect des normes et des exigences des principales normes nationales et internationales. [fusion_builder_container hundred_percent=\u00a0\u00bbyes\u00a0\u00bb overflow=\u00a0\u00bbvisible\u00a0\u00bb][fusion_builder_row][fusion_builder_column type=\u00a0\u00bb1_1&Prime; background_position=\u00a0\u00bbleft top\u00a0\u00bb background_color=\u00a0\u00bb\u00a0\u00bb border_size=\u00a0\u00bb\u00a0\u00bb&#8230;<\/p>\n","protected":false},"author":1,"featured_media":0,"parent":0,"menu_order":0,"comment_status":"closed","ping_status":"closed","template":"","meta":{"footnotes":""},"class_list":["post-135","page","type-page","status-publish"],"yoast_head":"<!-- This site is optimized with the Yoast SEO plugin v27.1.1 - https:\/\/yoast.com\/product\/yoast-seo-wordpress\/ -->\n<title>Certifications - Sefal Production S.r.l. - Produzione Morsettiere<\/title>\n<meta name=\"description\" content=\"Terminal Blocks production Italy, Asynchronous electric motor, Top Plug for electric motor Nos plaques \u00e0 bornes sont con\u00e7ues et r\u00e9alis\u00e9es dans le respect des normes et des exigences des principales normes nationales et internationales.\" \/>\n<meta name=\"robots\" content=\"index, follow, max-snippet:-1, max-image-preview:large, max-video-preview:-1\" \/>\n<link rel=\"canonical\" href=\"https:\/\/www.sefal.it\/?page_id=89\" \/>\n<meta property=\"og:locale\" content=\"fr_FR\" \/>\n<meta property=\"og:type\" content=\"article\" \/>\n<meta property=\"og:title\" content=\"Certifications - Sefal Production S.r.l. - Produzione Morsettiere\" \/>\n<meta property=\"og:description\" content=\"Terminal Blocks production Italy, Asynchronous electric motor, Top Plug for electric motor Nos plaques \u00e0 bornes sont con\u00e7ues et r\u00e9alis\u00e9es dans le respect des normes et des exigences des principales normes nationales et internationales.\" \/>\n<meta property=\"og:url\" content=\"https:\/\/www.sefal.it\/?page_id=89\" \/>\n<meta property=\"og:site_name\" content=\"Sefal Production S.r.l. - Produzione Morsettiere\" \/>\n<meta property=\"article:modified_time\" content=\"2017-03-27T10:20:52+00:00\" \/>\n<meta property=\"og:image\" content=\"http:\/\/www.sefal.it\/wp-content\/uploads\/2014\/07\/cruus.gif\" \/>\n<meta name=\"twitter:label1\" content=\"Dur\u00e9e de lecture estim\u00e9e\" \/>\n\t<meta name=\"twitter:data1\" content=\"1 minute\" \/>\n<script type=\"application\/ld+json\" class=\"yoast-schema-graph\">{\"@context\":\"https:\/\/schema.org\",\"@graph\":[{\"@type\":\"WebPage\",\"@id\":\"https:\/\/www.sefal.it\/?page_id=89\",\"url\":\"https:\/\/www.sefal.it\/?page_id=89\",\"name\":\"Certifications - Sefal Production S.r.l. - Produzione Morsettiere\",\"isPartOf\":{\"@id\":\"https:\/\/www.sefal.it\/#website\"},\"primaryImageOfPage\":{\"@id\":\"https:\/\/www.sefal.it\/?page_id=89#primaryimage\"},\"image\":{\"@id\":\"https:\/\/www.sefal.it\/?page_id=89#primaryimage\"},\"thumbnailUrl\":\"http:\/\/www.sefal.it\/wp-content\/uploads\/2014\/07\/cruus.gif\",\"datePublished\":\"2014-07-04T16:02:39+00:00\",\"dateModified\":\"2017-03-27T10:20:52+00:00\",\"description\":\"Terminal Blocks production Italy, Asynchronous electric motor, Top Plug for electric motor Nos plaques \u00e0 bornes sont con\u00e7ues et r\u00e9alis\u00e9es dans le respect des normes et des exigences des principales normes nationales et internationales.\",\"breadcrumb\":{\"@id\":\"https:\/\/www.sefal.it\/?page_id=89#breadcrumb\"},\"inLanguage\":\"fr-FR\",\"potentialAction\":[{\"@type\":\"ReadAction\",\"target\":[\"https:\/\/www.sefal.it\/?page_id=89\"]}]},{\"@type\":\"ImageObject\",\"inLanguage\":\"fr-FR\",\"@id\":\"https:\/\/www.sefal.it\/?page_id=89#primaryimage\",\"url\":\"http:\/\/www.sefal.it\/wp-content\/uploads\/2014\/07\/cruus.gif\",\"contentUrl\":\"http:\/\/www.sefal.it\/wp-content\/uploads\/2014\/07\/cruus.gif\"},{\"@type\":\"BreadcrumbList\",\"@id\":\"https:\/\/www.sefal.it\/?page_id=89#breadcrumb\",\"itemListElement\":[{\"@type\":\"ListItem\",\"position\":1,\"name\":\"Accueil\",\"item\":\"https:\/\/www.sefal.it\/\"},{\"@type\":\"ListItem\",\"position\":2,\"name\":\"Certifications\"}]},{\"@type\":\"WebSite\",\"@id\":\"https:\/\/www.sefal.it\/#website\",\"url\":\"https:\/\/www.sefal.it\/\",\"name\":\"Sefal Production S.r.l. - Produzione Morsettiere\",\"description\":\"Terminal Blocks production Italy, Asynchronous electric motor, Top Plug for electric motor\",\"potentialAction\":[{\"@type\":\"SearchAction\",\"target\":{\"@type\":\"EntryPoint\",\"urlTemplate\":\"https:\/\/www.sefal.it\/?s={search_term_string}\"},\"query-input\":{\"@type\":\"PropertyValueSpecification\",\"valueRequired\":true,\"valueName\":\"search_term_string\"}}],\"inLanguage\":\"fr-FR\"}]}<\/script>\n<!-- \/ Yoast SEO plugin. -->","yoast_head_json":{"title":"Certifications - Sefal Production S.r.l. - Produzione Morsettiere","description":"Terminal Blocks production Italy, Asynchronous electric motor, Top Plug for electric motor Nos plaques \u00e0 bornes sont con\u00e7ues et r\u00e9alis\u00e9es dans le respect des normes et des exigences des principales normes nationales et internationales.","robots":{"index":"index","follow":"follow","max-snippet":"max-snippet:-1","max-image-preview":"max-image-preview:large","max-video-preview":"max-video-preview:-1"},"canonical":"https:\/\/www.sefal.it\/?page_id=89","og_locale":"fr_FR","og_type":"article","og_title":"Certifications - Sefal Production S.r.l. - Produzione Morsettiere","og_description":"Terminal Blocks production Italy, Asynchronous electric motor, Top Plug for electric motor Nos plaques \u00e0 bornes sont con\u00e7ues et r\u00e9alis\u00e9es dans le respect des normes et des exigences des principales normes nationales et internationales.","og_url":"https:\/\/www.sefal.it\/?page_id=89","og_site_name":"Sefal Production S.r.l. - Produzione Morsettiere","article_modified_time":"2017-03-27T10:20:52+00:00","og_image":[{"url":"http:\/\/www.sefal.it\/wp-content\/uploads\/2014\/07\/cruus.gif","type":"","width":"","height":""}],"twitter_misc":{"Dur\u00e9e de lecture estim\u00e9e":"1 minute"},"schema":{"@context":"https:\/\/schema.org","@graph":[{"@type":"WebPage","@id":"https:\/\/www.sefal.it\/?page_id=89","url":"https:\/\/www.sefal.it\/?page_id=89","name":"Certifications - Sefal Production S.r.l. - Produzione Morsettiere","isPartOf":{"@id":"https:\/\/www.sefal.it\/#website"},"primaryImageOfPage":{"@id":"https:\/\/www.sefal.it\/?page_id=89#primaryimage"},"image":{"@id":"https:\/\/www.sefal.it\/?page_id=89#primaryimage"},"thumbnailUrl":"http:\/\/www.sefal.it\/wp-content\/uploads\/2014\/07\/cruus.gif","datePublished":"2014-07-04T16:02:39+00:00","dateModified":"2017-03-27T10:20:52+00:00","description":"Terminal Blocks production Italy, Asynchronous electric motor, Top Plug for electric motor Nos plaques \u00e0 bornes sont con\u00e7ues et r\u00e9alis\u00e9es dans le respect des normes et des exigences des principales normes nationales et internationales.","breadcrumb":{"@id":"https:\/\/www.sefal.it\/?page_id=89#breadcrumb"},"inLanguage":"fr-FR","potentialAction":[{"@type":"ReadAction","target":["https:\/\/www.sefal.it\/?page_id=89"]}]},{"@type":"ImageObject","inLanguage":"fr-FR","@id":"https:\/\/www.sefal.it\/?page_id=89#primaryimage","url":"http:\/\/www.sefal.it\/wp-content\/uploads\/2014\/07\/cruus.gif","contentUrl":"http:\/\/www.sefal.it\/wp-content\/uploads\/2014\/07\/cruus.gif"},{"@type":"BreadcrumbList","@id":"https:\/\/www.sefal.it\/?page_id=89#breadcrumb","itemListElement":[{"@type":"ListItem","position":1,"name":"Accueil","item":"https:\/\/www.sefal.it\/"},{"@type":"ListItem","position":2,"name":"Certifications"}]},{"@type":"WebSite","@id":"https:\/\/www.sefal.it\/#website","url":"https:\/\/www.sefal.it\/","name":"Sefal Production S.r.l. - Produzione Morsettiere","description":"Terminal Blocks production Italy, Asynchronous electric motor, Top Plug for electric motor","potentialAction":[{"@type":"SearchAction","target":{"@type":"EntryPoint","urlTemplate":"https:\/\/www.sefal.it\/?s={search_term_string}"},"query-input":{"@type":"PropertyValueSpecification","valueRequired":true,"valueName":"search_term_string"}}],"inLanguage":"fr-FR"}]}},"_links":{"self":[{"href":"https:\/\/www.sefal.it\/fr\/wp-json\/wp\/v2\/pages\/135","targetHints":{"allow":["GET"]}}],"collection":[{"href":"https:\/\/www.sefal.it\/fr\/wp-json\/wp\/v2\/pages"}],"about":[{"href":"https:\/\/www.sefal.it\/fr\/wp-json\/wp\/v2\/types\/page"}],"author":[{"embeddable":true,"href":"https:\/\/www.sefal.it\/fr\/wp-json\/wp\/v2\/users\/1"}],"replies":[{"embeddable":true,"href":"https:\/\/www.sefal.it\/fr\/wp-json\/wp\/v2\/comments?post=135"}],"version-history":[{"count":0,"href":"https:\/\/www.sefal.it\/fr\/wp-json\/wp\/v2\/pages\/135\/revisions"}],"wp:attachment":[{"href":"https:\/\/www.sefal.it\/fr\/wp-json\/wp\/v2\/media?parent=135"}],"curies":[{"name":"wp","href":"https:\/\/api.w.org\/{rel}","templated":true}]}}