{"id":116,"date":"2014-06-06T10:50:23","date_gmt":"2014-06-06T08:50:23","guid":{"rendered":"http:\/\/www.sefal.it\/caratteristiche-tecniche-2\/"},"modified":"2024-02-28T16:36:03","modified_gmt":"2024-02-28T15:36:03","slug":"caratteristiche-tecniche","status":"publish","type":"page","link":"https:\/\/www.sefal.it\/fr\/caratteristiche-tecniche\/","title":{"rendered":"Caract\u00e9ristiques techniques"},"content":{"rendered":"[vc_row type=\u00a0\u00bbin_container\u00a0\u00bb full_screen_row_position=\u00a0\u00bbmiddle\u00a0\u00bb column_margin=\u00a0\u00bbdefault\u00a0\u00bb column_direction=\u00a0\u00bbdefault\u00a0\u00bb column_direction_tablet=\u00a0\u00bbdefault\u00a0\u00bb column_direction_phone=\u00a0\u00bbdefault\u00a0\u00bb scene_position=\u00a0\u00bbcenter\u00a0\u00bb top_padding=\u00a0\u00bb3%\u00a0\u00bb text_color=\u00a0\u00bbdark\u00a0\u00bb text_align=\u00a0\u00bbleft\u00a0\u00bb row_border_radius=\u00a0\u00bbnone\u00a0\u00bb row_border_radius_applies=\u00a0\u00bbbg\u00a0\u00bb overflow=\u00a0\u00bbvisible\u00a0\u00bb overlay_strength=\u00a0\u00bb0.3&Prime; gradient_direction=\u00a0\u00bbleft_to_right\u00a0\u00bb shape_divider_position=\u00a0\u00bbbottom\u00a0\u00bb bg_image_animation=\u00a0\u00bbnone\u00a0\u00bb gradient_type=\u00a0\u00bbdefault\u00a0\u00bb shape_type=\u00a0\u00bb\u00a0\u00bb][vc_column column_padding=\u00a0\u00bbno-extra-padding\u00a0\u00bb column_padding_tablet=\u00a0\u00bbinherit\u00a0\u00bb column_padding_phone=\u00a0\u00bbinherit\u00a0\u00bb column_padding_position=\u00a0\u00bball\u00a0\u00bb column_element_direction_desktop=\u00a0\u00bbdefault\u00a0\u00bb column_element_spacing=\u00a0\u00bbdefault\u00a0\u00bb desktop_text_alignment=\u00a0\u00bbdefault\u00a0\u00bb tablet_text_alignment=\u00a0\u00bbdefault\u00a0\u00bb phone_text_alignment=\u00a0\u00bbdefault\u00a0\u00bb background_color_opacity=\u00a0\u00bb1&Prime; background_hover_color_opacity=\u00a0\u00bb1&Prime; column_backdrop_filter=\u00a0\u00bbnone\u00a0\u00bb column_shadow=\u00a0\u00bbnone\u00a0\u00bb column_border_radius=\u00a0\u00bbnone\u00a0\u00bb column_link_target=\u00a0\u00bb_self\u00a0\u00bb column_position=\u00a0\u00bbdefault\u00a0\u00bb gradient_direction=\u00a0\u00bbleft_to_right\u00a0\u00bb overlay_strength=\u00a0\u00bb0.3&Prime; width=\u00a0\u00bb2\/3&Prime; tablet_width_inherit=\u00a0\u00bbdefault\u00a0\u00bb animation_type=\u00a0\u00bbdefault\u00a0\u00bb bg_image_animation=\u00a0\u00bbnone\u00a0\u00bb border_type=\u00a0\u00bbsimple\u00a0\u00bb column_border_width=\u00a0\u00bbnone\u00a0\u00bb column_border_style=\u00a0\u00bbsolid\u00a0\u00bb][vc_column_text text_direction=\u00a0\u00bbdefault\u00a0\u00bb]Toutes les plaques \u00e0 bornes sont r\u00e9alis\u00e9es dans le respect de conditions de fonctionnement et de s\u00e9curit\u00e9 bien pr\u00e9cises :<\/p>\n<ul>\n<li>Les p\u00f4les, r\u00e9alis\u00e9s par estampage ou tournage, sont constitu\u00e9s d\u2019une base tronconique pr\u00e9sentant une entaille en forme de croix afin d\u2019emp\u00eacher leur rotation ou leur d\u00e9placement axial, ainsi que l\u2019extraction cons\u00e9quente de leur logement dans la plaque \u00e0 bornes.<\/li>\n<li>La forme du logement du p\u00f4le a \u00e9t\u00e9 \u00e9tudi\u00e9e afin de permettre l\u2019utilisation de visseuses automatiques dont la fonction est de resserrer les \u00e9crous.<\/li>\n<li>Toutes les plaques \u00e0 bornes sont parfaitement interchangeables avec celles en vente sur le march\u00e9. Gr\u00e2ce au p\u00f4le optionnel de 15 mm de hauteur, elles permettent l\u2019utilisation du syst\u00e8me de test \u00e0 \u00ab\u00a0pression\u00a0\u00bb, rapide et fonctionnel. Les plaques \u00e0 bornes peuvent en effet \u00eatre dot\u00e9es, en fonction de vos demandes et de vos besoins, de p\u00f4les de 12 et de 15 mm de hauteur.<\/li>\n<li>Les plaques \u00e0 bornes, dans le respect de la norme UL1004 \u00ab\u00a0Moteurs \u00c9lectriques\u00a0\u00bb pour les tensions de \u2264600V, ont \u00e9t\u00e9 \u00e9tudi\u00e9es afin d\u2019\u00e9viter la rotation des cosses dans leur logement (caus\u00e9e par le desserrement des \u00e9crous de serrage provoqu\u00e9 par les vibrations du moteur). Lorsque les cosses entrent en contact entre elles ou avec les parois de la bo\u00eete de la plaque \u00e0 bornes peuvent causer un court circuit \u00e9lectrique. Les plaques \u00e0 bornes permettent l\u2019utilisation de cosses normales ou pr\u00e9-isol\u00e9es.<\/li>\n<li>Paraphe personnalis\u00e9 au laser : la nouvelle technologie d\u2019impression au laser permet de r\u00e9aliser un paraphe sur la plaque \u00e0 bornes reportant les sp\u00e9cifications de chaque client.<\/li>\n<\/ul>\n[\/vc_column_text][divider line_type=\u00a0\u00bbNo Line\u00a0\u00bb custom_height=\u00a0\u00bb30&Prime;][nectar_woo_products product_type=\u00a0\u00bball\u00a0\u00bb category=\u00a0\u00bbmorsettiere\u00a0\u00bb columns=\u00a0\u00bb4&Prime; flickity_mobile_column_width=\u00a0\u00bb100%\u00a0\u00bb orderby=\u00a0\u00bbdate\u00a0\u00bb order=\u00a0\u00bbDESC\u00a0\u00bb carousel=\u00a0\u00bb1&Prime; script=\u00a0\u00bbflickity\u00a0\u00bb flickity_wrap=\u00a0\u00bbno-wrap\u00a0\u00bb flickity_overflow=\u00a0\u00bbhidden\u00a0\u00bb flickity_controls=\u00a0\u00bbarrows-and-text\u00a0\u00bb flickity_group_cells=\u00a0\u00bbdefault\u00a0\u00bb flickity_item_animation=\u00a0\u00bbnone\u00a0\u00bb flickity_heading_tag=\u00a0\u00bbh2&Prime; item_shadow=\u00a0\u00bb1&Prime; carousel_script=\u00a0\u00bbflickity\u00a0\u00bb per_page=\u00a0\u00bb8&Prime;][\/vc_column][vc_column column_padding=\u00a0\u00bbpadding-3-percent\u00a0\u00bb column_padding_tablet=\u00a0\u00bbinherit\u00a0\u00bb column_padding_phone=\u00a0\u00bbinherit\u00a0\u00bb column_padding_position=\u00a0\u00bball\u00a0\u00bb column_element_direction_desktop=\u00a0\u00bbdefault\u00a0\u00bb column_element_spacing=\u00a0\u00bbdefault\u00a0\u00bb desktop_text_alignment=\u00a0\u00bbdefault\u00a0\u00bb tablet_text_alignment=\u00a0\u00bbdefault\u00a0\u00bb phone_text_alignment=\u00a0\u00bbdefault\u00a0\u00bb background_color_opacity=\u00a0\u00bb1&Prime; background_hover_color_opacity=\u00a0\u00bb1&Prime; column_backdrop_filter=\u00a0\u00bbnone\u00a0\u00bb column_shadow=\u00a0\u00bbnone\u00a0\u00bb column_border_radius=\u00a0\u00bbnone\u00a0\u00bb column_link_target=\u00a0\u00bb_self\u00a0\u00bb column_position=\u00a0\u00bbdefault\u00a0\u00bb gradient_direction=\u00a0\u00bbleft_to_right\u00a0\u00bb overlay_strength=\u00a0\u00bb0.3&Prime; width=\u00a0\u00bb1\/3&Prime; tablet_width_inherit=\u00a0\u00bbdefault\u00a0\u00bb animation_type=\u00a0\u00bbdefault\u00a0\u00bb bg_image_animation=\u00a0\u00bbnone\u00a0\u00bb border_type=\u00a0\u00bbsimple\u00a0\u00bb column_border_width=\u00a0\u00bbnone\u00a0\u00bb column_border_style=\u00a0\u00bbsolid\u00a0\u00bb column_padding_type=\u00a0\u00bbdefault\u00a0\u00bb gradient_type=\u00a0\u00bbdefault\u00a0\u00bb][vc_widget_sidebar sidebar_id=\u00a0\u00bbpage-sidebar\u00a0\u00bb][\/vc_column][\/vc_row]\n","protected":false},"excerpt":{"rendered":"<p>[vc_row type=\u00a0\u00bbin_container\u00a0\u00bb full_screen_row_position=\u00a0\u00bbmiddle\u00a0\u00bb column_margin=\u00a0\u00bbdefault\u00a0\u00bb column_direction=\u00a0\u00bbdefault\u00a0\u00bb column_direction_tablet=\u00a0\u00bbdefault\u00a0\u00bb column_direction_phone=\u00a0\u00bbdefault\u00a0\u00bb scene_position=\u00a0\u00bbcenter\u00a0\u00bb top_padding=\u00a0\u00bb3%\u00a0\u00bb text_color=\u00a0\u00bbdark\u00a0\u00bb text_align=\u00a0\u00bbleft\u00a0\u00bb row_border_radius=\u00a0\u00bbnone\u00a0\u00bb row_border_radius_applies=\u00a0\u00bbbg\u00a0\u00bb overflow=\u00a0\u00bbvisible\u00a0\u00bb overlay_strength=\u00a0\u00bb0.3&Prime; gradient_direction=\u00a0\u00bbleft_to_right\u00a0\u00bb shape_divider_position=\u00a0\u00bbbottom\u00a0\u00bb bg_image_animation=\u00a0\u00bbnone\u00a0\u00bb gradient_type=\u00a0\u00bbdefault\u00a0\u00bb shape_type=\u00a0\u00bb\u00a0\u00bb][vc_column column_padding=\u00a0\u00bbno-extra-padding\u00a0\u00bb column_padding_tablet=\u00a0\u00bbinherit\u00a0\u00bb column_padding_phone=\u00a0\u00bbinherit\u00a0\u00bb column_padding_position=\u00a0\u00bball\u00a0\u00bb column_element_direction_desktop=\u00a0\u00bbdefault\u00a0\u00bb column_element_spacing=\u00a0\u00bbdefault\u00a0\u00bb desktop_text_alignment=\u00a0\u00bbdefault\u00a0\u00bb tablet_text_alignment=\u00a0\u00bbdefault\u00a0\u00bb phone_text_alignment=\u00a0\u00bbdefault\u00a0\u00bb background_color_opacity=\u00a0\u00bb1&Prime;&#8230;<\/p>\n","protected":false},"author":1,"featured_media":0,"parent":0,"menu_order":0,"comment_status":"open","ping_status":"open","template":"","meta":{"footnotes":""},"class_list":["post-116","page","type-page","status-publish"],"yoast_head":"<!-- This site is optimized with the Yoast SEO plugin v27.1.1 - https:\/\/yoast.com\/product\/yoast-seo-wordpress\/ -->\n<title>Caract\u00e9ristiques techniques - Sefal Production S.r.l. - Produzione Morsettiere<\/title>\n<meta name=\"description\" content=\"Terminal Blocks production Italy, Asynchronous electric motor, Top Plug for electric motor Toutes les plaques \u00e0 bornes sont r\u00e9alis\u00e9es dans le respect de conditions de fonctionnement et de s\u00e9curit\u00e9 bien pr\u00e9cises : Les p\u00f4les, r\u00e9alis\u00e9s par\" \/>\n<meta name=\"robots\" content=\"index, follow, max-snippet:-1, max-image-preview:large, max-video-preview:-1\" \/>\n<link rel=\"canonical\" href=\"https:\/\/www.sefal.it\/caratteristiche-tecniche\/\" \/>\n<meta property=\"og:locale\" content=\"fr_FR\" \/>\n<meta property=\"og:type\" content=\"article\" \/>\n<meta property=\"og:title\" content=\"Caract\u00e9ristiques techniques - Sefal Production S.r.l. - Produzione Morsettiere\" \/>\n<meta property=\"og:description\" content=\"Terminal Blocks production Italy, Asynchronous electric motor, Top Plug for electric motor Toutes les plaques \u00e0 bornes sont r\u00e9alis\u00e9es dans le respect de conditions de fonctionnement et de s\u00e9curit\u00e9 bien pr\u00e9cises : Les p\u00f4les, r\u00e9alis\u00e9s par\" \/>\n<meta property=\"og:url\" content=\"https:\/\/www.sefal.it\/caratteristiche-tecniche\/\" \/>\n<meta property=\"og:site_name\" content=\"Sefal Production S.r.l. - Produzione Morsettiere\" \/>\n<meta property=\"article:modified_time\" content=\"2024-02-28T15:36:03+00:00\" \/>\n<meta name=\"twitter:label1\" content=\"Dur\u00e9e de lecture estim\u00e9e\" \/>\n\t<meta name=\"twitter:data1\" content=\"3 minutes\" \/>\n<script type=\"application\/ld+json\" class=\"yoast-schema-graph\">{\"@context\":\"https:\/\/schema.org\",\"@graph\":[{\"@type\":\"WebPage\",\"@id\":\"https:\/\/www.sefal.it\/caratteristiche-tecniche\/\",\"url\":\"https:\/\/www.sefal.it\/caratteristiche-tecniche\/\",\"name\":\"Caract\u00e9ristiques techniques - Sefal Production S.r.l. - Produzione Morsettiere\",\"isPartOf\":{\"@id\":\"https:\/\/www.sefal.it\/#website\"},\"datePublished\":\"2014-06-06T08:50:23+00:00\",\"dateModified\":\"2024-02-28T15:36:03+00:00\",\"description\":\"Terminal Blocks production Italy, Asynchronous electric motor, Top Plug for electric motor Toutes les plaques \u00e0 bornes sont r\u00e9alis\u00e9es dans le respect de conditions de fonctionnement et de s\u00e9curit\u00e9 bien pr\u00e9cises : Les p\u00f4les, r\u00e9alis\u00e9s par\",\"breadcrumb\":{\"@id\":\"https:\/\/www.sefal.it\/caratteristiche-tecniche\/#breadcrumb\"},\"inLanguage\":\"fr-FR\",\"potentialAction\":[{\"@type\":\"ReadAction\",\"target\":[\"https:\/\/www.sefal.it\/caratteristiche-tecniche\/\"]}]},{\"@type\":\"BreadcrumbList\",\"@id\":\"https:\/\/www.sefal.it\/caratteristiche-tecniche\/#breadcrumb\",\"itemListElement\":[{\"@type\":\"ListItem\",\"position\":1,\"name\":\"Accueil\",\"item\":\"https:\/\/www.sefal.it\/\"},{\"@type\":\"ListItem\",\"position\":2,\"name\":\"Caract\u00e9ristiques techniques\"}]},{\"@type\":\"WebSite\",\"@id\":\"https:\/\/www.sefal.it\/#website\",\"url\":\"https:\/\/www.sefal.it\/\",\"name\":\"Sefal Production S.r.l. - Produzione Morsettiere\",\"description\":\"Terminal Blocks production Italy, Asynchronous electric motor, Top Plug for electric motor\",\"potentialAction\":[{\"@type\":\"SearchAction\",\"target\":{\"@type\":\"EntryPoint\",\"urlTemplate\":\"https:\/\/www.sefal.it\/?s={search_term_string}\"},\"query-input\":{\"@type\":\"PropertyValueSpecification\",\"valueRequired\":true,\"valueName\":\"search_term_string\"}}],\"inLanguage\":\"fr-FR\"}]}<\/script>\n<!-- \/ Yoast SEO plugin. -->","yoast_head_json":{"title":"Caract\u00e9ristiques techniques - Sefal Production S.r.l. - Produzione Morsettiere","description":"Terminal Blocks production Italy, Asynchronous electric motor, Top Plug for electric motor Toutes les plaques \u00e0 bornes sont r\u00e9alis\u00e9es dans le respect de conditions de fonctionnement et de s\u00e9curit\u00e9 bien pr\u00e9cises : Les p\u00f4les, r\u00e9alis\u00e9s par","robots":{"index":"index","follow":"follow","max-snippet":"max-snippet:-1","max-image-preview":"max-image-preview:large","max-video-preview":"max-video-preview:-1"},"canonical":"https:\/\/www.sefal.it\/caratteristiche-tecniche\/","og_locale":"fr_FR","og_type":"article","og_title":"Caract\u00e9ristiques techniques - Sefal Production S.r.l. - Produzione Morsettiere","og_description":"Terminal Blocks production Italy, Asynchronous electric motor, Top Plug for electric motor Toutes les plaques \u00e0 bornes sont r\u00e9alis\u00e9es dans le respect de conditions de fonctionnement et de s\u00e9curit\u00e9 bien pr\u00e9cises : Les p\u00f4les, r\u00e9alis\u00e9s par","og_url":"https:\/\/www.sefal.it\/caratteristiche-tecniche\/","og_site_name":"Sefal Production S.r.l. - Produzione Morsettiere","article_modified_time":"2024-02-28T15:36:03+00:00","twitter_misc":{"Dur\u00e9e de lecture estim\u00e9e":"3 minutes"},"schema":{"@context":"https:\/\/schema.org","@graph":[{"@type":"WebPage","@id":"https:\/\/www.sefal.it\/caratteristiche-tecniche\/","url":"https:\/\/www.sefal.it\/caratteristiche-tecniche\/","name":"Caract\u00e9ristiques techniques - Sefal Production S.r.l. - Produzione Morsettiere","isPartOf":{"@id":"https:\/\/www.sefal.it\/#website"},"datePublished":"2014-06-06T08:50:23+00:00","dateModified":"2024-02-28T15:36:03+00:00","description":"Terminal Blocks production Italy, Asynchronous electric motor, Top Plug for electric motor Toutes les plaques \u00e0 bornes sont r\u00e9alis\u00e9es dans le respect de conditions de fonctionnement et de s\u00e9curit\u00e9 bien pr\u00e9cises : Les p\u00f4les, r\u00e9alis\u00e9s par","breadcrumb":{"@id":"https:\/\/www.sefal.it\/caratteristiche-tecniche\/#breadcrumb"},"inLanguage":"fr-FR","potentialAction":[{"@type":"ReadAction","target":["https:\/\/www.sefal.it\/caratteristiche-tecniche\/"]}]},{"@type":"BreadcrumbList","@id":"https:\/\/www.sefal.it\/caratteristiche-tecniche\/#breadcrumb","itemListElement":[{"@type":"ListItem","position":1,"name":"Accueil","item":"https:\/\/www.sefal.it\/"},{"@type":"ListItem","position":2,"name":"Caract\u00e9ristiques techniques"}]},{"@type":"WebSite","@id":"https:\/\/www.sefal.it\/#website","url":"https:\/\/www.sefal.it\/","name":"Sefal Production S.r.l. - Produzione Morsettiere","description":"Terminal Blocks production Italy, Asynchronous electric motor, Top Plug for electric motor","potentialAction":[{"@type":"SearchAction","target":{"@type":"EntryPoint","urlTemplate":"https:\/\/www.sefal.it\/?s={search_term_string}"},"query-input":{"@type":"PropertyValueSpecification","valueRequired":true,"valueName":"search_term_string"}}],"inLanguage":"fr-FR"}]}},"_links":{"self":[{"href":"https:\/\/www.sefal.it\/fr\/wp-json\/wp\/v2\/pages\/116","targetHints":{"allow":["GET"]}}],"collection":[{"href":"https:\/\/www.sefal.it\/fr\/wp-json\/wp\/v2\/pages"}],"about":[{"href":"https:\/\/www.sefal.it\/fr\/wp-json\/wp\/v2\/types\/page"}],"author":[{"embeddable":true,"href":"https:\/\/www.sefal.it\/fr\/wp-json\/wp\/v2\/users\/1"}],"replies":[{"embeddable":true,"href":"https:\/\/www.sefal.it\/fr\/wp-json\/wp\/v2\/comments?post=116"}],"version-history":[{"count":2,"href":"https:\/\/www.sefal.it\/fr\/wp-json\/wp\/v2\/pages\/116\/revisions"}],"predecessor-version":[{"id":1851,"href":"https:\/\/www.sefal.it\/fr\/wp-json\/wp\/v2\/pages\/116\/revisions\/1851"}],"wp:attachment":[{"href":"https:\/\/www.sefal.it\/fr\/wp-json\/wp\/v2\/media?parent=116"}],"curies":[{"name":"wp","href":"https:\/\/api.w.org\/{rel}","templated":true}]}}