{"id":554,"date":"2014-07-11T10:43:10","date_gmt":"2014-07-11T08:43:10","guid":{"rendered":"http:\/\/www.sefal.it\/prodotto\/morsettiera-65x65-a-89-perni-m6-2\/"},"modified":"2017-03-27T12:21:34","modified_gmt":"2017-03-27T10:21:34","slug":"morsettiera-65x65-a-89-perni-m6","status":"publish","type":"product","link":"https:\/\/www.sefal.it\/es\/product\/morsettiera-65x65-a-89-perni-m6\/","title":{"rendered":"Tablero de bornes 65&#215;65 8\/9 pernos M6"},"content":{"rendered":"<p>Perno est\u00e1ndar en lat\u00f3n. Suministro en hierro cincado bajo pedido<\/p>\n<p>\u00datiles para la alimentaci\u00f3n de dispositivos auxiliares (por ejemplo: freno electromagn\u00e9tico en corriente continua, servoventilaci\u00f3n asistida, termoprotectores bimet\u00e1licos incorporados en los bobinados del motor, sondas PTC, etc.) cuyas conexiones volantes no est\u00e1n permitidas por las normativas.<br \/>\nLa presencia del noveno perno sirve para las tensiones dobles.<br \/>\nNOTA: Marcado de siglas a discreci\u00f3n del cliente.<\/p>\n<table width=\"100%\" border=\"0\" cellspacing=\"0\" cellpadding=\"5\" bgcolor=\"#f5f5f5\">\n<tbody>\n<tr>\n<td><span style=\"font-family: verdana; font-size: xx-small;\"><b>DATOS T\u00c9CNICOS<\/b><\/span><\/td>\n<\/tr>\n<\/tbody>\n<\/table>\n<p><img loading=\"lazy\" decoding=\"async\" alt=\"\" src=\"http:\/\/www.sefal.it\/immagini\/ita\/schede\/schema1\/65x65.gif\" width=\"377\" height=\"294\" border=\"0\" \/><\/p>\n<p>&nbsp;<\/p>\n<table width=\"100%\" border=\"0\" cellspacing=\"0\" cellpadding=\"5\" bgcolor=\"#f5f5f5\">\n<tbody>\n<tr>\n<td><span style=\"font-family: verdana; font-size: xx-small;\"><b>DIBUJOS T\u00c9CNICOS DE PERNOS Y ACCESORIOS, CON NORMAS DE REFERENCIA EN LOS CASOS REQUERIDOS<\/b><\/span><\/td>\n<\/tr>\n<\/tbody>\n<\/table>\n<p>&nbsp;<\/p>\n<table width=\"100%\" border=\"0\" cellspacing=\"2\" cellpadding=\"3\">\n<tbody>\n<tr>\n<td bgcolor=\"#f5f5f5\"><span style=\"font-family: verdana; font-size: xx-small;\">Perno M6<\/span><\/td>\n<td width=\"10\"><\/td>\n<td><span style=\"font-family: verdana; font-size: xx-small;\">Uni 5541-65 \/ 5542-65 \/ 4535-64<\/span><\/td>\n<\/tr>\n<tr>\n<td bgcolor=\"#f5f5f5\"><span style=\"font-family: verdana; font-size: xx-small;\">Tuerca M6<\/span><\/td>\n<td width=\"10\"><\/td>\n<td><span style=\"font-family: verdana; font-size: xx-small;\">Din 934 = Uni 5588<\/span><\/td>\n<\/tr>\n<tr>\n<td bgcolor=\"#f5f5f5\"><span style=\"font-family: verdana; font-size: xx-small;\">Arandelas M6<\/span><\/td>\n<td width=\"10\"><\/td>\n<td><span style=\"font-family: verdana; font-size: xx-small;\">Din 125 = Uni 6592<\/span><\/td>\n<\/tr>\n<tr>\n<td bgcolor=\"#f5f5f5\"><span style=\"font-family: verdana; font-size: xx-small;\">Planchas M6 distancia entre ejes 15 mm<\/span><\/td>\n<td width=\"10\"><\/td>\n<td><span style=\"font-family: verdana; font-size: xx-small;\">No hay una norma espec\u00edfica; para el m\u00ednimo ticknesses Din 125 se utiliza como el est\u00e1ndar de referencia<\/span><\/td>\n<\/tr>\n<tr>\n<td bgcolor=\"#f5f5f5\"><span style=\"font-family: verdana; font-size: xx-small;\">Perno carga de torsi\u00f3n<\/span><\/td>\n<td width=\"10\"><\/td>\n<td>4 N.m<\/td>\n<\/tr>\n<tr>\n<td bgcolor=\"#f5f5f5\"><span style=\"font-family: verdana; font-size: xx-small;\">Certificados UL<\/span><\/td>\n<td width=\"10\"><\/td>\n<td><span style=\"font-family: verdana; font-size: xx-small;\">File n\u00b0 E213748<\/span><\/td>\n<\/tr>\n<\/tbody>\n<\/table>\n<table width=\"100%\" border=\"0\" cellspacing=\"0\" cellpadding=\"5\" bgcolor=\"#f5f5f5\">\n<tbody>\n<tr>\n<td><span style=\"font-family: verdana; font-size: xx-small;\"><b>ACCESORIOS DE METAL OPCIONALES<\/b><\/span><\/td>\n<\/tr>\n<\/tbody>\n<\/table>\n<p>Los accesorios pueden componerse en funci\u00f3n de las exigencias y necesidades del cliente. En todo caso, \u00e9stos pueden suministrarse en un paquete \u00fanico o por separado, en bolsas individuales.<\/p>\n<p>&nbsp;<\/p>\n<p style=\"text-align: center;\"><a href=\"http:\/\/www.sefal.it\/wp-content\/uploads\/2014\/07\/morsettiere-50x50.jpg\"><img loading=\"lazy\" decoding=\"async\" class=\"alignnone size-full wp-image-375\" alt=\"morsettiere-50x50\" src=\"http:\/\/www.sefal.it\/wp-content\/uploads\/2014\/07\/morsettiere-50x50.jpg\" width=\"377\" height=\"116\" srcset=\"https:\/\/www.sefal.it\/wp-content\/uploads\/2014\/07\/morsettiere-50x50.jpg 377w, https:\/\/www.sefal.it\/wp-content\/uploads\/2014\/07\/morsettiere-50x50-375x116.jpg 375w, https:\/\/www.sefal.it\/wp-content\/uploads\/2014\/07\/morsettiere-50x50-300x92.jpg 300w, https:\/\/www.sefal.it\/wp-content\/uploads\/2014\/07\/morsettiere-50x50-120x36.jpg 120w\" sizes=\"auto, (max-width: 377px) 100vw, 377px\" \/><\/a><\/p>\n<p><a href=\"http:\/\/www.sefal.it\/wp-content\/uploads\/2014\/07\/morsettiera-pdf-65x65.pdf\" target=\"_blank\"><img decoding=\"async\" class=\"alignnone size-full wp-image-571\" alt=\"pdf download\" src=\"http:\/\/www.sefal.it\/wp-content\/uploads\/2014\/07\/pdf-download.jpg\" \/><\/a><\/p>\n","protected":false},"excerpt":{"rendered":"<p>Perno est\u00e1ndar en lat\u00f3n. Suministro en hierro cincado bajo pedido \u00datiles para la alimentaci\u00f3n de dispositivos auxiliares (por ejemplo: freno electromagn\u00e9tico en corriente continua, servoventilaci\u00f3n asistida, termoprotectores bimet\u00e1licos incorporados en&#8230;<\/p>\n","protected":false},"featured_media":788,"comment_status":"closed","ping_status":"closed","template":"","meta":[],"product_brand":[],"product_cat":[67],"product_tag":[],"class_list":{"0":"post-554","1":"product","2":"type-product","3":"status-publish","4":"has-post-thumbnail","6":"product_cat-tableros-de-bornes-con-89-pernos","8":"first","9":"instock","10":"shipping-taxable","11":"product-type-simple"},"yoast_head":"<!-- This site is optimized with the Yoast SEO plugin v27.1.1 - https:\/\/yoast.com\/product\/yoast-seo-wordpress\/ -->\n<title>Tablero de bornes 65x65 8\/9 pernos M6 - Sefal Production S.r.l. - Produzione Morsettiere<\/title>\n<meta name=\"description\" content=\"Terminal Blocks production Italy, Asynchronous electric motor, Top Plug for electric motor Perno est\u00e1ndar en lat\u00f3n. Suministro en hierro cincado bajo pedido \u00datiles para la alimentaci\u00f3n de dispositivos auxiliares (por ejemplo: freno\" \/>\n<meta name=\"robots\" content=\"index, follow, max-snippet:-1, max-image-preview:large, max-video-preview:-1\" \/>\n<link rel=\"canonical\" href=\"https:\/\/www.sefal.it\/product\/morsettiera-65x65-a-89-perni-m6\/\" \/>\n<meta property=\"og:locale\" content=\"es_ES\" \/>\n<meta property=\"og:type\" content=\"article\" \/>\n<meta property=\"og:title\" content=\"Tablero de bornes 65x65 8\/9 pernos M6 - Sefal Production S.r.l. - Produzione Morsettiere\" \/>\n<meta property=\"og:description\" content=\"Terminal Blocks production Italy, Asynchronous electric motor, Top Plug for electric motor Perno est\u00e1ndar en lat\u00f3n. Suministro en hierro cincado bajo pedido \u00datiles para la alimentaci\u00f3n de dispositivos auxiliares (por ejemplo: freno\" \/>\n<meta property=\"og:url\" content=\"https:\/\/www.sefal.it\/product\/morsettiera-65x65-a-89-perni-m6\/\" \/>\n<meta property=\"og:site_name\" content=\"Sefal Production S.r.l. - Produzione Morsettiere\" \/>\n<meta property=\"article:modified_time\" content=\"2017-03-27T10:21:34+00:00\" \/>\n<meta property=\"og:image\" content=\"https:\/\/www.sefal.it\/wp-content\/uploads\/2014\/07\/65x65-M6.jpg\" \/>\n\t<meta property=\"og:image:width\" content=\"500\" \/>\n\t<meta property=\"og:image:height\" content=\"500\" \/>\n\t<meta property=\"og:image:type\" content=\"image\/jpeg\" \/>\n<meta name=\"twitter:label1\" content=\"Tiempo de lectura\" \/>\n\t<meta name=\"twitter:data1\" content=\"1 minuto\" \/>\n<script type=\"application\/ld+json\" class=\"yoast-schema-graph\">{\"@context\":\"https:\/\/schema.org\",\"@graph\":[{\"@type\":\"WebPage\",\"@id\":\"https:\/\/www.sefal.it\/product\/morsettiera-65x65-a-89-perni-m6\/\",\"url\":\"https:\/\/www.sefal.it\/product\/morsettiera-65x65-a-89-perni-m6\/\",\"name\":\"Tablero de bornes 65x65 8\/9 pernos M6 - Sefal Production S.r.l. - Produzione Morsettiere\",\"isPartOf\":{\"@id\":\"https:\/\/www.sefal.it\/#website\"},\"primaryImageOfPage\":{\"@id\":\"https:\/\/www.sefal.it\/product\/morsettiera-65x65-a-89-perni-m6\/#primaryimage\"},\"image\":{\"@id\":\"https:\/\/www.sefal.it\/product\/morsettiera-65x65-a-89-perni-m6\/#primaryimage\"},\"thumbnailUrl\":\"https:\/\/www.sefal.it\/wp-content\/uploads\/2014\/07\/65x65-M6.jpg\",\"datePublished\":\"2014-07-11T08:43:10+00:00\",\"dateModified\":\"2017-03-27T10:21:34+00:00\",\"description\":\"Terminal Blocks production Italy, Asynchronous electric motor, Top Plug for electric motor Perno est\u00e1ndar en lat\u00f3n. Suministro en hierro cincado bajo pedido \u00datiles para la alimentaci\u00f3n de dispositivos auxiliares (por ejemplo: freno\",\"breadcrumb\":{\"@id\":\"https:\/\/www.sefal.it\/product\/morsettiera-65x65-a-89-perni-m6\/#breadcrumb\"},\"inLanguage\":\"es\",\"potentialAction\":[{\"@type\":\"ReadAction\",\"target\":[\"https:\/\/www.sefal.it\/product\/morsettiera-65x65-a-89-perni-m6\/\"]}]},{\"@type\":\"ImageObject\",\"inLanguage\":\"es\",\"@id\":\"https:\/\/www.sefal.it\/product\/morsettiera-65x65-a-89-perni-m6\/#primaryimage\",\"url\":\"https:\/\/www.sefal.it\/wp-content\/uploads\/2014\/07\/65x65-M6.jpg\",\"contentUrl\":\"https:\/\/www.sefal.it\/wp-content\/uploads\/2014\/07\/65x65-M6.jpg\",\"width\":500,\"height\":500},{\"@type\":\"BreadcrumbList\",\"@id\":\"https:\/\/www.sefal.it\/product\/morsettiera-65x65-a-89-perni-m6\/#breadcrumb\",\"itemListElement\":[{\"@type\":\"ListItem\",\"position\":1,\"name\":\"Portada\",\"item\":\"https:\/\/www.sefal.it\/\"},{\"@type\":\"ListItem\",\"position\":2,\"name\":\"Prodotti\",\"item\":\"https:\/\/www.sefal.it\/prodotti-2\/\"},{\"@type\":\"ListItem\",\"position\":3,\"name\":\"Tablero de bornes 65&#215;65 8\/9 pernos M6\"}]},{\"@type\":\"WebSite\",\"@id\":\"https:\/\/www.sefal.it\/#website\",\"url\":\"https:\/\/www.sefal.it\/\",\"name\":\"Sefal Production S.r.l. - Produzione Morsettiere\",\"description\":\"Terminal Blocks production Italy, Asynchronous electric motor, Top Plug for electric motor\",\"potentialAction\":[{\"@type\":\"SearchAction\",\"target\":{\"@type\":\"EntryPoint\",\"urlTemplate\":\"https:\/\/www.sefal.it\/?s={search_term_string}\"},\"query-input\":{\"@type\":\"PropertyValueSpecification\",\"valueRequired\":true,\"valueName\":\"search_term_string\"}}],\"inLanguage\":\"es\"}]}<\/script>\n<!-- \/ Yoast SEO plugin. -->","yoast_head_json":{"title":"Tablero de bornes 65x65 8\/9 pernos M6 - Sefal Production S.r.l. - Produzione Morsettiere","description":"Terminal Blocks production Italy, Asynchronous electric motor, Top Plug for electric motor Perno est\u00e1ndar en lat\u00f3n. Suministro en hierro cincado bajo pedido \u00datiles para la alimentaci\u00f3n de dispositivos auxiliares (por ejemplo: freno","robots":{"index":"index","follow":"follow","max-snippet":"max-snippet:-1","max-image-preview":"max-image-preview:large","max-video-preview":"max-video-preview:-1"},"canonical":"https:\/\/www.sefal.it\/product\/morsettiera-65x65-a-89-perni-m6\/","og_locale":"es_ES","og_type":"article","og_title":"Tablero de bornes 65x65 8\/9 pernos M6 - Sefal Production S.r.l. - Produzione Morsettiere","og_description":"Terminal Blocks production Italy, Asynchronous electric motor, Top Plug for electric motor Perno est\u00e1ndar en lat\u00f3n. Suministro en hierro cincado bajo pedido \u00datiles para la alimentaci\u00f3n de dispositivos auxiliares (por ejemplo: freno","og_url":"https:\/\/www.sefal.it\/product\/morsettiera-65x65-a-89-perni-m6\/","og_site_name":"Sefal Production S.r.l. - Produzione Morsettiere","article_modified_time":"2017-03-27T10:21:34+00:00","og_image":[{"width":500,"height":500,"url":"https:\/\/www.sefal.it\/wp-content\/uploads\/2014\/07\/65x65-M6.jpg","type":"image\/jpeg"}],"twitter_misc":{"Tiempo de lectura":"1 minuto"},"schema":{"@context":"https:\/\/schema.org","@graph":[{"@type":"WebPage","@id":"https:\/\/www.sefal.it\/product\/morsettiera-65x65-a-89-perni-m6\/","url":"https:\/\/www.sefal.it\/product\/morsettiera-65x65-a-89-perni-m6\/","name":"Tablero de bornes 65x65 8\/9 pernos M6 - Sefal Production S.r.l. - Produzione Morsettiere","isPartOf":{"@id":"https:\/\/www.sefal.it\/#website"},"primaryImageOfPage":{"@id":"https:\/\/www.sefal.it\/product\/morsettiera-65x65-a-89-perni-m6\/#primaryimage"},"image":{"@id":"https:\/\/www.sefal.it\/product\/morsettiera-65x65-a-89-perni-m6\/#primaryimage"},"thumbnailUrl":"https:\/\/www.sefal.it\/wp-content\/uploads\/2014\/07\/65x65-M6.jpg","datePublished":"2014-07-11T08:43:10+00:00","dateModified":"2017-03-27T10:21:34+00:00","description":"Terminal Blocks production Italy, Asynchronous electric motor, Top Plug for electric motor Perno est\u00e1ndar en lat\u00f3n. Suministro en hierro cincado bajo pedido \u00datiles para la alimentaci\u00f3n de dispositivos auxiliares (por ejemplo: freno","breadcrumb":{"@id":"https:\/\/www.sefal.it\/product\/morsettiera-65x65-a-89-perni-m6\/#breadcrumb"},"inLanguage":"es","potentialAction":[{"@type":"ReadAction","target":["https:\/\/www.sefal.it\/product\/morsettiera-65x65-a-89-perni-m6\/"]}]},{"@type":"ImageObject","inLanguage":"es","@id":"https:\/\/www.sefal.it\/product\/morsettiera-65x65-a-89-perni-m6\/#primaryimage","url":"https:\/\/www.sefal.it\/wp-content\/uploads\/2014\/07\/65x65-M6.jpg","contentUrl":"https:\/\/www.sefal.it\/wp-content\/uploads\/2014\/07\/65x65-M6.jpg","width":500,"height":500},{"@type":"BreadcrumbList","@id":"https:\/\/www.sefal.it\/product\/morsettiera-65x65-a-89-perni-m6\/#breadcrumb","itemListElement":[{"@type":"ListItem","position":1,"name":"Portada","item":"https:\/\/www.sefal.it\/"},{"@type":"ListItem","position":2,"name":"Prodotti","item":"https:\/\/www.sefal.it\/prodotti-2\/"},{"@type":"ListItem","position":3,"name":"Tablero de bornes 65&#215;65 8\/9 pernos M6"}]},{"@type":"WebSite","@id":"https:\/\/www.sefal.it\/#website","url":"https:\/\/www.sefal.it\/","name":"Sefal Production S.r.l. - Produzione Morsettiere","description":"Terminal Blocks production Italy, Asynchronous electric motor, Top Plug for electric motor","potentialAction":[{"@type":"SearchAction","target":{"@type":"EntryPoint","urlTemplate":"https:\/\/www.sefal.it\/?s={search_term_string}"},"query-input":{"@type":"PropertyValueSpecification","valueRequired":true,"valueName":"search_term_string"}}],"inLanguage":"es"}]}},"_links":{"self":[{"href":"https:\/\/www.sefal.it\/es\/wp-json\/wp\/v2\/product\/554","targetHints":{"allow":["GET"]}}],"collection":[{"href":"https:\/\/www.sefal.it\/es\/wp-json\/wp\/v2\/product"}],"about":[{"href":"https:\/\/www.sefal.it\/es\/wp-json\/wp\/v2\/types\/product"}],"replies":[{"embeddable":true,"href":"https:\/\/www.sefal.it\/es\/wp-json\/wp\/v2\/comments?post=554"}],"wp:featuredmedia":[{"embeddable":true,"href":"https:\/\/www.sefal.it\/es\/wp-json\/wp\/v2\/media\/788"}],"wp:attachment":[{"href":"https:\/\/www.sefal.it\/es\/wp-json\/wp\/v2\/media?parent=554"}],"wp:term":[{"taxonomy":"product_brand","embeddable":true,"href":"https:\/\/www.sefal.it\/es\/wp-json\/wp\/v2\/product_brand?post=554"},{"taxonomy":"product_cat","embeddable":true,"href":"https:\/\/www.sefal.it\/es\/wp-json\/wp\/v2\/product_cat?post=554"},{"taxonomy":"product_tag","embeddable":true,"href":"https:\/\/www.sefal.it\/es\/wp-json\/wp\/v2\/product_tag?post=554"}],"curies":[{"name":"wp","href":"https:\/\/api.w.org\/{rel}","templated":true}]}}