{"id":472,"date":"2014-07-11T10:48:44","date_gmt":"2014-07-11T08:48:44","guid":{"rendered":"http:\/\/www.sefal.it\/prodotto\/connettore-rapido-per-morsetterie-2\/"},"modified":"2024-02-29T09:31:55","modified_gmt":"2024-02-29T08:31:55","slug":"connettore-rapido-per-morsetterie","status":"publish","type":"product","link":"https:\/\/www.sefal.it\/es\/product\/connettore-rapido-per-morsetterie\/","title":{"rendered":"Conector r\u00e1pido para tableros de bornes"},"content":{"rendered":"<p>Conector r\u00e1pido para tableros de bornes de motores el\u00e9ctricos as\u00edncronos trif\u00e1sicos y monof\u00e1sicos para aplicaciones en clase F o H (seg\u00fan IEC34-1) a baja tensi\u00f3n (\u2264600V).<\/p>\n<p>Cualquier solicitud relativa a tipos de conectores especiales ser\u00e1 sometida a nuestra Oficina de Dise\u00f1o, que la examinar\u00e1 debidamente.<\/p>\n<p><a style=\"line-height: 1.5em;\" href=\"http:\/\/www.sefal.it\/wp-content\/uploads\/2014\/07\/topplug3.jpg\"><br \/>\n<img loading=\"lazy\" decoding=\"async\" class=\"alignnone size-full wp-image-459\" src=\"http:\/\/www.sefal.it\/wp-content\/uploads\/2014\/07\/topplug3.jpg\" alt=\"topplug3\" width=\"210\" height=\"244\" srcset=\"https:\/\/www.sefal.it\/wp-content\/uploads\/2014\/07\/topplug3.jpg 210w, https:\/\/www.sefal.it\/wp-content\/uploads\/2014\/07\/topplug3-120x139.jpg 120w\" sizes=\"auto, (max-width: 210px) 100vw, 210px\" \/><\/a><a style=\"line-height: 1.5em;\" href=\"http:\/\/www.sefal.it\/wp-content\/uploads\/2014\/07\/topplug2.jpg\"><img loading=\"lazy\" decoding=\"async\" class=\"alignnone size-full wp-image-460\" src=\"http:\/\/www.sefal.it\/wp-content\/uploads\/2014\/07\/topplug2.jpg\" alt=\"topplug2\" width=\"210\" height=\"320\" srcset=\"https:\/\/www.sefal.it\/wp-content\/uploads\/2014\/07\/topplug2.jpg 210w, https:\/\/www.sefal.it\/wp-content\/uploads\/2014\/07\/topplug2-196x300.jpg 196w, https:\/\/www.sefal.it\/wp-content\/uploads\/2014\/07\/topplug2-120x182.jpg 120w\" sizes=\"auto, (max-width: 210px) 100vw, 210px\" \/><\/a><\/p>\n<p>TOP PLUG es un accesorio indispensable para garantizar seguridad y rapidez del flujo de trabajo en el banco de ensayo.<br \/>\nTOP PLUG se conecta en pocos segundos y, gracias a la palanca de bloqueo, permite el movimiento sucesivo del motor sobre el banco en condiciones completamente seguras. Las partes el\u00e9ctricas conectadas quedan inaccesibles y, por lo tanto, no crean problemas al operador.<br \/>\nTOP PLUG es una elecci\u00f3n segura, plenamente conforme con los est\u00e1ndares de seguridad europeos. Un peque\u00f1o accesorio que no puede faltar.<\/p>\n","protected":false},"excerpt":{"rendered":"<p>Conector r\u00e1pido para tableros de bornes de motores el\u00e9ctricos as\u00edncronos trif\u00e1sicos y monof\u00e1sicos para aplicaciones en clase F o H (seg\u00fan IEC34-1) a baja tensi\u00f3n (\u2264600V). Cualquier solicitud relativa a&#8230;<\/p>\n","protected":false},"featured_media":1892,"comment_status":"closed","ping_status":"closed","template":"","meta":[],"product_brand":[],"product_cat":[45],"product_tag":[],"class_list":{"0":"post-472","1":"product","2":"type-product","3":"status-publish","4":"has-post-thumbnail","6":"product_cat-top-plug-es","8":"first","9":"instock","10":"shipping-taxable","11":"product-type-simple"},"yoast_head":"<!-- This site is optimized with the Yoast SEO plugin v27.1.1 - https:\/\/yoast.com\/product\/yoast-seo-wordpress\/ -->\n<title>Conector r\u00e1pido para tableros de bornes - Sefal Production S.r.l. - Produzione Morsettiere<\/title>\n<meta name=\"description\" content=\"Terminal Blocks production Italy, Asynchronous electric motor, Top Plug for electric motor Conector r\u00e1pido para tableros de bornes de motores el\u00e9ctricos as\u00edncronos trif\u00e1sicos y monof\u00e1sicos para aplicaciones en clase F o H (seg\u00fan IEC34-1) a baja\" \/>\n<meta name=\"robots\" content=\"index, follow, max-snippet:-1, max-image-preview:large, max-video-preview:-1\" \/>\n<link rel=\"canonical\" href=\"https:\/\/www.sefal.it\/product\/connettore-rapido-per-morsetterie\/\" \/>\n<meta property=\"og:locale\" content=\"es_ES\" \/>\n<meta property=\"og:type\" content=\"article\" \/>\n<meta property=\"og:title\" content=\"Conector r\u00e1pido para tableros de bornes - Sefal Production S.r.l. - Produzione Morsettiere\" \/>\n<meta property=\"og:description\" content=\"Terminal Blocks production Italy, Asynchronous electric motor, Top Plug for electric motor Conector r\u00e1pido para tableros de bornes de motores el\u00e9ctricos as\u00edncronos trif\u00e1sicos y monof\u00e1sicos para aplicaciones en clase F o H (seg\u00fan IEC34-1) a baja\" \/>\n<meta property=\"og:url\" content=\"https:\/\/www.sefal.it\/product\/connettore-rapido-per-morsetterie\/\" \/>\n<meta property=\"og:site_name\" content=\"Sefal Production S.r.l. - Produzione Morsettiere\" \/>\n<meta property=\"article:modified_time\" content=\"2024-02-29T08:31:55+00:00\" \/>\n<meta property=\"og:image\" content=\"https:\/\/www.sefal.it\/wp-content\/uploads\/2014\/07\/topplug-sefal-production.jpg\" \/>\n\t<meta property=\"og:image:width\" content=\"500\" \/>\n\t<meta property=\"og:image:height\" content=\"500\" \/>\n\t<meta property=\"og:image:type\" content=\"image\/jpeg\" \/>\n<meta name=\"twitter:label1\" content=\"Tiempo de lectura\" \/>\n\t<meta name=\"twitter:data1\" content=\"1 minuto\" \/>\n<script type=\"application\/ld+json\" class=\"yoast-schema-graph\">{\"@context\":\"https:\/\/schema.org\",\"@graph\":[{\"@type\":\"WebPage\",\"@id\":\"https:\/\/www.sefal.it\/product\/connettore-rapido-per-morsetterie\/\",\"url\":\"https:\/\/www.sefal.it\/product\/connettore-rapido-per-morsetterie\/\",\"name\":\"Conector r\u00e1pido para tableros de bornes - Sefal Production S.r.l. - Produzione Morsettiere\",\"isPartOf\":{\"@id\":\"https:\/\/www.sefal.it\/#website\"},\"primaryImageOfPage\":{\"@id\":\"https:\/\/www.sefal.it\/product\/connettore-rapido-per-morsetterie\/#primaryimage\"},\"image\":{\"@id\":\"https:\/\/www.sefal.it\/product\/connettore-rapido-per-morsetterie\/#primaryimage\"},\"thumbnailUrl\":\"https:\/\/www.sefal.it\/wp-content\/uploads\/2014\/07\/topplug-sefal-production.jpg\",\"datePublished\":\"2014-07-11T08:48:44+00:00\",\"dateModified\":\"2024-02-29T08:31:55+00:00\",\"description\":\"Terminal Blocks production Italy, Asynchronous electric motor, Top Plug for electric motor Conector r\u00e1pido para tableros de bornes de motores el\u00e9ctricos as\u00edncronos trif\u00e1sicos y monof\u00e1sicos para aplicaciones en clase F o H (seg\u00fan IEC34-1) a baja\",\"breadcrumb\":{\"@id\":\"https:\/\/www.sefal.it\/product\/connettore-rapido-per-morsetterie\/#breadcrumb\"},\"inLanguage\":\"es\",\"potentialAction\":[{\"@type\":\"ReadAction\",\"target\":[\"https:\/\/www.sefal.it\/product\/connettore-rapido-per-morsetterie\/\"]}]},{\"@type\":\"ImageObject\",\"inLanguage\":\"es\",\"@id\":\"https:\/\/www.sefal.it\/product\/connettore-rapido-per-morsetterie\/#primaryimage\",\"url\":\"https:\/\/www.sefal.it\/wp-content\/uploads\/2014\/07\/topplug-sefal-production.jpg\",\"contentUrl\":\"https:\/\/www.sefal.it\/wp-content\/uploads\/2014\/07\/topplug-sefal-production.jpg\",\"width\":500,\"height\":500},{\"@type\":\"BreadcrumbList\",\"@id\":\"https:\/\/www.sefal.it\/product\/connettore-rapido-per-morsetterie\/#breadcrumb\",\"itemListElement\":[{\"@type\":\"ListItem\",\"position\":1,\"name\":\"Portada\",\"item\":\"https:\/\/www.sefal.it\/\"},{\"@type\":\"ListItem\",\"position\":2,\"name\":\"Prodotti\",\"item\":\"https:\/\/www.sefal.it\/prodotti-2\/\"},{\"@type\":\"ListItem\",\"position\":3,\"name\":\"Conector r\u00e1pido para tableros de bornes\"}]},{\"@type\":\"WebSite\",\"@id\":\"https:\/\/www.sefal.it\/#website\",\"url\":\"https:\/\/www.sefal.it\/\",\"name\":\"Sefal Production S.r.l. - Produzione Morsettiere\",\"description\":\"Terminal Blocks production Italy, Asynchronous electric motor, Top Plug for electric motor\",\"potentialAction\":[{\"@type\":\"SearchAction\",\"target\":{\"@type\":\"EntryPoint\",\"urlTemplate\":\"https:\/\/www.sefal.it\/?s={search_term_string}\"},\"query-input\":{\"@type\":\"PropertyValueSpecification\",\"valueRequired\":true,\"valueName\":\"search_term_string\"}}],\"inLanguage\":\"es\"}]}<\/script>\n<!-- \/ Yoast SEO plugin. -->","yoast_head_json":{"title":"Conector r\u00e1pido para tableros de bornes - Sefal Production S.r.l. - Produzione Morsettiere","description":"Terminal Blocks production Italy, Asynchronous electric motor, Top Plug for electric motor Conector r\u00e1pido para tableros de bornes de motores el\u00e9ctricos as\u00edncronos trif\u00e1sicos y monof\u00e1sicos para aplicaciones en clase F o H (seg\u00fan IEC34-1) a baja","robots":{"index":"index","follow":"follow","max-snippet":"max-snippet:-1","max-image-preview":"max-image-preview:large","max-video-preview":"max-video-preview:-1"},"canonical":"https:\/\/www.sefal.it\/product\/connettore-rapido-per-morsetterie\/","og_locale":"es_ES","og_type":"article","og_title":"Conector r\u00e1pido para tableros de bornes - Sefal Production S.r.l. - Produzione Morsettiere","og_description":"Terminal Blocks production Italy, Asynchronous electric motor, Top Plug for electric motor Conector r\u00e1pido para tableros de bornes de motores el\u00e9ctricos as\u00edncronos trif\u00e1sicos y monof\u00e1sicos para aplicaciones en clase F o H (seg\u00fan IEC34-1) a baja","og_url":"https:\/\/www.sefal.it\/product\/connettore-rapido-per-morsetterie\/","og_site_name":"Sefal Production S.r.l. - Produzione Morsettiere","article_modified_time":"2024-02-29T08:31:55+00:00","og_image":[{"width":500,"height":500,"url":"https:\/\/www.sefal.it\/wp-content\/uploads\/2014\/07\/topplug-sefal-production.jpg","type":"image\/jpeg"}],"twitter_misc":{"Tiempo de lectura":"1 minuto"},"schema":{"@context":"https:\/\/schema.org","@graph":[{"@type":"WebPage","@id":"https:\/\/www.sefal.it\/product\/connettore-rapido-per-morsetterie\/","url":"https:\/\/www.sefal.it\/product\/connettore-rapido-per-morsetterie\/","name":"Conector r\u00e1pido para tableros de bornes - Sefal Production S.r.l. - Produzione Morsettiere","isPartOf":{"@id":"https:\/\/www.sefal.it\/#website"},"primaryImageOfPage":{"@id":"https:\/\/www.sefal.it\/product\/connettore-rapido-per-morsetterie\/#primaryimage"},"image":{"@id":"https:\/\/www.sefal.it\/product\/connettore-rapido-per-morsetterie\/#primaryimage"},"thumbnailUrl":"https:\/\/www.sefal.it\/wp-content\/uploads\/2014\/07\/topplug-sefal-production.jpg","datePublished":"2014-07-11T08:48:44+00:00","dateModified":"2024-02-29T08:31:55+00:00","description":"Terminal Blocks production Italy, Asynchronous electric motor, Top Plug for electric motor Conector r\u00e1pido para tableros de bornes de motores el\u00e9ctricos as\u00edncronos trif\u00e1sicos y monof\u00e1sicos para aplicaciones en clase F o H (seg\u00fan IEC34-1) a baja","breadcrumb":{"@id":"https:\/\/www.sefal.it\/product\/connettore-rapido-per-morsetterie\/#breadcrumb"},"inLanguage":"es","potentialAction":[{"@type":"ReadAction","target":["https:\/\/www.sefal.it\/product\/connettore-rapido-per-morsetterie\/"]}]},{"@type":"ImageObject","inLanguage":"es","@id":"https:\/\/www.sefal.it\/product\/connettore-rapido-per-morsetterie\/#primaryimage","url":"https:\/\/www.sefal.it\/wp-content\/uploads\/2014\/07\/topplug-sefal-production.jpg","contentUrl":"https:\/\/www.sefal.it\/wp-content\/uploads\/2014\/07\/topplug-sefal-production.jpg","width":500,"height":500},{"@type":"BreadcrumbList","@id":"https:\/\/www.sefal.it\/product\/connettore-rapido-per-morsetterie\/#breadcrumb","itemListElement":[{"@type":"ListItem","position":1,"name":"Portada","item":"https:\/\/www.sefal.it\/"},{"@type":"ListItem","position":2,"name":"Prodotti","item":"https:\/\/www.sefal.it\/prodotti-2\/"},{"@type":"ListItem","position":3,"name":"Conector r\u00e1pido para tableros de bornes"}]},{"@type":"WebSite","@id":"https:\/\/www.sefal.it\/#website","url":"https:\/\/www.sefal.it\/","name":"Sefal Production S.r.l. - Produzione Morsettiere","description":"Terminal Blocks production Italy, Asynchronous electric motor, Top Plug for electric motor","potentialAction":[{"@type":"SearchAction","target":{"@type":"EntryPoint","urlTemplate":"https:\/\/www.sefal.it\/?s={search_term_string}"},"query-input":{"@type":"PropertyValueSpecification","valueRequired":true,"valueName":"search_term_string"}}],"inLanguage":"es"}]}},"_links":{"self":[{"href":"https:\/\/www.sefal.it\/es\/wp-json\/wp\/v2\/product\/472","targetHints":{"allow":["GET"]}}],"collection":[{"href":"https:\/\/www.sefal.it\/es\/wp-json\/wp\/v2\/product"}],"about":[{"href":"https:\/\/www.sefal.it\/es\/wp-json\/wp\/v2\/types\/product"}],"replies":[{"embeddable":true,"href":"https:\/\/www.sefal.it\/es\/wp-json\/wp\/v2\/comments?post=472"}],"wp:featuredmedia":[{"embeddable":true,"href":"https:\/\/www.sefal.it\/es\/wp-json\/wp\/v2\/media\/1892"}],"wp:attachment":[{"href":"https:\/\/www.sefal.it\/es\/wp-json\/wp\/v2\/media?parent=472"}],"wp:term":[{"taxonomy":"product_brand","embeddable":true,"href":"https:\/\/www.sefal.it\/es\/wp-json\/wp\/v2\/product_brand?post=472"},{"taxonomy":"product_cat","embeddable":true,"href":"https:\/\/www.sefal.it\/es\/wp-json\/wp\/v2\/product_cat?post=472"},{"taxonomy":"product_tag","embeddable":true,"href":"https:\/\/www.sefal.it\/es\/wp-json\/wp\/v2\/product_tag?post=472"}],"curies":[{"name":"wp","href":"https:\/\/api.w.org\/{rel}","templated":true}]}}