{"id":131,"date":"2014-06-06T10:50:46","date_gmt":"2014-06-06T08:50:46","guid":{"rendered":"http:\/\/www.sefal.it\/materiali-impiegati-2\/"},"modified":"2024-02-28T16:30:50","modified_gmt":"2024-02-28T15:30:50","slug":"materiali-impiegati","status":"publish","type":"page","link":"https:\/\/www.sefal.it\/es\/materiali-impiegati\/","title":{"rendered":"Materiales utilizados"},"content":{"rendered":"[vc_row type=\u00bbin_container\u00bb full_screen_row_position=\u00bbmiddle\u00bb column_margin=\u00bbdefault\u00bb column_direction=\u00bbdefault\u00bb column_direction_tablet=\u00bbdefault\u00bb column_direction_phone=\u00bbdefault\u00bb scene_position=\u00bbcenter\u00bb top_padding=\u00bb3%\u00bb text_color=\u00bbdark\u00bb text_align=\u00bbleft\u00bb row_border_radius=\u00bbnone\u00bb row_border_radius_applies=\u00bbbg\u00bb overflow=\u00bbvisible\u00bb overlay_strength=\u00bb0.3&#8243; gradient_direction=\u00bbleft_to_right\u00bb shape_divider_position=\u00bbbottom\u00bb bg_image_animation=\u00bbnone\u00bb gradient_type=\u00bbdefault\u00bb shape_type=\u00bb\u00bb][vc_column column_padding=\u00bbno-extra-padding\u00bb column_padding_tablet=\u00bbinherit\u00bb column_padding_phone=\u00bbinherit\u00bb column_padding_position=\u00bball\u00bb column_element_direction_desktop=\u00bbdefault\u00bb column_element_spacing=\u00bbdefault\u00bb desktop_text_alignment=\u00bbdefault\u00bb tablet_text_alignment=\u00bbdefault\u00bb phone_text_alignment=\u00bbdefault\u00bb background_color_opacity=\u00bb1&#8243; background_hover_color_opacity=\u00bb1&#8243; column_backdrop_filter=\u00bbnone\u00bb column_shadow=\u00bbnone\u00bb column_border_radius=\u00bbnone\u00bb column_link_target=\u00bb_self\u00bb column_position=\u00bbdefault\u00bb gradient_direction=\u00bbleft_to_right\u00bb overlay_strength=\u00bb0.3&#8243; width=\u00bb2\/3&#8243; tablet_width_inherit=\u00bbdefault\u00bb animation_type=\u00bbdefault\u00bb bg_image_animation=\u00bbnone\u00bb border_type=\u00bbsimple\u00bb column_border_width=\u00bbnone\u00bb column_border_style=\u00bbsolid\u00bb][vc_column_text text_direction=\u00bbdefault\u00bb]Los tableros de bornes se fabrican con material aislante autoextinguible con \u00f3ptimas propiedades mec\u00e1nicas, t\u00e9rmicas y diel\u00e9ctricas.<\/p>\n<p>Las caracter\u00edsticas principales del material se indican en las siguientes p\u00e1ginas.<\/p>\n<p>Por lo que respecta a los pernos de los tableros de bornes y sus relativos accesorios (tuercas, arandelas, planchas de conexi\u00f3n), el material utilizado es el lat\u00f3n, escogido por sus buenas caracter\u00edsticas de conductividad y resistencia a la corrosi\u00f3n, que lo hacen id\u00f3neo para el empleo incluso en ambientes agresivos, como aquellos salinos.<\/p>\n<p>Es posible solicitar el suministro de tableros de bornes con perno y accesorios en hierro cincado.[\/vc_column_text][divider line_type=\u00bbNo Line\u00bb custom_height=\u00bb30&#8243;][nectar_woo_products product_type=\u00bball\u00bb category=\u00bbmorsettiere\u00bb columns=\u00bb4&#8243; flickity_mobile_column_width=\u00bb100%\u00bb orderby=\u00bbdate\u00bb order=\u00bbDESC\u00bb carousel=\u00bb1&#8243; script=\u00bbflickity\u00bb flickity_wrap=\u00bbno-wrap\u00bb flickity_overflow=\u00bbhidden\u00bb flickity_controls=\u00bbarrows-and-text\u00bb flickity_group_cells=\u00bbdefault\u00bb flickity_item_animation=\u00bbnone\u00bb flickity_heading_tag=\u00bbh2&#8243; item_shadow=\u00bb1&#8243; carousel_script=\u00bbflickity\u00bb per_page=\u00bb8&#8243;][\/vc_column][vc_column column_padding=\u00bbpadding-3-percent\u00bb column_padding_tablet=\u00bbinherit\u00bb column_padding_phone=\u00bbinherit\u00bb column_padding_position=\u00bball\u00bb column_element_direction_desktop=\u00bbdefault\u00bb column_element_spacing=\u00bbdefault\u00bb desktop_text_alignment=\u00bbdefault\u00bb tablet_text_alignment=\u00bbdefault\u00bb phone_text_alignment=\u00bbdefault\u00bb background_color_opacity=\u00bb1&#8243; background_hover_color_opacity=\u00bb1&#8243; column_backdrop_filter=\u00bbnone\u00bb column_shadow=\u00bbnone\u00bb column_border_radius=\u00bbnone\u00bb column_link_target=\u00bb_self\u00bb column_position=\u00bbdefault\u00bb gradient_direction=\u00bbleft_to_right\u00bb overlay_strength=\u00bb0.3&#8243; width=\u00bb1\/3&#8243; tablet_width_inherit=\u00bbdefault\u00bb animation_type=\u00bbdefault\u00bb bg_image_animation=\u00bbnone\u00bb border_type=\u00bbsimple\u00bb column_border_width=\u00bbnone\u00bb column_border_style=\u00bbsolid\u00bb column_padding_type=\u00bbdefault\u00bb gradient_type=\u00bbdefault\u00bb][vc_widget_sidebar sidebar_id=\u00bbpage-sidebar\u00bb][\/vc_column][\/vc_row]\n","protected":false},"excerpt":{"rendered":"<p>[vc_row type=\u00bbin_container\u00bb full_screen_row_position=\u00bbmiddle\u00bb column_margin=\u00bbdefault\u00bb column_direction=\u00bbdefault\u00bb column_direction_tablet=\u00bbdefault\u00bb column_direction_phone=\u00bbdefault\u00bb scene_position=\u00bbcenter\u00bb top_padding=\u00bb3%\u00bb text_color=\u00bbdark\u00bb text_align=\u00bbleft\u00bb row_border_radius=\u00bbnone\u00bb row_border_radius_applies=\u00bbbg\u00bb overflow=\u00bbvisible\u00bb overlay_strength=\u00bb0.3&#8243; gradient_direction=\u00bbleft_to_right\u00bb shape_divider_position=\u00bbbottom\u00bb bg_image_animation=\u00bbnone\u00bb gradient_type=\u00bbdefault\u00bb shape_type=\u00bb\u00bb][vc_column column_padding=\u00bbno-extra-padding\u00bb column_padding_tablet=\u00bbinherit\u00bb column_padding_phone=\u00bbinherit\u00bb column_padding_position=\u00bball\u00bb column_element_direction_desktop=\u00bbdefault\u00bb column_element_spacing=\u00bbdefault\u00bb desktop_text_alignment=\u00bbdefault\u00bb tablet_text_alignment=\u00bbdefault\u00bb phone_text_alignment=\u00bbdefault\u00bb background_color_opacity=\u00bb1&#8243;&#8230;<\/p>\n","protected":false},"author":1,"featured_media":0,"parent":0,"menu_order":0,"comment_status":"open","ping_status":"open","template":"","meta":{"footnotes":""},"class_list":["post-131","page","type-page","status-publish"],"yoast_head":"<!-- This site is optimized with the Yoast SEO plugin v27.1.1 - https:\/\/yoast.com\/product\/yoast-seo-wordpress\/ -->\n<title>Materiales utilizados - Sefal Production S.r.l. - Produzione Morsettiere<\/title>\n<meta name=\"description\" content=\"Terminal Blocks production Italy, Asynchronous electric motor, Top Plug for electric motor Los tableros de bornes se fabrican con material aislante autoextinguible con \u00f3ptimas propiedades mec\u00e1nicas, t\u00e9rmicas y diel\u00e9ctricas. Las caracter\u00edsticas\" \/>\n<meta name=\"robots\" content=\"index, follow, max-snippet:-1, max-image-preview:large, max-video-preview:-1\" \/>\n<link rel=\"canonical\" href=\"https:\/\/www.sefal.it\/materiali-impiegati\/\" \/>\n<meta property=\"og:locale\" content=\"es_ES\" \/>\n<meta property=\"og:type\" content=\"article\" \/>\n<meta property=\"og:title\" content=\"Materiales utilizados - Sefal Production S.r.l. - Produzione Morsettiere\" \/>\n<meta property=\"og:description\" content=\"Terminal Blocks production Italy, Asynchronous electric motor, Top Plug for electric motor Los tableros de bornes se fabrican con material aislante autoextinguible con \u00f3ptimas propiedades mec\u00e1nicas, t\u00e9rmicas y diel\u00e9ctricas. Las caracter\u00edsticas\" \/>\n<meta property=\"og:url\" content=\"https:\/\/www.sefal.it\/materiali-impiegati\/\" \/>\n<meta property=\"og:site_name\" content=\"Sefal Production S.r.l. - Produzione Morsettiere\" \/>\n<meta property=\"article:modified_time\" content=\"2024-02-28T15:30:50+00:00\" \/>\n<meta name=\"twitter:label1\" content=\"Tiempo de lectura\" \/>\n\t<meta name=\"twitter:data1\" content=\"2 minutos\" \/>\n<script type=\"application\/ld+json\" class=\"yoast-schema-graph\">{\"@context\":\"https:\/\/schema.org\",\"@graph\":[{\"@type\":\"WebPage\",\"@id\":\"https:\/\/www.sefal.it\/materiali-impiegati\/\",\"url\":\"https:\/\/www.sefal.it\/materiali-impiegati\/\",\"name\":\"Materiales utilizados - Sefal Production S.r.l. - Produzione Morsettiere\",\"isPartOf\":{\"@id\":\"https:\/\/www.sefal.it\/#website\"},\"datePublished\":\"2014-06-06T08:50:46+00:00\",\"dateModified\":\"2024-02-28T15:30:50+00:00\",\"description\":\"Terminal Blocks production Italy, Asynchronous electric motor, Top Plug for electric motor Los tableros de bornes se fabrican con material aislante autoextinguible con \u00f3ptimas propiedades mec\u00e1nicas, t\u00e9rmicas y diel\u00e9ctricas. Las caracter\u00edsticas\",\"breadcrumb\":{\"@id\":\"https:\/\/www.sefal.it\/materiali-impiegati\/#breadcrumb\"},\"inLanguage\":\"es\",\"potentialAction\":[{\"@type\":\"ReadAction\",\"target\":[\"https:\/\/www.sefal.it\/materiali-impiegati\/\"]}]},{\"@type\":\"BreadcrumbList\",\"@id\":\"https:\/\/www.sefal.it\/materiali-impiegati\/#breadcrumb\",\"itemListElement\":[{\"@type\":\"ListItem\",\"position\":1,\"name\":\"Portada\",\"item\":\"https:\/\/www.sefal.it\/\"},{\"@type\":\"ListItem\",\"position\":2,\"name\":\"Materiales utilizados\"}]},{\"@type\":\"WebSite\",\"@id\":\"https:\/\/www.sefal.it\/#website\",\"url\":\"https:\/\/www.sefal.it\/\",\"name\":\"Sefal Production S.r.l. - Produzione Morsettiere\",\"description\":\"Terminal Blocks production Italy, Asynchronous electric motor, Top Plug for electric motor\",\"potentialAction\":[{\"@type\":\"SearchAction\",\"target\":{\"@type\":\"EntryPoint\",\"urlTemplate\":\"https:\/\/www.sefal.it\/?s={search_term_string}\"},\"query-input\":{\"@type\":\"PropertyValueSpecification\",\"valueRequired\":true,\"valueName\":\"search_term_string\"}}],\"inLanguage\":\"es\"}]}<\/script>\n<!-- \/ Yoast SEO plugin. -->","yoast_head_json":{"title":"Materiales utilizados - Sefal Production S.r.l. - Produzione Morsettiere","description":"Terminal Blocks production Italy, Asynchronous electric motor, Top Plug for electric motor Los tableros de bornes se fabrican con material aislante autoextinguible con \u00f3ptimas propiedades mec\u00e1nicas, t\u00e9rmicas y diel\u00e9ctricas. Las caracter\u00edsticas","robots":{"index":"index","follow":"follow","max-snippet":"max-snippet:-1","max-image-preview":"max-image-preview:large","max-video-preview":"max-video-preview:-1"},"canonical":"https:\/\/www.sefal.it\/materiali-impiegati\/","og_locale":"es_ES","og_type":"article","og_title":"Materiales utilizados - Sefal Production S.r.l. - Produzione Morsettiere","og_description":"Terminal Blocks production Italy, Asynchronous electric motor, Top Plug for electric motor Los tableros de bornes se fabrican con material aislante autoextinguible con \u00f3ptimas propiedades mec\u00e1nicas, t\u00e9rmicas y diel\u00e9ctricas. Las caracter\u00edsticas","og_url":"https:\/\/www.sefal.it\/materiali-impiegati\/","og_site_name":"Sefal Production S.r.l. - Produzione Morsettiere","article_modified_time":"2024-02-28T15:30:50+00:00","twitter_misc":{"Tiempo de lectura":"2 minutos"},"schema":{"@context":"https:\/\/schema.org","@graph":[{"@type":"WebPage","@id":"https:\/\/www.sefal.it\/materiali-impiegati\/","url":"https:\/\/www.sefal.it\/materiali-impiegati\/","name":"Materiales utilizados - Sefal Production S.r.l. - Produzione Morsettiere","isPartOf":{"@id":"https:\/\/www.sefal.it\/#website"},"datePublished":"2014-06-06T08:50:46+00:00","dateModified":"2024-02-28T15:30:50+00:00","description":"Terminal Blocks production Italy, Asynchronous electric motor, Top Plug for electric motor Los tableros de bornes se fabrican con material aislante autoextinguible con \u00f3ptimas propiedades mec\u00e1nicas, t\u00e9rmicas y diel\u00e9ctricas. Las caracter\u00edsticas","breadcrumb":{"@id":"https:\/\/www.sefal.it\/materiali-impiegati\/#breadcrumb"},"inLanguage":"es","potentialAction":[{"@type":"ReadAction","target":["https:\/\/www.sefal.it\/materiali-impiegati\/"]}]},{"@type":"BreadcrumbList","@id":"https:\/\/www.sefal.it\/materiali-impiegati\/#breadcrumb","itemListElement":[{"@type":"ListItem","position":1,"name":"Portada","item":"https:\/\/www.sefal.it\/"},{"@type":"ListItem","position":2,"name":"Materiales utilizados"}]},{"@type":"WebSite","@id":"https:\/\/www.sefal.it\/#website","url":"https:\/\/www.sefal.it\/","name":"Sefal Production S.r.l. - Produzione Morsettiere","description":"Terminal Blocks production Italy, Asynchronous electric motor, Top Plug for electric motor","potentialAction":[{"@type":"SearchAction","target":{"@type":"EntryPoint","urlTemplate":"https:\/\/www.sefal.it\/?s={search_term_string}"},"query-input":{"@type":"PropertyValueSpecification","valueRequired":true,"valueName":"search_term_string"}}],"inLanguage":"es"}]}},"_links":{"self":[{"href":"https:\/\/www.sefal.it\/es\/wp-json\/wp\/v2\/pages\/131","targetHints":{"allow":["GET"]}}],"collection":[{"href":"https:\/\/www.sefal.it\/es\/wp-json\/wp\/v2\/pages"}],"about":[{"href":"https:\/\/www.sefal.it\/es\/wp-json\/wp\/v2\/types\/page"}],"author":[{"embeddable":true,"href":"https:\/\/www.sefal.it\/es\/wp-json\/wp\/v2\/users\/1"}],"replies":[{"embeddable":true,"href":"https:\/\/www.sefal.it\/es\/wp-json\/wp\/v2\/comments?post=131"}],"version-history":[{"count":2,"href":"https:\/\/www.sefal.it\/es\/wp-json\/wp\/v2\/pages\/131\/revisions"}],"predecessor-version":[{"id":1845,"href":"https:\/\/www.sefal.it\/es\/wp-json\/wp\/v2\/pages\/131\/revisions\/1845"}],"wp:attachment":[{"href":"https:\/\/www.sefal.it\/es\/wp-json\/wp\/v2\/media?parent=131"}],"curies":[{"name":"wp","href":"https:\/\/api.w.org\/{rel}","templated":true}]}}