{"id":121,"date":"2014-06-06T10:50:23","date_gmt":"2014-06-06T08:50:23","guid":{"rendered":"http:\/\/www.sefal.it\/caratteristiche-tecniche-2\/"},"modified":"2024-02-28T16:37:54","modified_gmt":"2024-02-28T15:37:54","slug":"caratteristiche-tecniche","status":"publish","type":"page","link":"https:\/\/www.sefal.it\/es\/caratteristiche-tecniche\/","title":{"rendered":"Caracter\u00edsticas t\u00e9cnicas"},"content":{"rendered":"[vc_row type=\u00bbin_container\u00bb full_screen_row_position=\u00bbmiddle\u00bb column_margin=\u00bbdefault\u00bb column_direction=\u00bbdefault\u00bb column_direction_tablet=\u00bbdefault\u00bb column_direction_phone=\u00bbdefault\u00bb scene_position=\u00bbcenter\u00bb top_padding=\u00bb3%\u00bb text_color=\u00bbdark\u00bb text_align=\u00bbleft\u00bb row_border_radius=\u00bbnone\u00bb row_border_radius_applies=\u00bbbg\u00bb overflow=\u00bbvisible\u00bb overlay_strength=\u00bb0.3&#8243; gradient_direction=\u00bbleft_to_right\u00bb shape_divider_position=\u00bbbottom\u00bb bg_image_animation=\u00bbnone\u00bb gradient_type=\u00bbdefault\u00bb shape_type=\u00bb\u00bb][vc_column column_padding=\u00bbno-extra-padding\u00bb column_padding_tablet=\u00bbinherit\u00bb column_padding_phone=\u00bbinherit\u00bb column_padding_position=\u00bball\u00bb column_element_direction_desktop=\u00bbdefault\u00bb column_element_spacing=\u00bbdefault\u00bb desktop_text_alignment=\u00bbdefault\u00bb tablet_text_alignment=\u00bbdefault\u00bb phone_text_alignment=\u00bbdefault\u00bb background_color_opacity=\u00bb1&#8243; background_hover_color_opacity=\u00bb1&#8243; column_backdrop_filter=\u00bbnone\u00bb column_shadow=\u00bbnone\u00bb column_border_radius=\u00bbnone\u00bb column_link_target=\u00bb_self\u00bb column_position=\u00bbdefault\u00bb gradient_direction=\u00bbleft_to_right\u00bb overlay_strength=\u00bb0.3&#8243; width=\u00bb2\/3&#8243; tablet_width_inherit=\u00bbdefault\u00bb animation_type=\u00bbdefault\u00bb bg_image_animation=\u00bbnone\u00bb border_type=\u00bbsimple\u00bb column_border_width=\u00bbnone\u00bb column_border_style=\u00bbsolid\u00bb][vc_column_text text_direction=\u00bbdefault\u00bb]Todos los tableros de bornes se fabrican respetando requisitos espec\u00edficos de funcionamiento y seguridad:<\/p>\n<ul>\n<li>Los pernos, obtenidos por moldeado o torneado, tienen una base troncoc\u00f3nica con una muesca en forma de cruz para evitar su rotaci\u00f3n o desplazamiento axial y la consecuente extracci\u00f3n de su alojamiento en el tablero de bornes.<\/li>\n<li>La forma del alojamiento del perno ha sido estudiada para permitir el uso de destornilladores autom\u00e1ticos para el ajuste de las tuercas.<\/li>\n<li>Todos los tableros de bornes son perfectamente intercambiables con los que ya existen en comercio, pero, gracias a la opci\u00f3n del perno con 15 mm de altura, permiten utilizar el r\u00e1pido y funcional sistema de ensayo a presi\u00f3n. De hecho, los tableros de bornes pueden suministrarse con pernos H.12 y H15 mm, en funci\u00f3n de las exigencias y necesidades.<\/li>\n<li>De conformidad con la norma UL1004 \u00abElectric Motors\u00bb para tensiones de \u2264600V, los tableros de bornes han sido estudiados para evitar la rotaci\u00f3n de los terminales de cable en su alojamiento (consecuencia del aflojamiento de las tuercas de ajuste causado por las vibraciones del motor), ya que al entrar en contacto entre s\u00ed o con las paredes del tablero podr\u00edan causar un cortocircuito en el circuito el\u00e9ctrico. Los tableros de bornes permiten el empleo de terminales de cable normales o preaislados.<\/li>\n<li>Marcado de siglas personalizado al l\u00e1ser: la nueva tecnolog\u00eda de impresi\u00f3n por l\u00e1ser permite marcar el tablero de bornes de acuerdo a las especificaciones de cada cliente.<\/li>\n<\/ul>\n[\/vc_column_text][divider line_type=\u00bbNo Line\u00bb custom_height=\u00bb30&#8243;][nectar_woo_products product_type=\u00bball\u00bb category=\u00bbmorsettiere\u00bb columns=\u00bb4&#8243; flickity_mobile_column_width=\u00bb100%\u00bb orderby=\u00bbdate\u00bb order=\u00bbDESC\u00bb carousel=\u00bb1&#8243; script=\u00bbflickity\u00bb flickity_wrap=\u00bbno-wrap\u00bb flickity_overflow=\u00bbhidden\u00bb flickity_controls=\u00bbarrows-and-text\u00bb flickity_group_cells=\u00bbdefault\u00bb flickity_item_animation=\u00bbnone\u00bb flickity_heading_tag=\u00bbh2&#8243; item_shadow=\u00bb1&#8243; carousel_script=\u00bbflickity\u00bb per_page=\u00bb8&#8243;][\/vc_column][vc_column column_padding=\u00bbpadding-3-percent\u00bb column_padding_tablet=\u00bbinherit\u00bb column_padding_phone=\u00bbinherit\u00bb column_padding_position=\u00bball\u00bb column_element_direction_desktop=\u00bbdefault\u00bb column_element_spacing=\u00bbdefault\u00bb desktop_text_alignment=\u00bbdefault\u00bb tablet_text_alignment=\u00bbdefault\u00bb phone_text_alignment=\u00bbdefault\u00bb background_color_opacity=\u00bb1&#8243; background_hover_color_opacity=\u00bb1&#8243; column_backdrop_filter=\u00bbnone\u00bb column_shadow=\u00bbnone\u00bb column_border_radius=\u00bbnone\u00bb column_link_target=\u00bb_self\u00bb column_position=\u00bbdefault\u00bb gradient_direction=\u00bbleft_to_right\u00bb overlay_strength=\u00bb0.3&#8243; width=\u00bb1\/3&#8243; tablet_width_inherit=\u00bbdefault\u00bb animation_type=\u00bbdefault\u00bb bg_image_animation=\u00bbnone\u00bb border_type=\u00bbsimple\u00bb column_border_width=\u00bbnone\u00bb column_border_style=\u00bbsolid\u00bb column_padding_type=\u00bbdefault\u00bb gradient_type=\u00bbdefault\u00bb][vc_widget_sidebar sidebar_id=\u00bbpage-sidebar\u00bb][\/vc_column][\/vc_row]\n","protected":false},"excerpt":{"rendered":"<p>[vc_row type=\u00bbin_container\u00bb full_screen_row_position=\u00bbmiddle\u00bb column_margin=\u00bbdefault\u00bb column_direction=\u00bbdefault\u00bb column_direction_tablet=\u00bbdefault\u00bb column_direction_phone=\u00bbdefault\u00bb scene_position=\u00bbcenter\u00bb top_padding=\u00bb3%\u00bb text_color=\u00bbdark\u00bb text_align=\u00bbleft\u00bb row_border_radius=\u00bbnone\u00bb row_border_radius_applies=\u00bbbg\u00bb overflow=\u00bbvisible\u00bb overlay_strength=\u00bb0.3&#8243; gradient_direction=\u00bbleft_to_right\u00bb shape_divider_position=\u00bbbottom\u00bb bg_image_animation=\u00bbnone\u00bb gradient_type=\u00bbdefault\u00bb shape_type=\u00bb\u00bb][vc_column column_padding=\u00bbno-extra-padding\u00bb column_padding_tablet=\u00bbinherit\u00bb column_padding_phone=\u00bbinherit\u00bb column_padding_position=\u00bball\u00bb column_element_direction_desktop=\u00bbdefault\u00bb column_element_spacing=\u00bbdefault\u00bb desktop_text_alignment=\u00bbdefault\u00bb tablet_text_alignment=\u00bbdefault\u00bb phone_text_alignment=\u00bbdefault\u00bb background_color_opacity=\u00bb1&#8243;&#8230;<\/p>\n","protected":false},"author":1,"featured_media":0,"parent":0,"menu_order":0,"comment_status":"open","ping_status":"open","template":"","meta":{"footnotes":""},"class_list":["post-121","page","type-page","status-publish"],"yoast_head":"<!-- This site is optimized with the Yoast SEO plugin v27.1.1 - https:\/\/yoast.com\/product\/yoast-seo-wordpress\/ -->\n<title>Caracter\u00edsticas t\u00e9cnicas - Sefal Production S.r.l. - Produzione Morsettiere<\/title>\n<meta name=\"description\" content=\"Terminal Blocks production Italy, Asynchronous electric motor, Top Plug for electric motor Todos los tableros de bornes se fabrican respetando requisitos espec\u00edficos de funcionamiento y seguridad: Los pernos, obtenidos por moldeado o torneado,\" \/>\n<meta name=\"robots\" content=\"index, follow, max-snippet:-1, max-image-preview:large, max-video-preview:-1\" \/>\n<link rel=\"canonical\" href=\"https:\/\/www.sefal.it\/caratteristiche-tecniche\/\" \/>\n<meta property=\"og:locale\" content=\"es_ES\" \/>\n<meta property=\"og:type\" content=\"article\" \/>\n<meta property=\"og:title\" content=\"Caracter\u00edsticas t\u00e9cnicas - Sefal Production S.r.l. - Produzione Morsettiere\" \/>\n<meta property=\"og:description\" content=\"Terminal Blocks production Italy, Asynchronous electric motor, Top Plug for electric motor Todos los tableros de bornes se fabrican respetando requisitos espec\u00edficos de funcionamiento y seguridad: Los pernos, obtenidos por moldeado o torneado,\" \/>\n<meta property=\"og:url\" content=\"https:\/\/www.sefal.it\/caratteristiche-tecniche\/\" \/>\n<meta property=\"og:site_name\" content=\"Sefal Production S.r.l. - Produzione Morsettiere\" \/>\n<meta property=\"article:modified_time\" content=\"2024-02-28T15:37:54+00:00\" \/>\n<meta name=\"twitter:label1\" content=\"Tiempo de lectura\" \/>\n\t<meta name=\"twitter:data1\" content=\"3 minutos\" \/>\n<script type=\"application\/ld+json\" class=\"yoast-schema-graph\">{\"@context\":\"https:\/\/schema.org\",\"@graph\":[{\"@type\":\"WebPage\",\"@id\":\"https:\/\/www.sefal.it\/caratteristiche-tecniche\/\",\"url\":\"https:\/\/www.sefal.it\/caratteristiche-tecniche\/\",\"name\":\"Caracter\u00edsticas t\u00e9cnicas - Sefal Production S.r.l. - Produzione Morsettiere\",\"isPartOf\":{\"@id\":\"https:\/\/www.sefal.it\/#website\"},\"datePublished\":\"2014-06-06T08:50:23+00:00\",\"dateModified\":\"2024-02-28T15:37:54+00:00\",\"description\":\"Terminal Blocks production Italy, Asynchronous electric motor, Top Plug for electric motor Todos los tableros de bornes se fabrican respetando requisitos espec\u00edficos de funcionamiento y seguridad: Los pernos, obtenidos por moldeado o torneado,\",\"breadcrumb\":{\"@id\":\"https:\/\/www.sefal.it\/caratteristiche-tecniche\/#breadcrumb\"},\"inLanguage\":\"es\",\"potentialAction\":[{\"@type\":\"ReadAction\",\"target\":[\"https:\/\/www.sefal.it\/caratteristiche-tecniche\/\"]}]},{\"@type\":\"BreadcrumbList\",\"@id\":\"https:\/\/www.sefal.it\/caratteristiche-tecniche\/#breadcrumb\",\"itemListElement\":[{\"@type\":\"ListItem\",\"position\":1,\"name\":\"Portada\",\"item\":\"https:\/\/www.sefal.it\/\"},{\"@type\":\"ListItem\",\"position\":2,\"name\":\"Caracter\u00edsticas t\u00e9cnicas\"}]},{\"@type\":\"WebSite\",\"@id\":\"https:\/\/www.sefal.it\/#website\",\"url\":\"https:\/\/www.sefal.it\/\",\"name\":\"Sefal Production S.r.l. - Produzione Morsettiere\",\"description\":\"Terminal Blocks production Italy, Asynchronous electric motor, Top Plug for electric motor\",\"potentialAction\":[{\"@type\":\"SearchAction\",\"target\":{\"@type\":\"EntryPoint\",\"urlTemplate\":\"https:\/\/www.sefal.it\/?s={search_term_string}\"},\"query-input\":{\"@type\":\"PropertyValueSpecification\",\"valueRequired\":true,\"valueName\":\"search_term_string\"}}],\"inLanguage\":\"es\"}]}<\/script>\n<!-- \/ Yoast SEO plugin. -->","yoast_head_json":{"title":"Caracter\u00edsticas t\u00e9cnicas - Sefal Production S.r.l. - Produzione Morsettiere","description":"Terminal Blocks production Italy, Asynchronous electric motor, Top Plug for electric motor Todos los tableros de bornes se fabrican respetando requisitos espec\u00edficos de funcionamiento y seguridad: Los pernos, obtenidos por moldeado o torneado,","robots":{"index":"index","follow":"follow","max-snippet":"max-snippet:-1","max-image-preview":"max-image-preview:large","max-video-preview":"max-video-preview:-1"},"canonical":"https:\/\/www.sefal.it\/caratteristiche-tecniche\/","og_locale":"es_ES","og_type":"article","og_title":"Caracter\u00edsticas t\u00e9cnicas - Sefal Production S.r.l. - Produzione Morsettiere","og_description":"Terminal Blocks production Italy, Asynchronous electric motor, Top Plug for electric motor Todos los tableros de bornes se fabrican respetando requisitos espec\u00edficos de funcionamiento y seguridad: Los pernos, obtenidos por moldeado o torneado,","og_url":"https:\/\/www.sefal.it\/caratteristiche-tecniche\/","og_site_name":"Sefal Production S.r.l. - Produzione Morsettiere","article_modified_time":"2024-02-28T15:37:54+00:00","twitter_misc":{"Tiempo de lectura":"3 minutos"},"schema":{"@context":"https:\/\/schema.org","@graph":[{"@type":"WebPage","@id":"https:\/\/www.sefal.it\/caratteristiche-tecniche\/","url":"https:\/\/www.sefal.it\/caratteristiche-tecniche\/","name":"Caracter\u00edsticas t\u00e9cnicas - Sefal Production S.r.l. - Produzione Morsettiere","isPartOf":{"@id":"https:\/\/www.sefal.it\/#website"},"datePublished":"2014-06-06T08:50:23+00:00","dateModified":"2024-02-28T15:37:54+00:00","description":"Terminal Blocks production Italy, Asynchronous electric motor, Top Plug for electric motor Todos los tableros de bornes se fabrican respetando requisitos espec\u00edficos de funcionamiento y seguridad: Los pernos, obtenidos por moldeado o torneado,","breadcrumb":{"@id":"https:\/\/www.sefal.it\/caratteristiche-tecniche\/#breadcrumb"},"inLanguage":"es","potentialAction":[{"@type":"ReadAction","target":["https:\/\/www.sefal.it\/caratteristiche-tecniche\/"]}]},{"@type":"BreadcrumbList","@id":"https:\/\/www.sefal.it\/caratteristiche-tecniche\/#breadcrumb","itemListElement":[{"@type":"ListItem","position":1,"name":"Portada","item":"https:\/\/www.sefal.it\/"},{"@type":"ListItem","position":2,"name":"Caracter\u00edsticas t\u00e9cnicas"}]},{"@type":"WebSite","@id":"https:\/\/www.sefal.it\/#website","url":"https:\/\/www.sefal.it\/","name":"Sefal Production S.r.l. - Produzione Morsettiere","description":"Terminal Blocks production Italy, Asynchronous electric motor, Top Plug for electric motor","potentialAction":[{"@type":"SearchAction","target":{"@type":"EntryPoint","urlTemplate":"https:\/\/www.sefal.it\/?s={search_term_string}"},"query-input":{"@type":"PropertyValueSpecification","valueRequired":true,"valueName":"search_term_string"}}],"inLanguage":"es"}]}},"_links":{"self":[{"href":"https:\/\/www.sefal.it\/es\/wp-json\/wp\/v2\/pages\/121","targetHints":{"allow":["GET"]}}],"collection":[{"href":"https:\/\/www.sefal.it\/es\/wp-json\/wp\/v2\/pages"}],"about":[{"href":"https:\/\/www.sefal.it\/es\/wp-json\/wp\/v2\/types\/page"}],"author":[{"embeddable":true,"href":"https:\/\/www.sefal.it\/es\/wp-json\/wp\/v2\/users\/1"}],"replies":[{"embeddable":true,"href":"https:\/\/www.sefal.it\/es\/wp-json\/wp\/v2\/comments?post=121"}],"version-history":[{"count":2,"href":"https:\/\/www.sefal.it\/es\/wp-json\/wp\/v2\/pages\/121\/revisions"}],"predecessor-version":[{"id":1855,"href":"https:\/\/www.sefal.it\/es\/wp-json\/wp\/v2\/pages\/121\/revisions\/1855"}],"wp:attachment":[{"href":"https:\/\/www.sefal.it\/es\/wp-json\/wp\/v2\/media?parent=121"}],"curies":[{"name":"wp","href":"https:\/\/api.w.org\/{rel}","templated":true}]}}