{"id":605,"date":"2014-07-09T11:24:19","date_gmt":"2014-07-09T09:24:19","guid":{"rendered":"http:\/\/www.sefal.it\/prodotto\/morsettiera-95x60-6-perni-m8-2\/"},"modified":"2017-03-27T12:22:50","modified_gmt":"2017-03-27T10:22:50","slug":"morsettiera-95x60-6-perni-m8","status":"publish","type":"product","link":"https:\/\/www.sefal.it\/de\/product\/morsettiera-95x60-6-perni-m8\/","title":{"rendered":"Klemmleiste 95&#215;60 6 mit M8 Stiften"},"content":{"rendered":"<p>Standardstifte in Messing. Auf Anfrage in verzinktem Eisen.<\/p>\n<p>Besonders f\u00fcr spezifische Verwendungszwecke, z.B. asynchrone einphasige Motoren.<\/p>\n<table width=\"100%\" border=\"0\" cellspacing=\"0\" cellpadding=\"5\" bgcolor=\"#f5f5f5\">\n<tbody>\n<tr>\n<td><span style=\"font-family: verdana; font-size: xx-small;\"><b>TECHNISCHE DATEN<\/b><\/span><\/td>\n<\/tr>\n<\/tbody>\n<\/table>\n<p><img loading=\"lazy\" decoding=\"async\" alt=\"\" src=\"http:\/\/www.sefal.it\/immagini\/ita\/schede\/schema1\/95x60.gif\" width=\"377\" height=\"265\" border=\"0\" \/><\/p>\n<p>&nbsp;<\/p>\n<table width=\"100%\" border=\"0\" cellspacing=\"0\" cellpadding=\"5\" bgcolor=\"#f5f5f5\">\n<tbody>\n<tr>\n<td><span style=\"font-family: verdana; font-size: xx-small;\"><b>TECHNISCHE ZEICHNUNGEN VON STIFTEN UND ZUBEH\u00d6R; ERFORDERLICHENFALLS UNTER ANGABE DER BETREFFENDEN RICHTLINIEN<\/b><\/span><\/td>\n<\/tr>\n<\/tbody>\n<\/table>\n<p>&nbsp;<\/p>\n<table width=\"100%\" border=\"0\" cellspacing=\"2\" cellpadding=\"3\">\n<tbody>\n<tr>\n<td bgcolor=\"#f5f5f5\"><span style=\"font-family: verdana; font-size: xx-small;\">M8 Stift<\/span><\/td>\n<td width=\"10\"><\/td>\n<td><span style=\"font-family: verdana; font-size: xx-small;\">Uni 5541-65 \/ 5542-65 \/ 4535-64<\/span><\/td>\n<\/tr>\n<tr>\n<td bgcolor=\"#f5f5f5\"><span style=\"font-family: verdana; font-size: xx-small;\">M8 Mutter<\/span><\/td>\n<td width=\"10\"><\/td>\n<td><span style=\"font-family: verdana; font-size: xx-small;\">Din 934 = Uni 5588<\/span><\/td>\n<\/tr>\n<tr>\n<td bgcolor=\"#f5f5f5\"><span style=\"font-family: verdana; font-size: xx-small;\">M8 Unterlegscheiben<\/span><\/td>\n<td width=\"10\"><\/td>\n<td><span style=\"font-family: verdana; font-size: xx-small;\">Din 125 = Uni 6592<\/span><\/td>\n<\/tr>\n<tr>\n<td bgcolor=\"#f5f5f5\"><span style=\"font-family: verdana; font-size: xx-small;\">M8 Abstandspl\u00e4ttchen 35 mm<\/span><\/td>\n<td width=\"10\"><\/td>\n<td><span style=\"font-family: verdana; font-size: xx-small;\">Keine Norm; f\u00fcr die Mindest ticknesses DIN 125 als Referenzstandard verwendet wird<\/span><\/td>\n<\/tr>\n<tr>\n<td colspan=\"3\" bgcolor=\"#f5f5f5\"><span style=\"font-family: verdana; font-size: xx-small;\">Klemmenbretter ohne eigene und spezifische UL-Zulassung, aber trotzdem aus einem von Underwriters Laboratories in der Datei E111031 zugelassenen Material gefertigt.<\/span><\/td>\n<\/tr>\n<\/tbody>\n<\/table>\n<table width=\"100%\" border=\"0\" cellspacing=\"0\" cellpadding=\"5\" bgcolor=\"#f5f5f5\">\n<tbody>\n<tr>\n<td><span style=\"font-family: verdana; font-size: xx-small;\"><b>METALLISCHES ZUBEH\u00d6R<\/b><\/span><\/td>\n<\/tr>\n<\/tbody>\n<\/table>\n<p>Die Verpackungseinheiten k\u00f6nnen nach den individuellen Anforderungen und Bed\u00fcrfnissen zusammengestellt werden. Das Zubeh\u00f6r kann in einer einzigen Packung oder in Einzelverpackungen geliefert werden.<\/p>\n<p>&nbsp;<\/p>\n<p style=\"text-align: center;\"><a href=\"http:\/\/www.sefal.it\/wp-content\/uploads\/2014\/07\/morsettiere-50x50.jpg\"><img loading=\"lazy\" decoding=\"async\" class=\"alignnone size-full wp-image-375\" alt=\"morsettiere-50x50\" src=\"http:\/\/www.sefal.it\/wp-content\/uploads\/2014\/07\/morsettiere-50x50.jpg\" width=\"377\" height=\"116\" srcset=\"https:\/\/www.sefal.it\/wp-content\/uploads\/2014\/07\/morsettiere-50x50.jpg 377w, https:\/\/www.sefal.it\/wp-content\/uploads\/2014\/07\/morsettiere-50x50-375x116.jpg 375w, https:\/\/www.sefal.it\/wp-content\/uploads\/2014\/07\/morsettiere-50x50-300x92.jpg 300w, https:\/\/www.sefal.it\/wp-content\/uploads\/2014\/07\/morsettiere-50x50-120x36.jpg 120w\" sizes=\"auto, (max-width: 377px) 100vw, 377px\" \/><\/a><\/p>\n<p style=\"text-align: center;\"><a href=\"http:\/\/www.sefal.it\/wp-content\/uploads\/2014\/07\/morsettiera-dati-tecnici-2-95x60.gif\"><img loading=\"lazy\" decoding=\"async\" class=\"alignnone size-full wp-image-417\" alt=\"morsettiera-dati-tecnici-2-95x60\" src=\"http:\/\/www.sefal.it\/wp-content\/uploads\/2014\/07\/morsettiera-dati-tecnici-2-95x60.gif\" width=\"512\" height=\"309\" \/><\/a><\/p>\n<p><a href=\"http:\/\/www.sefal.it\/wp-content\/uploads\/2014\/07\/morsettiera-pdf-95x60.pdf\" target=\"_blank\"><img decoding=\"async\" class=\"alignnone size-full wp-image-571\" alt=\"pdf download\" src=\"http:\/\/www.sefal.it\/wp-content\/uploads\/2014\/07\/pdf-download.jpg\" \/><\/a><\/p>\n","protected":false},"excerpt":{"rendered":"<p>Standardstifte in Messing. Auf Anfrage in verzinktem Eisen. Besonders f\u00fcr spezifische Verwendungszwecke, z.B. asynchrone einphasige Motoren. TECHNISCHE DATEN &nbsp; TECHNISCHE ZEICHNUNGEN VON STIFTEN UND ZUBEH\u00d6R; ERFORDERLICHENFALLS UNTER ANGABE DER BETREFFENDEN&#8230;<\/p>\n","protected":false},"featured_media":794,"comment_status":"closed","ping_status":"closed","template":"","meta":[],"product_brand":[],"product_cat":[56],"product_tag":[],"class_list":{"0":"post-605","1":"product","2":"type-product","3":"status-publish","4":"has-post-thumbnail","6":"product_cat-klemmleisten-mit-3456-stiften","8":"first","9":"instock","10":"shipping-taxable","11":"product-type-simple"},"yoast_head":"<!-- This site is optimized with the Yoast SEO plugin v27.1.1 - https:\/\/yoast.com\/product\/yoast-seo-wordpress\/ -->\n<title>Klemmleiste 95x60 6 mit M8 Stiften - Sefal Production S.r.l. - Produzione Morsettiere<\/title>\n<meta name=\"description\" content=\"Terminal Blocks production Italy, Asynchronous electric motor, Top Plug for electric motor Standardstifte in Messing. Auf Anfrage in verzinktem Eisen. Besonders f\u00fcr spezifische Verwendungszwecke, z.B. asynchrone einphasige Motoren. TECHNISCHE\" \/>\n<meta name=\"robots\" content=\"index, follow, max-snippet:-1, max-image-preview:large, max-video-preview:-1\" \/>\n<link rel=\"canonical\" href=\"https:\/\/www.sefal.it\/product\/morsettiera-95x60-6-perni-m8\/\" \/>\n<meta property=\"og:locale\" content=\"de_DE\" \/>\n<meta property=\"og:type\" content=\"article\" \/>\n<meta property=\"og:title\" content=\"Klemmleiste 95x60 6 mit M8 Stiften - Sefal Production S.r.l. - Produzione Morsettiere\" \/>\n<meta property=\"og:description\" content=\"Terminal Blocks production Italy, Asynchronous electric motor, Top Plug for electric motor Standardstifte in Messing. Auf Anfrage in verzinktem Eisen. Besonders f\u00fcr spezifische Verwendungszwecke, z.B. asynchrone einphasige Motoren. TECHNISCHE\" \/>\n<meta property=\"og:url\" content=\"https:\/\/www.sefal.it\/product\/morsettiera-95x60-6-perni-m8\/\" \/>\n<meta property=\"og:site_name\" content=\"Sefal Production S.r.l. - Produzione Morsettiere\" \/>\n<meta property=\"article:modified_time\" content=\"2017-03-27T10:22:50+00:00\" \/>\n<meta property=\"og:image\" content=\"https:\/\/www.sefal.it\/wp-content\/uploads\/2014\/07\/95x60-M8.jpg\" \/>\n\t<meta property=\"og:image:width\" content=\"500\" \/>\n\t<meta property=\"og:image:height\" content=\"500\" \/>\n\t<meta property=\"og:image:type\" content=\"image\/jpeg\" \/>\n<meta name=\"twitter:label1\" content=\"Gesch\u00e4tzte Lesezeit\" \/>\n\t<meta name=\"twitter:data1\" content=\"1\u00a0Minute\" \/>\n<script type=\"application\/ld+json\" class=\"yoast-schema-graph\">{\"@context\":\"https:\/\/schema.org\",\"@graph\":[{\"@type\":\"WebPage\",\"@id\":\"https:\/\/www.sefal.it\/product\/morsettiera-95x60-6-perni-m8\/\",\"url\":\"https:\/\/www.sefal.it\/product\/morsettiera-95x60-6-perni-m8\/\",\"name\":\"Klemmleiste 95x60 6 mit M8 Stiften - Sefal Production S.r.l. - Produzione Morsettiere\",\"isPartOf\":{\"@id\":\"https:\/\/www.sefal.it\/#website\"},\"primaryImageOfPage\":{\"@id\":\"https:\/\/www.sefal.it\/product\/morsettiera-95x60-6-perni-m8\/#primaryimage\"},\"image\":{\"@id\":\"https:\/\/www.sefal.it\/product\/morsettiera-95x60-6-perni-m8\/#primaryimage\"},\"thumbnailUrl\":\"https:\/\/www.sefal.it\/wp-content\/uploads\/2014\/07\/95x60-M8.jpg\",\"datePublished\":\"2014-07-09T09:24:19+00:00\",\"dateModified\":\"2017-03-27T10:22:50+00:00\",\"description\":\"Terminal Blocks production Italy, Asynchronous electric motor, Top Plug for electric motor Standardstifte in Messing. Auf Anfrage in verzinktem Eisen. Besonders f\u00fcr spezifische Verwendungszwecke, z.B. asynchrone einphasige Motoren. TECHNISCHE\",\"breadcrumb\":{\"@id\":\"https:\/\/www.sefal.it\/product\/morsettiera-95x60-6-perni-m8\/#breadcrumb\"},\"inLanguage\":\"de\",\"potentialAction\":[{\"@type\":\"ReadAction\",\"target\":[\"https:\/\/www.sefal.it\/product\/morsettiera-95x60-6-perni-m8\/\"]}]},{\"@type\":\"ImageObject\",\"inLanguage\":\"de\",\"@id\":\"https:\/\/www.sefal.it\/product\/morsettiera-95x60-6-perni-m8\/#primaryimage\",\"url\":\"https:\/\/www.sefal.it\/wp-content\/uploads\/2014\/07\/95x60-M8.jpg\",\"contentUrl\":\"https:\/\/www.sefal.it\/wp-content\/uploads\/2014\/07\/95x60-M8.jpg\",\"width\":500,\"height\":500},{\"@type\":\"BreadcrumbList\",\"@id\":\"https:\/\/www.sefal.it\/product\/morsettiera-95x60-6-perni-m8\/#breadcrumb\",\"itemListElement\":[{\"@type\":\"ListItem\",\"position\":1,\"name\":\"Start\",\"item\":\"https:\/\/www.sefal.it\/de\/\"},{\"@type\":\"ListItem\",\"position\":2,\"name\":\"Prodotti\",\"item\":\"https:\/\/www.sefal.it\/prodotti-2\/\"},{\"@type\":\"ListItem\",\"position\":3,\"name\":\"Klemmleiste 95&#215;60 6 mit M8 Stiften\"}]},{\"@type\":\"WebSite\",\"@id\":\"https:\/\/www.sefal.it\/#website\",\"url\":\"https:\/\/www.sefal.it\/\",\"name\":\"Sefal Production S.r.l. - Produzione Morsettiere\",\"description\":\"Terminal Blocks production Italy, Asynchronous electric motor, Top Plug for electric motor\",\"potentialAction\":[{\"@type\":\"SearchAction\",\"target\":{\"@type\":\"EntryPoint\",\"urlTemplate\":\"https:\/\/www.sefal.it\/?s={search_term_string}\"},\"query-input\":{\"@type\":\"PropertyValueSpecification\",\"valueRequired\":true,\"valueName\":\"search_term_string\"}}],\"inLanguage\":\"de\"}]}<\/script>\n<!-- \/ Yoast SEO plugin. -->","yoast_head_json":{"title":"Klemmleiste 95x60 6 mit M8 Stiften - Sefal Production S.r.l. - Produzione Morsettiere","description":"Terminal Blocks production Italy, Asynchronous electric motor, Top Plug for electric motor Standardstifte in Messing. Auf Anfrage in verzinktem Eisen. Besonders f\u00fcr spezifische Verwendungszwecke, z.B. asynchrone einphasige Motoren. TECHNISCHE","robots":{"index":"index","follow":"follow","max-snippet":"max-snippet:-1","max-image-preview":"max-image-preview:large","max-video-preview":"max-video-preview:-1"},"canonical":"https:\/\/www.sefal.it\/product\/morsettiera-95x60-6-perni-m8\/","og_locale":"de_DE","og_type":"article","og_title":"Klemmleiste 95x60 6 mit M8 Stiften - Sefal Production S.r.l. - Produzione Morsettiere","og_description":"Terminal Blocks production Italy, Asynchronous electric motor, Top Plug for electric motor Standardstifte in Messing. Auf Anfrage in verzinktem Eisen. Besonders f\u00fcr spezifische Verwendungszwecke, z.B. asynchrone einphasige Motoren. TECHNISCHE","og_url":"https:\/\/www.sefal.it\/product\/morsettiera-95x60-6-perni-m8\/","og_site_name":"Sefal Production S.r.l. - Produzione Morsettiere","article_modified_time":"2017-03-27T10:22:50+00:00","og_image":[{"width":500,"height":500,"url":"https:\/\/www.sefal.it\/wp-content\/uploads\/2014\/07\/95x60-M8.jpg","type":"image\/jpeg"}],"twitter_misc":{"Gesch\u00e4tzte Lesezeit":"1\u00a0Minute"},"schema":{"@context":"https:\/\/schema.org","@graph":[{"@type":"WebPage","@id":"https:\/\/www.sefal.it\/product\/morsettiera-95x60-6-perni-m8\/","url":"https:\/\/www.sefal.it\/product\/morsettiera-95x60-6-perni-m8\/","name":"Klemmleiste 95x60 6 mit M8 Stiften - Sefal Production S.r.l. - Produzione Morsettiere","isPartOf":{"@id":"https:\/\/www.sefal.it\/#website"},"primaryImageOfPage":{"@id":"https:\/\/www.sefal.it\/product\/morsettiera-95x60-6-perni-m8\/#primaryimage"},"image":{"@id":"https:\/\/www.sefal.it\/product\/morsettiera-95x60-6-perni-m8\/#primaryimage"},"thumbnailUrl":"https:\/\/www.sefal.it\/wp-content\/uploads\/2014\/07\/95x60-M8.jpg","datePublished":"2014-07-09T09:24:19+00:00","dateModified":"2017-03-27T10:22:50+00:00","description":"Terminal Blocks production Italy, Asynchronous electric motor, Top Plug for electric motor Standardstifte in Messing. Auf Anfrage in verzinktem Eisen. Besonders f\u00fcr spezifische Verwendungszwecke, z.B. asynchrone einphasige Motoren. TECHNISCHE","breadcrumb":{"@id":"https:\/\/www.sefal.it\/product\/morsettiera-95x60-6-perni-m8\/#breadcrumb"},"inLanguage":"de","potentialAction":[{"@type":"ReadAction","target":["https:\/\/www.sefal.it\/product\/morsettiera-95x60-6-perni-m8\/"]}]},{"@type":"ImageObject","inLanguage":"de","@id":"https:\/\/www.sefal.it\/product\/morsettiera-95x60-6-perni-m8\/#primaryimage","url":"https:\/\/www.sefal.it\/wp-content\/uploads\/2014\/07\/95x60-M8.jpg","contentUrl":"https:\/\/www.sefal.it\/wp-content\/uploads\/2014\/07\/95x60-M8.jpg","width":500,"height":500},{"@type":"BreadcrumbList","@id":"https:\/\/www.sefal.it\/product\/morsettiera-95x60-6-perni-m8\/#breadcrumb","itemListElement":[{"@type":"ListItem","position":1,"name":"Start","item":"https:\/\/www.sefal.it\/de\/"},{"@type":"ListItem","position":2,"name":"Prodotti","item":"https:\/\/www.sefal.it\/prodotti-2\/"},{"@type":"ListItem","position":3,"name":"Klemmleiste 95&#215;60 6 mit M8 Stiften"}]},{"@type":"WebSite","@id":"https:\/\/www.sefal.it\/#website","url":"https:\/\/www.sefal.it\/","name":"Sefal Production S.r.l. - Produzione Morsettiere","description":"Terminal Blocks production Italy, Asynchronous electric motor, Top Plug for electric motor","potentialAction":[{"@type":"SearchAction","target":{"@type":"EntryPoint","urlTemplate":"https:\/\/www.sefal.it\/?s={search_term_string}"},"query-input":{"@type":"PropertyValueSpecification","valueRequired":true,"valueName":"search_term_string"}}],"inLanguage":"de"}]}},"_links":{"self":[{"href":"https:\/\/www.sefal.it\/de\/wp-json\/wp\/v2\/product\/605","targetHints":{"allow":["GET"]}}],"collection":[{"href":"https:\/\/www.sefal.it\/de\/wp-json\/wp\/v2\/product"}],"about":[{"href":"https:\/\/www.sefal.it\/de\/wp-json\/wp\/v2\/types\/product"}],"replies":[{"embeddable":true,"href":"https:\/\/www.sefal.it\/de\/wp-json\/wp\/v2\/comments?post=605"}],"wp:featuredmedia":[{"embeddable":true,"href":"https:\/\/www.sefal.it\/de\/wp-json\/wp\/v2\/media\/794"}],"wp:attachment":[{"href":"https:\/\/www.sefal.it\/de\/wp-json\/wp\/v2\/media?parent=605"}],"wp:term":[{"taxonomy":"product_brand","embeddable":true,"href":"https:\/\/www.sefal.it\/de\/wp-json\/wp\/v2\/product_brand?post=605"},{"taxonomy":"product_cat","embeddable":true,"href":"https:\/\/www.sefal.it\/de\/wp-json\/wp\/v2\/product_cat?post=605"},{"taxonomy":"product_tag","embeddable":true,"href":"https:\/\/www.sefal.it\/de\/wp-json\/wp\/v2\/product_tag?post=605"}],"curies":[{"name":"wp","href":"https:\/\/api.w.org\/{rel}","templated":true}]}}