{"id":471,"date":"2014-07-11T10:48:44","date_gmt":"2014-07-11T08:48:44","guid":{"rendered":"http:\/\/www.sefal.it\/prodotto\/connettore-rapido-per-morsetterie-2\/"},"modified":"2024-02-29T09:33:27","modified_gmt":"2024-02-29T08:33:27","slug":"connettore-rapido-per-morsetterie","status":"publish","type":"product","link":"https:\/\/www.sefal.it\/de\/product\/connettore-rapido-per-morsetterie\/","title":{"rendered":"Schnellverbindungsst\u00fcck f\u00fcr Klemmleisten."},"content":{"rendered":"<p>Schnellverbindungsst\u00fcck f\u00fcr Klemmleisten von asynchronen elektrischen drei- und einphasigen Motoren zur Anwendung in den Klassen F oder H (nach IEC34-1) mit Niederspannung (\u2264600V).<\/p>\n<p>Alle Anfragen, die nicht im Sortiment enthaltene Verbindungsst\u00fccke betreffen, werden von unserem Projektb\u00fcro fallweise gepr\u00fcft.<\/p>\n<p><a href=\"http:\/\/www.sefal.it\/wp-content\/uploads\/2014\/07\/topplug3.jpg\"><img loading=\"lazy\" decoding=\"async\" class=\"alignnone size-full wp-image-459\" src=\"http:\/\/www.sefal.it\/wp-content\/uploads\/2014\/07\/topplug3.jpg\" alt=\"topplug3\" width=\"210\" height=\"244\" srcset=\"https:\/\/www.sefal.it\/wp-content\/uploads\/2014\/07\/topplug3.jpg 210w, https:\/\/www.sefal.it\/wp-content\/uploads\/2014\/07\/topplug3-120x139.jpg 120w\" sizes=\"auto, (max-width: 210px) 100vw, 210px\" \/><\/a><a href=\"http:\/\/www.sefal.it\/wp-content\/uploads\/2014\/07\/topplug2.jpg\"><img loading=\"lazy\" decoding=\"async\" class=\"alignnone size-full wp-image-460\" src=\"http:\/\/www.sefal.it\/wp-content\/uploads\/2014\/07\/topplug2.jpg\" alt=\"topplug2\" width=\"210\" height=\"320\" srcset=\"https:\/\/www.sefal.it\/wp-content\/uploads\/2014\/07\/topplug2.jpg 210w, https:\/\/www.sefal.it\/wp-content\/uploads\/2014\/07\/topplug2-196x300.jpg 196w, https:\/\/www.sefal.it\/wp-content\/uploads\/2014\/07\/topplug2-120x182.jpg 120w\" sizes=\"auto, (max-width: 210px) 100vw, 210px\" \/><\/a><\/p>\n<p>TOP PLUG ist eine wertvolle Unterst\u00fctzung f\u00fcr einen sicheren und schnellen Arbeitsablauf des Testverfahrens.<\/p>\n<p>TOP PLUG startet in wenigen Sekunden und \u00fcber einen Blockierhebel gesteuert kann der Motor auf der Werkbank laufen. Die angeschlossenen elektrischen Teile sind unzug\u00e4nglich und stellen f\u00fcr den Bediener keine Gefahrenquelle dar.<\/p>\n<p>TOP PLUG ist eine sichere Wahl und entspricht den europ\u00e4ischen Sicherheitsrichtlinien in allen Punkten. Ein kleines Zubeh\u00f6r, das unersetzlich wird.<\/p>\n","protected":false},"excerpt":{"rendered":"<p>Schnellverbindungsst\u00fcck f\u00fcr Klemmleisten von asynchronen elektrischen drei- und einphasigen Motoren zur Anwendung in den Klassen F oder H (nach IEC34-1) mit Niederspannung (\u2264600V). Alle Anfragen, die nicht im Sortiment enthaltene&#8230;<\/p>\n","protected":false},"featured_media":1895,"comment_status":"closed","ping_status":"closed","template":"","meta":[],"product_brand":[],"product_cat":[44],"product_tag":[],"class_list":{"0":"post-471","1":"product","2":"type-product","3":"status-publish","4":"has-post-thumbnail","6":"product_cat-top-plug-de","8":"first","9":"instock","10":"shipping-taxable","11":"product-type-simple"},"yoast_head":"<!-- This site is optimized with the Yoast SEO plugin v27.1.1 - https:\/\/yoast.com\/product\/yoast-seo-wordpress\/ -->\n<title>Schnellverbindungsst\u00fcck f\u00fcr Klemmleisten. - Sefal Production S.r.l. - Produzione Morsettiere<\/title>\n<meta name=\"description\" content=\"Terminal Blocks production Italy, Asynchronous electric motor, Top Plug for electric motor Schnellverbindungsst\u00fcck f\u00fcr Klemmleisten von asynchronen elektrischen drei- und einphasigen Motoren zur Anwendung in den Klassen F oder H (nach IEC34-1)\" \/>\n<meta name=\"robots\" content=\"index, follow, max-snippet:-1, max-image-preview:large, max-video-preview:-1\" \/>\n<link rel=\"canonical\" href=\"https:\/\/www.sefal.it\/product\/connettore-rapido-per-morsetterie\/\" \/>\n<meta property=\"og:locale\" content=\"de_DE\" \/>\n<meta property=\"og:type\" content=\"article\" \/>\n<meta property=\"og:title\" content=\"Schnellverbindungsst\u00fcck f\u00fcr Klemmleisten. - Sefal Production S.r.l. - Produzione Morsettiere\" \/>\n<meta property=\"og:description\" content=\"Terminal Blocks production Italy, Asynchronous electric motor, Top Plug for electric motor Schnellverbindungsst\u00fcck f\u00fcr Klemmleisten von asynchronen elektrischen drei- und einphasigen Motoren zur Anwendung in den Klassen F oder H (nach IEC34-1)\" \/>\n<meta property=\"og:url\" content=\"https:\/\/www.sefal.it\/product\/connettore-rapido-per-morsetterie\/\" \/>\n<meta property=\"og:site_name\" content=\"Sefal Production S.r.l. - Produzione Morsettiere\" \/>\n<meta property=\"article:modified_time\" content=\"2024-02-29T08:33:27+00:00\" \/>\n<meta property=\"og:image\" content=\"https:\/\/www.sefal.it\/wp-content\/uploads\/2014\/07\/topplug-sefal-production.jpg\" \/>\n\t<meta property=\"og:image:width\" content=\"500\" \/>\n\t<meta property=\"og:image:height\" content=\"500\" \/>\n\t<meta property=\"og:image:type\" content=\"image\/jpeg\" \/>\n<meta name=\"twitter:label1\" content=\"Gesch\u00e4tzte Lesezeit\" \/>\n\t<meta name=\"twitter:data1\" content=\"1\u00a0Minute\" \/>\n<script type=\"application\/ld+json\" class=\"yoast-schema-graph\">{\"@context\":\"https:\/\/schema.org\",\"@graph\":[{\"@type\":\"WebPage\",\"@id\":\"https:\/\/www.sefal.it\/product\/connettore-rapido-per-morsetterie\/\",\"url\":\"https:\/\/www.sefal.it\/product\/connettore-rapido-per-morsetterie\/\",\"name\":\"Schnellverbindungsst\u00fcck f\u00fcr Klemmleisten. - Sefal Production S.r.l. - Produzione Morsettiere\",\"isPartOf\":{\"@id\":\"https:\/\/www.sefal.it\/#website\"},\"primaryImageOfPage\":{\"@id\":\"https:\/\/www.sefal.it\/product\/connettore-rapido-per-morsetterie\/#primaryimage\"},\"image\":{\"@id\":\"https:\/\/www.sefal.it\/product\/connettore-rapido-per-morsetterie\/#primaryimage\"},\"thumbnailUrl\":\"https:\/\/www.sefal.it\/wp-content\/uploads\/2014\/07\/topplug-sefal-production.jpg\",\"datePublished\":\"2014-07-11T08:48:44+00:00\",\"dateModified\":\"2024-02-29T08:33:27+00:00\",\"description\":\"Terminal Blocks production Italy, Asynchronous electric motor, Top Plug for electric motor Schnellverbindungsst\u00fcck f\u00fcr Klemmleisten von asynchronen elektrischen drei- und einphasigen Motoren zur Anwendung in den Klassen F oder H (nach IEC34-1)\",\"breadcrumb\":{\"@id\":\"https:\/\/www.sefal.it\/product\/connettore-rapido-per-morsetterie\/#breadcrumb\"},\"inLanguage\":\"de\",\"potentialAction\":[{\"@type\":\"ReadAction\",\"target\":[\"https:\/\/www.sefal.it\/product\/connettore-rapido-per-morsetterie\/\"]}]},{\"@type\":\"ImageObject\",\"inLanguage\":\"de\",\"@id\":\"https:\/\/www.sefal.it\/product\/connettore-rapido-per-morsetterie\/#primaryimage\",\"url\":\"https:\/\/www.sefal.it\/wp-content\/uploads\/2014\/07\/topplug-sefal-production.jpg\",\"contentUrl\":\"https:\/\/www.sefal.it\/wp-content\/uploads\/2014\/07\/topplug-sefal-production.jpg\",\"width\":500,\"height\":500},{\"@type\":\"BreadcrumbList\",\"@id\":\"https:\/\/www.sefal.it\/product\/connettore-rapido-per-morsetterie\/#breadcrumb\",\"itemListElement\":[{\"@type\":\"ListItem\",\"position\":1,\"name\":\"Start\",\"item\":\"https:\/\/www.sefal.it\/de\/\"},{\"@type\":\"ListItem\",\"position\":2,\"name\":\"Prodotti\",\"item\":\"https:\/\/www.sefal.it\/prodotti-2\/\"},{\"@type\":\"ListItem\",\"position\":3,\"name\":\"Schnellverbindungsst\u00fcck f\u00fcr Klemmleisten.\"}]},{\"@type\":\"WebSite\",\"@id\":\"https:\/\/www.sefal.it\/#website\",\"url\":\"https:\/\/www.sefal.it\/\",\"name\":\"Sefal Production S.r.l. - Produzione Morsettiere\",\"description\":\"Terminal Blocks production Italy, Asynchronous electric motor, Top Plug for electric motor\",\"potentialAction\":[{\"@type\":\"SearchAction\",\"target\":{\"@type\":\"EntryPoint\",\"urlTemplate\":\"https:\/\/www.sefal.it\/?s={search_term_string}\"},\"query-input\":{\"@type\":\"PropertyValueSpecification\",\"valueRequired\":true,\"valueName\":\"search_term_string\"}}],\"inLanguage\":\"de\"}]}<\/script>\n<!-- \/ Yoast SEO plugin. -->","yoast_head_json":{"title":"Schnellverbindungsst\u00fcck f\u00fcr Klemmleisten. - Sefal Production S.r.l. - Produzione Morsettiere","description":"Terminal Blocks production Italy, Asynchronous electric motor, Top Plug for electric motor Schnellverbindungsst\u00fcck f\u00fcr Klemmleisten von asynchronen elektrischen drei- und einphasigen Motoren zur Anwendung in den Klassen F oder H (nach IEC34-1)","robots":{"index":"index","follow":"follow","max-snippet":"max-snippet:-1","max-image-preview":"max-image-preview:large","max-video-preview":"max-video-preview:-1"},"canonical":"https:\/\/www.sefal.it\/product\/connettore-rapido-per-morsetterie\/","og_locale":"de_DE","og_type":"article","og_title":"Schnellverbindungsst\u00fcck f\u00fcr Klemmleisten. - Sefal Production S.r.l. - Produzione Morsettiere","og_description":"Terminal Blocks production Italy, Asynchronous electric motor, Top Plug for electric motor Schnellverbindungsst\u00fcck f\u00fcr Klemmleisten von asynchronen elektrischen drei- und einphasigen Motoren zur Anwendung in den Klassen F oder H (nach IEC34-1)","og_url":"https:\/\/www.sefal.it\/product\/connettore-rapido-per-morsetterie\/","og_site_name":"Sefal Production S.r.l. - Produzione Morsettiere","article_modified_time":"2024-02-29T08:33:27+00:00","og_image":[{"width":500,"height":500,"url":"https:\/\/www.sefal.it\/wp-content\/uploads\/2014\/07\/topplug-sefal-production.jpg","type":"image\/jpeg"}],"twitter_misc":{"Gesch\u00e4tzte Lesezeit":"1\u00a0Minute"},"schema":{"@context":"https:\/\/schema.org","@graph":[{"@type":"WebPage","@id":"https:\/\/www.sefal.it\/product\/connettore-rapido-per-morsetterie\/","url":"https:\/\/www.sefal.it\/product\/connettore-rapido-per-morsetterie\/","name":"Schnellverbindungsst\u00fcck f\u00fcr Klemmleisten. - Sefal Production S.r.l. - Produzione Morsettiere","isPartOf":{"@id":"https:\/\/www.sefal.it\/#website"},"primaryImageOfPage":{"@id":"https:\/\/www.sefal.it\/product\/connettore-rapido-per-morsetterie\/#primaryimage"},"image":{"@id":"https:\/\/www.sefal.it\/product\/connettore-rapido-per-morsetterie\/#primaryimage"},"thumbnailUrl":"https:\/\/www.sefal.it\/wp-content\/uploads\/2014\/07\/topplug-sefal-production.jpg","datePublished":"2014-07-11T08:48:44+00:00","dateModified":"2024-02-29T08:33:27+00:00","description":"Terminal Blocks production Italy, Asynchronous electric motor, Top Plug for electric motor Schnellverbindungsst\u00fcck f\u00fcr Klemmleisten von asynchronen elektrischen drei- und einphasigen Motoren zur Anwendung in den Klassen F oder H (nach IEC34-1)","breadcrumb":{"@id":"https:\/\/www.sefal.it\/product\/connettore-rapido-per-morsetterie\/#breadcrumb"},"inLanguage":"de","potentialAction":[{"@type":"ReadAction","target":["https:\/\/www.sefal.it\/product\/connettore-rapido-per-morsetterie\/"]}]},{"@type":"ImageObject","inLanguage":"de","@id":"https:\/\/www.sefal.it\/product\/connettore-rapido-per-morsetterie\/#primaryimage","url":"https:\/\/www.sefal.it\/wp-content\/uploads\/2014\/07\/topplug-sefal-production.jpg","contentUrl":"https:\/\/www.sefal.it\/wp-content\/uploads\/2014\/07\/topplug-sefal-production.jpg","width":500,"height":500},{"@type":"BreadcrumbList","@id":"https:\/\/www.sefal.it\/product\/connettore-rapido-per-morsetterie\/#breadcrumb","itemListElement":[{"@type":"ListItem","position":1,"name":"Start","item":"https:\/\/www.sefal.it\/de\/"},{"@type":"ListItem","position":2,"name":"Prodotti","item":"https:\/\/www.sefal.it\/prodotti-2\/"},{"@type":"ListItem","position":3,"name":"Schnellverbindungsst\u00fcck f\u00fcr Klemmleisten."}]},{"@type":"WebSite","@id":"https:\/\/www.sefal.it\/#website","url":"https:\/\/www.sefal.it\/","name":"Sefal Production S.r.l. - Produzione Morsettiere","description":"Terminal Blocks production Italy, Asynchronous electric motor, Top Plug for electric motor","potentialAction":[{"@type":"SearchAction","target":{"@type":"EntryPoint","urlTemplate":"https:\/\/www.sefal.it\/?s={search_term_string}"},"query-input":{"@type":"PropertyValueSpecification","valueRequired":true,"valueName":"search_term_string"}}],"inLanguage":"de"}]}},"_links":{"self":[{"href":"https:\/\/www.sefal.it\/de\/wp-json\/wp\/v2\/product\/471","targetHints":{"allow":["GET"]}}],"collection":[{"href":"https:\/\/www.sefal.it\/de\/wp-json\/wp\/v2\/product"}],"about":[{"href":"https:\/\/www.sefal.it\/de\/wp-json\/wp\/v2\/types\/product"}],"replies":[{"embeddable":true,"href":"https:\/\/www.sefal.it\/de\/wp-json\/wp\/v2\/comments?post=471"}],"wp:featuredmedia":[{"embeddable":true,"href":"https:\/\/www.sefal.it\/de\/wp-json\/wp\/v2\/media\/1895"}],"wp:attachment":[{"href":"https:\/\/www.sefal.it\/de\/wp-json\/wp\/v2\/media?parent=471"}],"wp:term":[{"taxonomy":"product_brand","embeddable":true,"href":"https:\/\/www.sefal.it\/de\/wp-json\/wp\/v2\/product_brand?post=471"},{"taxonomy":"product_cat","embeddable":true,"href":"https:\/\/www.sefal.it\/de\/wp-json\/wp\/v2\/product_cat?post=471"},{"taxonomy":"product_tag","embeddable":true,"href":"https:\/\/www.sefal.it\/de\/wp-json\/wp\/v2\/product_tag?post=471"}],"curies":[{"name":"wp","href":"https:\/\/api.w.org\/{rel}","templated":true}]}}