{"id":232,"date":"2014-06-06T10:51:35","date_gmt":"2014-06-06T08:51:35","guid":{"rendered":"http:\/\/www.sefal.it\/corredo-a-richiesta-2\/"},"modified":"2024-02-28T15:55:10","modified_gmt":"2024-02-28T14:55:10","slug":"corredo-a-richiesta","status":"publish","type":"page","link":"https:\/\/www.sefal.it\/de\/corredo-a-richiesta\/","title":{"rendered":"Zubeh\u00f6r auf Anfrage"},"content":{"rendered":"[vc_row type=&#8220;in_container&#8220; full_screen_row_position=&#8220;middle&#8220; column_margin=&#8220;default&#8220; column_direction=&#8220;default&#8220; column_direction_tablet=&#8220;default&#8220; column_direction_phone=&#8220;default&#8220; scene_position=&#8220;center&#8220; top_padding=&#8220;3%&#8220; text_color=&#8220;dark&#8220; text_align=&#8220;left&#8220; row_border_radius=&#8220;none&#8220; row_border_radius_applies=&#8220;bg&#8220; overflow=&#8220;visible&#8220; overlay_strength=&#8220;0.3&#8243; gradient_direction=&#8220;left_to_right&#8220; shape_divider_position=&#8220;bottom&#8220; bg_image_animation=&#8220;none&#8220; gradient_type=&#8220;default&#8220; shape_type=&#8220;&#8220;][vc_column column_padding=&#8220;no-extra-padding&#8220; column_padding_tablet=&#8220;inherit&#8220; column_padding_phone=&#8220;inherit&#8220; column_padding_position=&#8220;all&#8220; column_element_direction_desktop=&#8220;default&#8220; column_element_spacing=&#8220;default&#8220; desktop_text_alignment=&#8220;default&#8220; tablet_text_alignment=&#8220;default&#8220; phone_text_alignment=&#8220;default&#8220; background_color_opacity=&#8220;1&#8243; background_hover_color_opacity=&#8220;1&#8243; column_backdrop_filter=&#8220;none&#8220; column_shadow=&#8220;none&#8220; column_border_radius=&#8220;none&#8220; column_link_target=&#8220;_self&#8220; column_position=&#8220;default&#8220; gradient_direction=&#8220;left_to_right&#8220; overlay_strength=&#8220;0.3&#8243; width=&#8220;2\/3&#8243; tablet_width_inherit=&#8220;default&#8220; animation_type=&#8220;default&#8220; bg_image_animation=&#8220;none&#8220; border_type=&#8220;simple&#8220; column_border_width=&#8220;none&#8220; column_border_style=&#8220;solid&#8220;][vc_row_inner column_margin=&#8220;default&#8220; column_direction=&#8220;default&#8220; column_direction_tablet=&#8220;default&#8220; column_direction_phone=&#8220;default&#8220; text_align=&#8220;left&#8220; row_position=&#8220;default&#8220; row_position_tablet=&#8220;inherit&#8220; row_position_phone=&#8220;inherit&#8220; overflow=&#8220;visible&#8220; pointer_events=&#8220;all&#8220;][vc_column_inner column_padding=&#8220;no-extra-padding&#8220; column_padding_tablet=&#8220;inherit&#8220; column_padding_phone=&#8220;inherit&#8220; column_padding_position=&#8220;all&#8220; column_element_direction_desktop=&#8220;default&#8220; column_element_spacing=&#8220;default&#8220; desktop_text_alignment=&#8220;default&#8220; tablet_text_alignment=&#8220;default&#8220; phone_text_alignment=&#8220;default&#8220; background_color_opacity=&#8220;1&#8243; background_hover_color_opacity=&#8220;1&#8243; column_backdrop_filter=&#8220;none&#8220; column_shadow=&#8220;none&#8220; column_border_radius=&#8220;none&#8220; column_link_target=&#8220;_self&#8220; overflow=&#8220;visible&#8220; gradient_direction=&#8220;left_to_right&#8220; overlay_strength=&#8220;0.3&#8243; width=&#8220;2\/3&#8243; tablet_width_inherit=&#8220;default&#8220; animation_type=&#8220;default&#8220; bg_image_animation=&#8220;none&#8220; border_type=&#8220;simple&#8220; column_border_width=&#8220;none&#8220; column_border_style=&#8220;solid&#8220;][vc_column_text text_direction=&#8220;default&#8220;]Kleinteile k\u00f6nnen je nach Kundenbedarf in Messingausf\u00fchrung oder in verzinktem Eisen geliefert werden.<\/p>\n<p>In allen F\u00e4llen kann das Zubeh\u00f6r in einer einzigen Packung oder in Einzelverpackungen geliefert werden.<\/p>\n<p>Alle Anfragen, die nicht im Sortiment enthaltene Klemmleisten betreffen, werden von unserem Projektb\u00fcro fallweise gepr\u00fcft.[\/vc_column_text][\/vc_column_inner][vc_column_inner column_padding=&#8220;no-extra-padding&#8220; column_padding_tablet=&#8220;inherit&#8220; column_padding_phone=&#8220;inherit&#8220; column_padding_position=&#8220;all&#8220; column_element_direction_desktop=&#8220;default&#8220; column_element_spacing=&#8220;default&#8220; desktop_text_alignment=&#8220;default&#8220; tablet_text_alignment=&#8220;default&#8220; phone_text_alignment=&#8220;default&#8220; background_color_opacity=&#8220;1&#8243; background_hover_color_opacity=&#8220;1&#8243; column_backdrop_filter=&#8220;none&#8220; column_shadow=&#8220;none&#8220; column_border_radius=&#8220;none&#8220; column_link_target=&#8220;_self&#8220; overflow=&#8220;visible&#8220; gradient_direction=&#8220;left_to_right&#8220; overlay_strength=&#8220;0.3&#8243; width=&#8220;1\/3&#8243; tablet_width_inherit=&#8220;default&#8220; animation_type=&#8220;default&#8220; bg_image_animation=&#8220;none&#8220; border_type=&#8220;simple&#8220; column_border_width=&#8220;none&#8220; column_border_style=&#8220;solid&#8220;][image_with_animation image_url=&#8220;94&#8243; image_size=&#8220;full&#8220; animation_type=&#8220;entrance&#8220; animation=&#8220;None&#8220; animation_movement_type=&#8220;transform_y&#8220; hover_animation=&#8220;none&#8220; alignment=&#8220;&#8220; border_radius=&#8220;none&#8220; box_shadow=&#8220;none&#8220; image_loading=&#8220;default&#8220; max_width=&#8220;100%&#8220; max_width_mobile=&#8220;default&#8220;][\/vc_column_inner][\/vc_row_inner][divider line_type=&#8220;No Line&#8220; custom_height=&#8220;30&#8243;][nectar_woo_products product_type=&#8220;all&#8220; category=&#8220;klemmleisten&#8220; columns=&#8220;4&#8243; flickity_mobile_column_width=&#8220;100%&#8220; orderby=&#8220;date&#8220; order=&#8220;DESC&#8220; carousel=&#8220;1&#8243; script=&#8220;flickity&#8220; flickity_wrap=&#8220;no-wrap&#8220; flickity_overflow=&#8220;hidden&#8220; flickity_controls=&#8220;arrows-and-text&#8220; flickity_group_cells=&#8220;default&#8220; flickity_item_animation=&#8220;none&#8220; flickity_heading_tag=&#8220;h2&#8243; item_shadow=&#8220;1&#8243; carousel_script=&#8220;flickity&#8220; per_page=&#8220;8&#8243;][\/vc_column][vc_column column_padding=&#8220;padding-3-percent&#8220; column_padding_tablet=&#8220;inherit&#8220; column_padding_phone=&#8220;inherit&#8220; column_padding_position=&#8220;all&#8220; column_element_direction_desktop=&#8220;default&#8220; column_element_spacing=&#8220;default&#8220; desktop_text_alignment=&#8220;default&#8220; tablet_text_alignment=&#8220;default&#8220; phone_text_alignment=&#8220;default&#8220; background_color_opacity=&#8220;1&#8243; background_hover_color_opacity=&#8220;1&#8243; column_backdrop_filter=&#8220;none&#8220; column_shadow=&#8220;none&#8220; column_border_radius=&#8220;none&#8220; column_link_target=&#8220;_self&#8220; column_position=&#8220;default&#8220; gradient_direction=&#8220;left_to_right&#8220; overlay_strength=&#8220;0.3&#8243; width=&#8220;1\/3&#8243; tablet_width_inherit=&#8220;default&#8220; animation_type=&#8220;default&#8220; bg_image_animation=&#8220;none&#8220; border_type=&#8220;simple&#8220; column_border_width=&#8220;none&#8220; column_border_style=&#8220;solid&#8220; column_padding_type=&#8220;default&#8220; gradient_type=&#8220;default&#8220;][vc_widget_sidebar sidebar_id=&#8220;page-sidebar&#8220;][\/vc_column][\/vc_row]\n","protected":false},"excerpt":{"rendered":"<p>[vc_row type=&#8220;in_container&#8220; full_screen_row_position=&#8220;middle&#8220; column_margin=&#8220;default&#8220; column_direction=&#8220;default&#8220; column_direction_tablet=&#8220;default&#8220; column_direction_phone=&#8220;default&#8220; scene_position=&#8220;center&#8220; top_padding=&#8220;3%&#8220; text_color=&#8220;dark&#8220; text_align=&#8220;left&#8220; row_border_radius=&#8220;none&#8220; row_border_radius_applies=&#8220;bg&#8220; overflow=&#8220;visible&#8220; overlay_strength=&#8220;0.3&#8243; gradient_direction=&#8220;left_to_right&#8220; shape_divider_position=&#8220;bottom&#8220; bg_image_animation=&#8220;none&#8220; gradient_type=&#8220;default&#8220; shape_type=&#8220;&#8220;][vc_column column_padding=&#8220;no-extra-padding&#8220; column_padding_tablet=&#8220;inherit&#8220; column_padding_phone=&#8220;inherit&#8220; column_padding_position=&#8220;all&#8220; column_element_direction_desktop=&#8220;default&#8220; column_element_spacing=&#8220;default&#8220; desktop_text_alignment=&#8220;default&#8220; tablet_text_alignment=&#8220;default&#8220; phone_text_alignment=&#8220;default&#8220; background_color_opacity=&#8220;1&#8243;&#8230;<\/p>\n","protected":false},"author":1,"featured_media":0,"parent":0,"menu_order":0,"comment_status":"open","ping_status":"open","template":"","meta":{"footnotes":""},"class_list":["post-232","page","type-page","status-publish"],"yoast_head":"<!-- This site is optimized with the Yoast SEO plugin v27.1.1 - https:\/\/yoast.com\/product\/yoast-seo-wordpress\/ -->\n<title>Zubeh\u00f6r auf Anfrage - Sefal Production S.r.l. - Produzione Morsettiere<\/title>\n<meta name=\"description\" content=\"Terminal Blocks production Italy, Asynchronous electric motor, Top Plug for electric motor Kleinteile k\u00f6nnen je nach Kundenbedarf in Messingausf\u00fchrung oder in verzinktem Eisen geliefert werden. In allen F\u00e4llen kann das Zubeh\u00f6r in einer einzigen\" \/>\n<meta name=\"robots\" content=\"index, follow, max-snippet:-1, max-image-preview:large, max-video-preview:-1\" \/>\n<link rel=\"canonical\" href=\"https:\/\/www.sefal.it\/corredo-a-richiesta\/\" \/>\n<meta property=\"og:locale\" content=\"de_DE\" \/>\n<meta property=\"og:type\" content=\"article\" \/>\n<meta property=\"og:title\" content=\"Zubeh\u00f6r auf Anfrage - Sefal Production S.r.l. - Produzione Morsettiere\" \/>\n<meta property=\"og:description\" content=\"Terminal Blocks production Italy, Asynchronous electric motor, Top Plug for electric motor Kleinteile k\u00f6nnen je nach Kundenbedarf in Messingausf\u00fchrung oder in verzinktem Eisen geliefert werden. In allen F\u00e4llen kann das Zubeh\u00f6r in einer einzigen\" \/>\n<meta property=\"og:url\" content=\"https:\/\/www.sefal.it\/corredo-a-richiesta\/\" \/>\n<meta property=\"og:site_name\" content=\"Sefal Production S.r.l. - Produzione Morsettiere\" \/>\n<meta property=\"article:modified_time\" content=\"2024-02-28T14:55:10+00:00\" \/>\n<meta name=\"twitter:label1\" content=\"Gesch\u00e4tzte Lesezeit\" \/>\n\t<meta name=\"twitter:data1\" content=\"3\u00a0Minuten\" \/>\n<script type=\"application\/ld+json\" class=\"yoast-schema-graph\">{\"@context\":\"https:\/\/schema.org\",\"@graph\":[{\"@type\":\"WebPage\",\"@id\":\"https:\/\/www.sefal.it\/corredo-a-richiesta\/\",\"url\":\"https:\/\/www.sefal.it\/corredo-a-richiesta\/\",\"name\":\"Zubeh\u00f6r auf Anfrage - Sefal Production S.r.l. - Produzione Morsettiere\",\"isPartOf\":{\"@id\":\"https:\/\/www.sefal.it\/#website\"},\"datePublished\":\"2014-06-06T08:51:35+00:00\",\"dateModified\":\"2024-02-28T14:55:10+00:00\",\"description\":\"Terminal Blocks production Italy, Asynchronous electric motor, Top Plug for electric motor Kleinteile k\u00f6nnen je nach Kundenbedarf in Messingausf\u00fchrung oder in verzinktem Eisen geliefert werden. In allen F\u00e4llen kann das Zubeh\u00f6r in einer einzigen\",\"breadcrumb\":{\"@id\":\"https:\/\/www.sefal.it\/corredo-a-richiesta\/#breadcrumb\"},\"inLanguage\":\"de\",\"potentialAction\":[{\"@type\":\"ReadAction\",\"target\":[\"https:\/\/www.sefal.it\/corredo-a-richiesta\/\"]}]},{\"@type\":\"BreadcrumbList\",\"@id\":\"https:\/\/www.sefal.it\/corredo-a-richiesta\/#breadcrumb\",\"itemListElement\":[{\"@type\":\"ListItem\",\"position\":1,\"name\":\"Start\",\"item\":\"https:\/\/www.sefal.it\/de\/\"},{\"@type\":\"ListItem\",\"position\":2,\"name\":\"Zubeh\u00f6r auf Anfrage\"}]},{\"@type\":\"WebSite\",\"@id\":\"https:\/\/www.sefal.it\/#website\",\"url\":\"https:\/\/www.sefal.it\/\",\"name\":\"Sefal Production S.r.l. - Produzione Morsettiere\",\"description\":\"Terminal Blocks production Italy, Asynchronous electric motor, Top Plug for electric motor\",\"potentialAction\":[{\"@type\":\"SearchAction\",\"target\":{\"@type\":\"EntryPoint\",\"urlTemplate\":\"https:\/\/www.sefal.it\/?s={search_term_string}\"},\"query-input\":{\"@type\":\"PropertyValueSpecification\",\"valueRequired\":true,\"valueName\":\"search_term_string\"}}],\"inLanguage\":\"de\"}]}<\/script>\n<!-- \/ Yoast SEO plugin. -->","yoast_head_json":{"title":"Zubeh\u00f6r auf Anfrage - Sefal Production S.r.l. - Produzione Morsettiere","description":"Terminal Blocks production Italy, Asynchronous electric motor, Top Plug for electric motor Kleinteile k\u00f6nnen je nach Kundenbedarf in Messingausf\u00fchrung oder in verzinktem Eisen geliefert werden. In allen F\u00e4llen kann das Zubeh\u00f6r in einer einzigen","robots":{"index":"index","follow":"follow","max-snippet":"max-snippet:-1","max-image-preview":"max-image-preview:large","max-video-preview":"max-video-preview:-1"},"canonical":"https:\/\/www.sefal.it\/corredo-a-richiesta\/","og_locale":"de_DE","og_type":"article","og_title":"Zubeh\u00f6r auf Anfrage - Sefal Production S.r.l. - Produzione Morsettiere","og_description":"Terminal Blocks production Italy, Asynchronous electric motor, Top Plug for electric motor Kleinteile k\u00f6nnen je nach Kundenbedarf in Messingausf\u00fchrung oder in verzinktem Eisen geliefert werden. In allen F\u00e4llen kann das Zubeh\u00f6r in einer einzigen","og_url":"https:\/\/www.sefal.it\/corredo-a-richiesta\/","og_site_name":"Sefal Production S.r.l. - Produzione Morsettiere","article_modified_time":"2024-02-28T14:55:10+00:00","twitter_misc":{"Gesch\u00e4tzte Lesezeit":"3\u00a0Minuten"},"schema":{"@context":"https:\/\/schema.org","@graph":[{"@type":"WebPage","@id":"https:\/\/www.sefal.it\/corredo-a-richiesta\/","url":"https:\/\/www.sefal.it\/corredo-a-richiesta\/","name":"Zubeh\u00f6r auf Anfrage - Sefal Production S.r.l. - Produzione Morsettiere","isPartOf":{"@id":"https:\/\/www.sefal.it\/#website"},"datePublished":"2014-06-06T08:51:35+00:00","dateModified":"2024-02-28T14:55:10+00:00","description":"Terminal Blocks production Italy, Asynchronous electric motor, Top Plug for electric motor Kleinteile k\u00f6nnen je nach Kundenbedarf in Messingausf\u00fchrung oder in verzinktem Eisen geliefert werden. In allen F\u00e4llen kann das Zubeh\u00f6r in einer einzigen","breadcrumb":{"@id":"https:\/\/www.sefal.it\/corredo-a-richiesta\/#breadcrumb"},"inLanguage":"de","potentialAction":[{"@type":"ReadAction","target":["https:\/\/www.sefal.it\/corredo-a-richiesta\/"]}]},{"@type":"BreadcrumbList","@id":"https:\/\/www.sefal.it\/corredo-a-richiesta\/#breadcrumb","itemListElement":[{"@type":"ListItem","position":1,"name":"Start","item":"https:\/\/www.sefal.it\/de\/"},{"@type":"ListItem","position":2,"name":"Zubeh\u00f6r auf Anfrage"}]},{"@type":"WebSite","@id":"https:\/\/www.sefal.it\/#website","url":"https:\/\/www.sefal.it\/","name":"Sefal Production S.r.l. - Produzione Morsettiere","description":"Terminal Blocks production Italy, Asynchronous electric motor, Top Plug for electric motor","potentialAction":[{"@type":"SearchAction","target":{"@type":"EntryPoint","urlTemplate":"https:\/\/www.sefal.it\/?s={search_term_string}"},"query-input":{"@type":"PropertyValueSpecification","valueRequired":true,"valueName":"search_term_string"}}],"inLanguage":"de"}]}},"_links":{"self":[{"href":"https:\/\/www.sefal.it\/de\/wp-json\/wp\/v2\/pages\/232","targetHints":{"allow":["GET"]}}],"collection":[{"href":"https:\/\/www.sefal.it\/de\/wp-json\/wp\/v2\/pages"}],"about":[{"href":"https:\/\/www.sefal.it\/de\/wp-json\/wp\/v2\/types\/page"}],"author":[{"embeddable":true,"href":"https:\/\/www.sefal.it\/de\/wp-json\/wp\/v2\/users\/1"}],"replies":[{"embeddable":true,"href":"https:\/\/www.sefal.it\/de\/wp-json\/wp\/v2\/comments?post=232"}],"version-history":[{"count":3,"href":"https:\/\/www.sefal.it\/de\/wp-json\/wp\/v2\/pages\/232\/revisions"}],"predecessor-version":[{"id":1807,"href":"https:\/\/www.sefal.it\/de\/wp-json\/wp\/v2\/pages\/232\/revisions\/1807"}],"wp:attachment":[{"href":"https:\/\/www.sefal.it\/de\/wp-json\/wp\/v2\/media?parent=232"}],"curies":[{"name":"wp","href":"https:\/\/api.w.org\/{rel}","templated":true}]}}