{"id":118,"date":"2014-06-06T10:50:23","date_gmt":"2014-06-06T08:50:23","guid":{"rendered":"http:\/\/www.sefal.it\/caratteristiche-tecniche-2\/"},"modified":"2024-02-28T16:36:57","modified_gmt":"2024-02-28T15:36:57","slug":"caratteristiche-tecniche","status":"publish","type":"page","link":"https:\/\/www.sefal.it\/de\/caratteristiche-tecniche\/","title":{"rendered":"Technische Merkmale"},"content":{"rendered":"[vc_row type=&#8220;in_container&#8220; full_screen_row_position=&#8220;middle&#8220; column_margin=&#8220;default&#8220; column_direction=&#8220;default&#8220; column_direction_tablet=&#8220;default&#8220; column_direction_phone=&#8220;default&#8220; scene_position=&#8220;center&#8220; top_padding=&#8220;3%&#8220; text_color=&#8220;dark&#8220; text_align=&#8220;left&#8220; row_border_radius=&#8220;none&#8220; row_border_radius_applies=&#8220;bg&#8220; overflow=&#8220;visible&#8220; overlay_strength=&#8220;0.3&#8243; gradient_direction=&#8220;left_to_right&#8220; shape_divider_position=&#8220;bottom&#8220; bg_image_animation=&#8220;none&#8220; gradient_type=&#8220;default&#8220; shape_type=&#8220;&#8220;][vc_column column_padding=&#8220;no-extra-padding&#8220; column_padding_tablet=&#8220;inherit&#8220; column_padding_phone=&#8220;inherit&#8220; column_padding_position=&#8220;all&#8220; column_element_direction_desktop=&#8220;default&#8220; column_element_spacing=&#8220;default&#8220; desktop_text_alignment=&#8220;default&#8220; tablet_text_alignment=&#8220;default&#8220; phone_text_alignment=&#8220;default&#8220; background_color_opacity=&#8220;1&#8243; background_hover_color_opacity=&#8220;1&#8243; column_backdrop_filter=&#8220;none&#8220; column_shadow=&#8220;none&#8220; column_border_radius=&#8220;none&#8220; column_link_target=&#8220;_self&#8220; column_position=&#8220;default&#8220; gradient_direction=&#8220;left_to_right&#8220; overlay_strength=&#8220;0.3&#8243; width=&#8220;2\/3&#8243; tablet_width_inherit=&#8220;default&#8220; animation_type=&#8220;default&#8220; bg_image_animation=&#8220;none&#8220; border_type=&#8220;simple&#8220; column_border_width=&#8220;none&#8220; column_border_style=&#8220;solid&#8220;][vc_column_text text_direction=&#8220;default&#8220;]Alle Klemmleisten entsprechen pr\u00e4zisen funktionalen und sicherheitstechnischen Requisiten:<\/p>\n<ul>\n<li>Die gepressten oder gedrehten Gewindestifte haben eine stumpfe kegelf\u00f6rmige Gewindebasis mit kreuzf\u00f6rmigem Schraubenschlitz, um eine versehentliche Drehung oder Achsverschiebung und L\u00f6sung aus der Klemmleiste zu verhindern.<\/li>\n<li>Die Form des Schraubensitzes ist f\u00fcr die Verwendung von automatischen Schraubenziehern konzipiert.<\/li>\n<li>Alle Klemmleisten sind problemlos mit den im Handel g\u00e4ngigen Versionen auswechselbar; durch den 15 mm langen Stift k\u00f6nnen die Leisten gruppenweise getestet werden. Die Klemmleisten k\u00f6nnen je nach Gebrauch und Einsatzart sowohl mit 12 mm als auch mit 15 mm langen Stiften geliefert werden.<\/li>\n<li>Die Klemmleisten erf\u00fcllen die Requisiten der Norm UL1004 &#8222;Electric Motors&#8220; f\u00fcr \u2264600 Volt Spannungen. Eine Rotation der Kabelschuhe im eigenen Sitz (typische Folgeerscheinung der Motorvibrationen, die zur Lockerung der Muttern f\u00fchrt), die einen Reibungskontakt zwischen den Klemmen oder den W\u00e4nden des Klemmenkastens verursachen kann, wird dadurch verhindert. Es k\u00f6nnen normale oder auch bereits isolierte Kabelschuhe verwendet werden.<\/li>\n<li>Individuelle Laserkennzeichnung: die neueste Laserdrucktechnik erm\u00f6glicht eine Kennzeichnung der Klemmleisten nach Kundenvorgabe.<\/li>\n<\/ul>\n[\/vc_column_text][divider line_type=&#8220;No Line&#8220; custom_height=&#8220;30&#8243;][nectar_woo_products product_type=&#8220;all&#8220; category=&#8220;morsettiere&#8220; columns=&#8220;4&#8243; flickity_mobile_column_width=&#8220;100%&#8220; orderby=&#8220;date&#8220; order=&#8220;DESC&#8220; carousel=&#8220;1&#8243; script=&#8220;flickity&#8220; flickity_wrap=&#8220;no-wrap&#8220; flickity_overflow=&#8220;hidden&#8220; flickity_controls=&#8220;arrows-and-text&#8220; flickity_group_cells=&#8220;default&#8220; flickity_item_animation=&#8220;none&#8220; flickity_heading_tag=&#8220;h2&#8243; item_shadow=&#8220;1&#8243; carousel_script=&#8220;flickity&#8220; per_page=&#8220;8&#8243;][\/vc_column][vc_column column_padding=&#8220;padding-3-percent&#8220; column_padding_tablet=&#8220;inherit&#8220; column_padding_phone=&#8220;inherit&#8220; column_padding_position=&#8220;all&#8220; column_element_direction_desktop=&#8220;default&#8220; column_element_spacing=&#8220;default&#8220; desktop_text_alignment=&#8220;default&#8220; tablet_text_alignment=&#8220;default&#8220; phone_text_alignment=&#8220;default&#8220; background_color_opacity=&#8220;1&#8243; background_hover_color_opacity=&#8220;1&#8243; column_backdrop_filter=&#8220;none&#8220; column_shadow=&#8220;none&#8220; column_border_radius=&#8220;none&#8220; column_link_target=&#8220;_self&#8220; column_position=&#8220;default&#8220; gradient_direction=&#8220;left_to_right&#8220; overlay_strength=&#8220;0.3&#8243; width=&#8220;1\/3&#8243; tablet_width_inherit=&#8220;default&#8220; animation_type=&#8220;default&#8220; bg_image_animation=&#8220;none&#8220; border_type=&#8220;simple&#8220; column_border_width=&#8220;none&#8220; column_border_style=&#8220;solid&#8220; column_padding_type=&#8220;default&#8220; gradient_type=&#8220;default&#8220;][vc_widget_sidebar sidebar_id=&#8220;page-sidebar&#8220;][\/vc_column][\/vc_row]\n","protected":false},"excerpt":{"rendered":"<p>[vc_row type=&#8220;in_container&#8220; full_screen_row_position=&#8220;middle&#8220; column_margin=&#8220;default&#8220; column_direction=&#8220;default&#8220; column_direction_tablet=&#8220;default&#8220; column_direction_phone=&#8220;default&#8220; scene_position=&#8220;center&#8220; top_padding=&#8220;3%&#8220; text_color=&#8220;dark&#8220; text_align=&#8220;left&#8220; row_border_radius=&#8220;none&#8220; row_border_radius_applies=&#8220;bg&#8220; overflow=&#8220;visible&#8220; overlay_strength=&#8220;0.3&#8243; gradient_direction=&#8220;left_to_right&#8220; shape_divider_position=&#8220;bottom&#8220; bg_image_animation=&#8220;none&#8220; gradient_type=&#8220;default&#8220; shape_type=&#8220;&#8220;][vc_column column_padding=&#8220;no-extra-padding&#8220; column_padding_tablet=&#8220;inherit&#8220; column_padding_phone=&#8220;inherit&#8220; column_padding_position=&#8220;all&#8220; column_element_direction_desktop=&#8220;default&#8220; column_element_spacing=&#8220;default&#8220; desktop_text_alignment=&#8220;default&#8220; tablet_text_alignment=&#8220;default&#8220; phone_text_alignment=&#8220;default&#8220; background_color_opacity=&#8220;1&#8243;&#8230;<\/p>\n","protected":false},"author":1,"featured_media":0,"parent":0,"menu_order":0,"comment_status":"open","ping_status":"open","template":"","meta":{"footnotes":""},"class_list":["post-118","page","type-page","status-publish"],"yoast_head":"<!-- This site is optimized with the Yoast SEO plugin v27.1.1 - https:\/\/yoast.com\/product\/yoast-seo-wordpress\/ -->\n<title>Technische Merkmale - Sefal Production S.r.l. - Produzione Morsettiere<\/title>\n<meta name=\"description\" content=\"Terminal Blocks production Italy, Asynchronous electric motor, Top Plug for electric motor Alle Klemmleisten entsprechen pr\u00e4zisen funktionalen und sicherheitstechnischen Requisiten: Die gepressten oder gedrehten Gewindestifte haben eine stumpfe\" \/>\n<meta name=\"robots\" content=\"index, follow, max-snippet:-1, max-image-preview:large, max-video-preview:-1\" \/>\n<link rel=\"canonical\" href=\"https:\/\/www.sefal.it\/caratteristiche-tecniche\/\" \/>\n<meta property=\"og:locale\" content=\"de_DE\" \/>\n<meta property=\"og:type\" content=\"article\" \/>\n<meta property=\"og:title\" content=\"Technische Merkmale - Sefal Production S.r.l. - Produzione Morsettiere\" \/>\n<meta property=\"og:description\" content=\"Terminal Blocks production Italy, Asynchronous electric motor, Top Plug for electric motor Alle Klemmleisten entsprechen pr\u00e4zisen funktionalen und sicherheitstechnischen Requisiten: Die gepressten oder gedrehten Gewindestifte haben eine stumpfe\" \/>\n<meta property=\"og:url\" content=\"https:\/\/www.sefal.it\/caratteristiche-tecniche\/\" \/>\n<meta property=\"og:site_name\" content=\"Sefal Production S.r.l. - Produzione Morsettiere\" \/>\n<meta property=\"article:modified_time\" content=\"2024-02-28T15:36:57+00:00\" \/>\n<meta name=\"twitter:label1\" content=\"Gesch\u00e4tzte Lesezeit\" \/>\n\t<meta name=\"twitter:data1\" content=\"3\u00a0Minuten\" \/>\n<script type=\"application\/ld+json\" class=\"yoast-schema-graph\">{\"@context\":\"https:\/\/schema.org\",\"@graph\":[{\"@type\":\"WebPage\",\"@id\":\"https:\/\/www.sefal.it\/caratteristiche-tecniche\/\",\"url\":\"https:\/\/www.sefal.it\/caratteristiche-tecniche\/\",\"name\":\"Technische Merkmale - Sefal Production S.r.l. - Produzione Morsettiere\",\"isPartOf\":{\"@id\":\"https:\/\/www.sefal.it\/#website\"},\"datePublished\":\"2014-06-06T08:50:23+00:00\",\"dateModified\":\"2024-02-28T15:36:57+00:00\",\"description\":\"Terminal Blocks production Italy, Asynchronous electric motor, Top Plug for electric motor Alle Klemmleisten entsprechen pr\u00e4zisen funktionalen und sicherheitstechnischen Requisiten: Die gepressten oder gedrehten Gewindestifte haben eine stumpfe\",\"breadcrumb\":{\"@id\":\"https:\/\/www.sefal.it\/caratteristiche-tecniche\/#breadcrumb\"},\"inLanguage\":\"de\",\"potentialAction\":[{\"@type\":\"ReadAction\",\"target\":[\"https:\/\/www.sefal.it\/caratteristiche-tecniche\/\"]}]},{\"@type\":\"BreadcrumbList\",\"@id\":\"https:\/\/www.sefal.it\/caratteristiche-tecniche\/#breadcrumb\",\"itemListElement\":[{\"@type\":\"ListItem\",\"position\":1,\"name\":\"Start\",\"item\":\"https:\/\/www.sefal.it\/de\/\"},{\"@type\":\"ListItem\",\"position\":2,\"name\":\"Technische Merkmale\"}]},{\"@type\":\"WebSite\",\"@id\":\"https:\/\/www.sefal.it\/#website\",\"url\":\"https:\/\/www.sefal.it\/\",\"name\":\"Sefal Production S.r.l. - Produzione Morsettiere\",\"description\":\"Terminal Blocks production Italy, Asynchronous electric motor, Top Plug for electric motor\",\"potentialAction\":[{\"@type\":\"SearchAction\",\"target\":{\"@type\":\"EntryPoint\",\"urlTemplate\":\"https:\/\/www.sefal.it\/?s={search_term_string}\"},\"query-input\":{\"@type\":\"PropertyValueSpecification\",\"valueRequired\":true,\"valueName\":\"search_term_string\"}}],\"inLanguage\":\"de\"}]}<\/script>\n<!-- \/ Yoast SEO plugin. -->","yoast_head_json":{"title":"Technische Merkmale - Sefal Production S.r.l. - Produzione Morsettiere","description":"Terminal Blocks production Italy, Asynchronous electric motor, Top Plug for electric motor Alle Klemmleisten entsprechen pr\u00e4zisen funktionalen und sicherheitstechnischen Requisiten: Die gepressten oder gedrehten Gewindestifte haben eine stumpfe","robots":{"index":"index","follow":"follow","max-snippet":"max-snippet:-1","max-image-preview":"max-image-preview:large","max-video-preview":"max-video-preview:-1"},"canonical":"https:\/\/www.sefal.it\/caratteristiche-tecniche\/","og_locale":"de_DE","og_type":"article","og_title":"Technische Merkmale - Sefal Production S.r.l. - Produzione Morsettiere","og_description":"Terminal Blocks production Italy, Asynchronous electric motor, Top Plug for electric motor Alle Klemmleisten entsprechen pr\u00e4zisen funktionalen und sicherheitstechnischen Requisiten: Die gepressten oder gedrehten Gewindestifte haben eine stumpfe","og_url":"https:\/\/www.sefal.it\/caratteristiche-tecniche\/","og_site_name":"Sefal Production S.r.l. - Produzione Morsettiere","article_modified_time":"2024-02-28T15:36:57+00:00","twitter_misc":{"Gesch\u00e4tzte Lesezeit":"3\u00a0Minuten"},"schema":{"@context":"https:\/\/schema.org","@graph":[{"@type":"WebPage","@id":"https:\/\/www.sefal.it\/caratteristiche-tecniche\/","url":"https:\/\/www.sefal.it\/caratteristiche-tecniche\/","name":"Technische Merkmale - Sefal Production S.r.l. - Produzione Morsettiere","isPartOf":{"@id":"https:\/\/www.sefal.it\/#website"},"datePublished":"2014-06-06T08:50:23+00:00","dateModified":"2024-02-28T15:36:57+00:00","description":"Terminal Blocks production Italy, Asynchronous electric motor, Top Plug for electric motor Alle Klemmleisten entsprechen pr\u00e4zisen funktionalen und sicherheitstechnischen Requisiten: Die gepressten oder gedrehten Gewindestifte haben eine stumpfe","breadcrumb":{"@id":"https:\/\/www.sefal.it\/caratteristiche-tecniche\/#breadcrumb"},"inLanguage":"de","potentialAction":[{"@type":"ReadAction","target":["https:\/\/www.sefal.it\/caratteristiche-tecniche\/"]}]},{"@type":"BreadcrumbList","@id":"https:\/\/www.sefal.it\/caratteristiche-tecniche\/#breadcrumb","itemListElement":[{"@type":"ListItem","position":1,"name":"Start","item":"https:\/\/www.sefal.it\/de\/"},{"@type":"ListItem","position":2,"name":"Technische Merkmale"}]},{"@type":"WebSite","@id":"https:\/\/www.sefal.it\/#website","url":"https:\/\/www.sefal.it\/","name":"Sefal Production S.r.l. - Produzione Morsettiere","description":"Terminal Blocks production Italy, Asynchronous electric motor, Top Plug for electric motor","potentialAction":[{"@type":"SearchAction","target":{"@type":"EntryPoint","urlTemplate":"https:\/\/www.sefal.it\/?s={search_term_string}"},"query-input":{"@type":"PropertyValueSpecification","valueRequired":true,"valueName":"search_term_string"}}],"inLanguage":"de"}]}},"_links":{"self":[{"href":"https:\/\/www.sefal.it\/de\/wp-json\/wp\/v2\/pages\/118","targetHints":{"allow":["GET"]}}],"collection":[{"href":"https:\/\/www.sefal.it\/de\/wp-json\/wp\/v2\/pages"}],"about":[{"href":"https:\/\/www.sefal.it\/de\/wp-json\/wp\/v2\/types\/page"}],"author":[{"embeddable":true,"href":"https:\/\/www.sefal.it\/de\/wp-json\/wp\/v2\/users\/1"}],"replies":[{"embeddable":true,"href":"https:\/\/www.sefal.it\/de\/wp-json\/wp\/v2\/comments?post=118"}],"version-history":[{"count":2,"href":"https:\/\/www.sefal.it\/de\/wp-json\/wp\/v2\/pages\/118\/revisions"}],"predecessor-version":[{"id":1853,"href":"https:\/\/www.sefal.it\/de\/wp-json\/wp\/v2\/pages\/118\/revisions\/1853"}],"wp:attachment":[{"href":"https:\/\/www.sefal.it\/de\/wp-json\/wp\/v2\/media?parent=118"}],"curies":[{"name":"wp","href":"https:\/\/api.w.org\/{rel}","templated":true}]}}